{"id":4215,"date":"2020-09-20T11:51:04","date_gmt":"2020-09-20T09:51:04","guid":{"rendered":"https:\/\/sanytol.com\/fr\/?page_id=4215"},"modified":"2023-05-17T13:38:18","modified_gmt":"2023-05-17T11:38:18","slug":"qui-sommes-nous","status":"publish","type":"page","link":"https:\/\/sanytol.be\/fr\/qui-sommes-nous\/","title":{"rendered":"Qui sommes-nous ?"},"content":{"rendered":"\t\t<div data-elementor-type=\"wp-page\" data-elementor-id=\"4215\" class=\"elementor elementor-4215\" data-elementor-post-type=\"page\">\n\t\t\t\t\t\t\t\t\t<section class=\"elementor-section elementor-top-section elementor-element elementor-element-34d8777 elementor-section-stretched gradient-bg-section header-icon elementor-section-boxed elementor-section-height-default elementor-section-height-default\" data-id=\"34d8777\" data-element_type=\"section\" data-settings=\"{&quot;stretch_section&quot;:&quot;section-stretched&quot;,&quot;background_background&quot;:&quot;classic&quot;}\">\n\t\t\t\t\t\t<div class=\"elementor-container elementor-column-gap-default\">\n\t\t\t\t\t<div class=\"elementor-column elementor-col-50 elementor-top-column elementor-element elementor-element-25c4d45\" data-id=\"25c4d45\" data-element_type=\"column\">\n\t\t\t<div class=\"elementor-widget-wrap elementor-element-populated\">\n\t\t\t\t\t\t\t\t<div class=\"elementor-element elementor-element-10cd882 elementor-widget elementor-widget-heading\" data-id=\"10cd882\" data-element_type=\"widget\" data-widget_type=\"heading.default\">\n\t\t\t\t<div class=\"elementor-widget-container\">\n\t\t\t<span class=\"elementor-heading-title elementor-size-default\">QUI SOMMES-NOUS ?<\/span>\t\t<\/div>\n\t\t\t\t<\/div>\n\t\t\t\t<div class=\"elementor-element elementor-element-c81babd elementor-widget elementor-widget-heading\" data-id=\"c81babd\" data-element_type=\"widget\" data-widget_type=\"heading.default\">\n\t\t\t\t<div class=\"elementor-widget-container\">\n\t\t\t<h1 class=\"elementor-heading-title elementor-size-default\">Sanytol, expert de la d\u00e9sinfection sans javel<\/h1>\t\t<\/div>\n\t\t\t\t<\/div>\n\t\t\t\t<div class=\"elementor-element elementor-element-ca266b7 elementor-widget elementor-widget-text-editor\" data-id=\"ca266b7\" data-element_type=\"widget\" data-widget_type=\"text-editor.default\">\n\t\t\t\t<div class=\"elementor-widget-container\">\n\t\t\t\t\t\t\t<p>Pour vous aider \u00e0 garder une maison saine et propre, SANYTOL vous accompagne depuis plus de 25 ans avec une gamme innovante de produits destin\u00e9s \u00e0 l\u2019hygi\u00e8ne de la maison, du linge et des mains.<\/p>\t\t\t\t\t\t<\/div>\n\t\t\t\t<\/div>\n\t\t\t\t<div class=\"elementor-element elementor-element-f72cd8d sello-sanytol elementor-widget elementor-widget-image\" data-id=\"f72cd8d\" data-element_type=\"widget\" data-widget_type=\"image.default\">\n\t\t\t\t<div class=\"elementor-widget-container\">\n\t\t\t\t\t\t\t\t\t\t\t\t\t\t\t<img decoding=\"async\" width=\"400\" height=\"400\" src=\"https:\/\/sanytol.be\/fr\/wp-content\/uploads\/sites\/6\/2021\/12\/plus25_be-fr_02.png\" class=\"attachment-large size-large wp-image-8522\" alt=\"\" srcset=\"https:\/\/sanytol.be\/fr\/wp-content\/uploads\/sites\/6\/2021\/12\/plus25_be-fr_02.png 400w, https:\/\/sanytol.be\/fr\/wp-content\/uploads\/sites\/6\/2021\/12\/plus25_be-fr_02-300x300.png 300w, https:\/\/sanytol.be\/fr\/wp-content\/uploads\/sites\/6\/2021\/12\/plus25_be-fr_02-150x150.png 150w, https:\/\/sanytol.be\/fr\/wp-content\/uploads\/sites\/6\/2021\/12\/plus25_be-fr_02-100x100.png 100w\" sizes=\"(max-width: 400px) 100vw, 400px\" \/>\t\t\t\t\t\t\t\t\t\t\t\t\t\t\t<\/div>\n\t\t\t\t<\/div>\n\t\t\t\t\t<\/div>\n\t\t<\/div>\n\t\t\t\t<div class=\"elementor-column elementor-col-50 elementor-top-column elementor-element elementor-element-2399c66\" data-id=\"2399c66\" data-element_type=\"column\">\n\t\t\t<div class=\"elementor-widget-wrap elementor-element-populated\">\n\t\t\t\t\t\t\t\t<div class=\"elementor-element elementor-element-46bb261 elementor-widget elementor-widget-image\" data-id=\"46bb261\" data-element_type=\"widget\" data-widget_type=\"image.default\">\n\t\t\t\t<div class=\"elementor-widget-container\">\n\t\t\t\t\t\t\t\t\t\t\t\t\t\t\t<img decoding=\"async\" width=\"542\" height=\"514\" src=\"https:\/\/sanytol.be\/fr\/wp-content\/uploads\/sites\/6\/2022\/05\/00_ilustracion_sanytol_gama.svg\" class=\"attachment-large size-large wp-image-8556\" alt=\"\" \/>\t\t\t\t\t\t\t\t\t\t\t\t\t\t\t<\/div>\n\t\t\t\t<\/div>\n\t\t\t\t\t<\/div>\n\t\t<\/div>\n\t\t\t\t\t\t\t<\/div>\n\t\t<\/section>\n\t\t\t\t<section class=\"elementor-section elementor-top-section elementor-element elementor-element-193518eb elementor-section-full_width elementor-section-stretched elementor-section-height-default elementor-section-height-default\" data-id=\"193518eb\" data-element_type=\"section\" data-settings=\"{&quot;stretch_section&quot;:&quot;section-stretched&quot;}\">\n\t\t\t\t\t\t<div class=\"elementor-container elementor-column-gap-default\">\n\t\t\t\t\t<div class=\"elementor-column elementor-col-100 elementor-top-column elementor-element elementor-element-67976253\" data-id=\"67976253\" data-element_type=\"column\">\n\t\t\t<div class=\"elementor-widget-wrap elementor-element-populated\">\n\t\t\t\t\t\t\t\t<div class=\"elementor-element elementor-element-457cfbd9 elementor-widget elementor-widget-html\" data-id=\"457cfbd9\" data-element_type=\"widget\" data-widget_type=\"html.default\">\n\t\t\t\t<div class=\"elementor-widget-container\">\n\t\t\t<div class=\"scroll-next\"><a href=\"#expertise\"><\/a><\/div>\t\t<\/div>\n\t\t\t\t<\/div>\n\t\t\t\t\t<\/div>\n\t\t<\/div>\n\t\t\t\t\t\t\t<\/div>\n\t\t<\/section>\n\t\t\t\t<section class=\"elementor-section elementor-top-section elementor-element elementor-element-64f18b9 elementor-section-boxed elementor-section-height-default elementor-section-height-default\" data-id=\"64f18b9\" data-element_type=\"section\" id=\"expertise\">\n\t\t\t\t\t\t<div class=\"elementor-container elementor-column-gap-default\">\n\t\t\t\t\t<div class=\"elementor-column elementor-col-100 elementor-top-column elementor-element elementor-element-1a6cfdf\" data-id=\"1a6cfdf\" data-element_type=\"column\">\n\t\t\t<div class=\"elementor-widget-wrap elementor-element-populated\">\n\t\t\t\t\t\t\t\t<div class=\"elementor-element elementor-element-5a5e604 elementor-widget elementor-widget-heading\" data-id=\"5a5e604\" data-element_type=\"widget\" data-widget_type=\"heading.default\">\n\t\t\t\t<div class=\"elementor-widget-container\">\n\t\t\t<h2 class=\"elementor-heading-title elementor-size-default\">L\u2019expertise au service du grand public<\/h2>\t\t<\/div>\n\t\t\t\t<\/div>\n\t\t\t\t\t<\/div>\n\t\t<\/div>\n\t\t\t\t\t\t\t<\/div>\n\t\t<\/section>\n\t\t\t\t<section class=\"elementor-section elementor-top-section elementor-element elementor-element-6bc09c7c image-left-section elementor-section-boxed elementor-section-height-default elementor-section-height-default\" data-id=\"6bc09c7c\" data-element_type=\"section\" id=\"pregnant\">\n\t\t\t\t\t\t<div class=\"elementor-container elementor-column-gap-default\">\n\t\t\t\t\t<div class=\"elementor-column elementor-col-50 elementor-top-column elementor-element elementor-element-40a9c5c\" data-id=\"40a9c5c\" data-element_type=\"column\">\n\t\t\t<div class=\"elementor-widget-wrap elementor-element-populated\">\n\t\t\t\t\t\t\t\t<div class=\"elementor-element elementor-element-201ca79 elementor-widget elementor-widget-image\" data-id=\"201ca79\" data-element_type=\"widget\" data-widget_type=\"image.default\">\n\t\t\t\t<div class=\"elementor-widget-container\">\n\t\t\t\t\t\t\t\t\t\t\t\t\t\t\t<img decoding=\"async\" width=\"768\" height=\"513\" src=\"https:\/\/sanytol.be\/fr\/wp-content\/uploads\/sites\/6\/2020\/09\/equipo_sanytol-1024x684.jpg\" class=\"attachment-large size-large wp-image-4344\" alt=\"\" srcset=\"https:\/\/sanytol.be\/fr\/wp-content\/uploads\/sites\/6\/2020\/09\/equipo_sanytol-1024x684.jpg 1024w, https:\/\/sanytol.be\/fr\/wp-content\/uploads\/sites\/6\/2020\/09\/equipo_sanytol-600x401.jpg 600w, https:\/\/sanytol.be\/fr\/wp-content\/uploads\/sites\/6\/2020\/09\/equipo_sanytol-300x200.jpg 300w, https:\/\/sanytol.be\/fr\/wp-content\/uploads\/sites\/6\/2020\/09\/equipo_sanytol-768x513.jpg 768w, https:\/\/sanytol.be\/fr\/wp-content\/uploads\/sites\/6\/2020\/09\/equipo_sanytol.jpg 1200w\" sizes=\"(max-width: 768px) 100vw, 768px\" \/>\t\t\t\t\t\t\t\t\t\t\t\t\t\t\t<\/div>\n\t\t\t\t<\/div>\n\t\t\t\t\t<\/div>\n\t\t<\/div>\n\t\t\t\t<div class=\"elementor-column elementor-col-50 elementor-top-column elementor-element elementor-element-160510fc\" data-id=\"160510fc\" data-element_type=\"column\">\n\t\t\t<div class=\"elementor-widget-wrap elementor-element-populated\">\n\t\t\t\t\t\t\t\t<div class=\"elementor-element elementor-element-1a6dec72 elementor-widget elementor-widget-text-editor\" data-id=\"1a6dec72\" data-element_type=\"widget\" data-widget_type=\"text-editor.default\">\n\t\t\t\t<div class=\"elementor-widget-container\">\n\t\t\t\t\t\t\t<p>Tout commence en 1994, lorsque la marque SANYTOL, d\u00e9velopp\u00e9e en collaboration avec des professionnels de la d\u00e9sinfection en milieu hospitalier, apparait sur le march\u00e9 avec 5 produits r\u00e9pondant aux attentes de sant\u00e9 &amp; de s\u00e9curit\u00e9 des consommateurs. Sans javel, ces produits sont une garantie pour la s\u00e9curit\u00e9 et la sant\u00e9 de toute la famille.<\/p>\t\t\t\t\t\t<\/div>\n\t\t\t\t<\/div>\n\t\t\t\t<div class=\"elementor-element elementor-element-e825fcb elementor-widget elementor-widget-text-editor\" data-id=\"e825fcb\" data-element_type=\"widget\" data-widget_type=\"text-editor.default\">\n\t\t\t\t<div class=\"elementor-widget-container\">\n\t\t\t\t\t\t\t<p>Depuis, SANYTOL n\u2019a cess\u00e9 d\u2019innover, afin de proposer des produits toujours plus performants et adapt\u00e9s aux besoins des consommateurs.<br><br>La gamme SANYTOL offre aujourd\u2019hui un large choix de solutions efficaces &amp; pratiques pour nettoyer et d\u00e9sinfecter : du d\u00e9sinfectant du linge, \u00e0 l\u2019anticalcaire salle de bain, au d\u00e9graissant cuisine ou encore au gel hydroalcoolique, vous trouverez \u00e0 coup s\u00fbr le produit adapt\u00e9 \u00e0 vos besoins, d\u2019autant que la famille ne cesse de s\u2019agrandir!<\/p>\t\t\t\t\t\t<\/div>\n\t\t\t\t<\/div>\n\t\t\t\t\t<\/div>\n\t\t<\/div>\n\t\t\t\t\t\t\t<\/div>\n\t\t<\/section>\n\t\t\t\t<section class=\"elementor-section elementor-top-section elementor-element elementor-element-32d107a elementor-section-stretched elementor-section-boxed elementor-section-height-default elementor-section-height-default\" data-id=\"32d107a\" data-element_type=\"section\" data-settings=\"{&quot;stretch_section&quot;:&quot;section-stretched&quot;,&quot;background_background&quot;:&quot;classic&quot;}\">\n\t\t\t\t\t\t<div class=\"elementor-container elementor-column-gap-default\">\n\t\t\t\t\t<div class=\"elementor-column elementor-col-66 elementor-top-column elementor-element elementor-element-15c5b43\" data-id=\"15c5b43\" data-element_type=\"column\">\n\t\t\t<div class=\"elementor-widget-wrap elementor-element-populated\">\n\t\t\t\t\t\t\t\t<div class=\"elementor-element elementor-element-4a51a11 elementor-widget elementor-widget-heading\" data-id=\"4a51a11\" data-element_type=\"widget\" data-widget_type=\"heading.default\">\n\t\t\t\t<div class=\"elementor-widget-container\">\n\t\t\t<div class=\"elementor-heading-title elementor-size-medium\">SANYTOL n\u2019a cess\u00e9 d\u2019innover, afin de proposer des produits toujours plus performants et adapt\u00e9s aux besoins des consommateurs.<\/div>\t\t<\/div>\n\t\t\t\t<\/div>\n\t\t\t\t\t<\/div>\n\t\t<\/div>\n\t\t\t\t<div class=\"elementor-column elementor-col-33 elementor-top-column elementor-element elementor-element-5a4e3b2\" data-id=\"5a4e3b2\" data-element_type=\"column\">\n\t\t\t<div class=\"elementor-widget-wrap elementor-element-populated\">\n\t\t\t\t\t\t\t\t<div class=\"elementor-element elementor-element-62b4058 elementor-widget elementor-widget-image\" data-id=\"62b4058\" data-element_type=\"widget\" data-widget_type=\"image.default\">\n\t\t\t\t<div class=\"elementor-widget-container\">\n\t\t\t\t\t\t\t\t\t\t\t\t\t\t\t<img decoding=\"async\" width=\"575\" height=\"900\" src=\"https:\/\/sanytol.be\/fr\/wp-content\/uploads\/sites\/6\/2020\/09\/mujer_cientifica02.png\" class=\"attachment-large size-large wp-image-4409\" alt=\"\" srcset=\"https:\/\/sanytol.be\/fr\/wp-content\/uploads\/sites\/6\/2020\/09\/mujer_cientifica02.png 575w, https:\/\/sanytol.be\/fr\/wp-content\/uploads\/sites\/6\/2020\/09\/mujer_cientifica02-192x300.png 192w\" sizes=\"(max-width: 575px) 100vw, 575px\" \/>\t\t\t\t\t\t\t\t\t\t\t\t\t\t\t<\/div>\n\t\t\t\t<\/div>\n\t\t\t\t\t<\/div>\n\t\t<\/div>\n\t\t\t\t\t\t\t<\/div>\n\t\t<\/section>\n\t\t\t\t\t\t\t<\/div>\n\t\t","protected":false},"excerpt":{"rendered":"<p>QUI SOMMES-NOUS ? Sanytol, expert de la d\u00e9sinfection sans javel Pour vous aider \u00e0 garder une maison saine et propre, SANYTOL vous accompagne depuis plus de 25 ans avec une gamme innovante de produits destin\u00e9s \u00e0 l\u2019hygi\u00e8ne de la maison, du linge et des mains. L\u2019expertise au service du grand public Tout commence en 1994,&hellip;<\/p>\n","protected":false},"author":1746,"featured_media":0,"parent":0,"menu_order":0,"comment_status":"closed","ping_status":"closed","template":"","meta":{"footnotes":""},"acf":[],"yoast_head":"<!-- This site is optimized with the Yoast SEO plugin v21.4 - https:\/\/yoast.com\/wordpress\/plugins\/seo\/ -->\n<title>Qui sommes-nous ? - Sanytol<\/title>\n<meta name=\"description\" content=\"SANYTOL vous accompagne depuis plus de 20 ans avec une gamme innovante de produits destin\u00e9s \u00e0 l\u2019hygi\u00e8ne de la maison, du linge et des mains.\" \/>\n<meta name=\"robots\" content=\"index, follow, max-snippet:-1, max-image-preview:large, max-video-preview:-1\" \/>\n<link rel=\"canonical\" href=\"https:\/\/sanytol.be\/fr\/qui-sommes-nous\/\" \/>\n<meta property=\"og:locale\" content=\"fr_FR\" \/>\n<meta property=\"og:type\" content=\"article\" \/>\n<meta property=\"og:title\" content=\"Qui sommes-nous ? - Sanytol\" \/>\n<meta property=\"og:description\" content=\"SANYTOL vous accompagne depuis plus de 20 ans avec une gamme innovante de produits destin\u00e9s \u00e0 l\u2019hygi\u00e8ne de la maison, du linge et des mains.\" \/>\n<meta property=\"og:url\" content=\"https:\/\/sanytol.be\/fr\/qui-sommes-nous\/\" \/>\n<meta property=\"og:site_name\" content=\"Sanytol\" \/>\n<meta property=\"article:modified_time\" content=\"2023-05-17T11:38:18+00:00\" \/>\n<meta property=\"og:image\" content=\"https:\/\/sanytol.be\/fr\/wp-content\/uploads\/sites\/6\/2021\/12\/plus25_be-fr_02.png\" \/>\n<meta name=\"twitter:card\" content=\"summary_large_image\" \/>\n<meta name=\"twitter:label1\" content=\"Dur\u00e9e de lecture estim\u00e9e\" \/>\n\t<meta name=\"twitter:data1\" content=\"2 minutes\" \/>\n<script type=\"application\/ld+json\" class=\"yoast-schema-graph\">{\"@context\":\"https:\/\/schema.org\",\"@graph\":[{\"@type\":\"WebPage\",\"@id\":\"https:\/\/sanytol.be\/fr\/qui-sommes-nous\/\",\"url\":\"https:\/\/sanytol.be\/fr\/qui-sommes-nous\/\",\"name\":\"Qui sommes-nous ? - Sanytol\",\"isPartOf\":{\"@id\":\"https:\/\/sanytol.be\/fr\/#website\"},\"datePublished\":\"2020-09-20T09:51:04+00:00\",\"dateModified\":\"2023-05-17T11:38:18+00:00\",\"description\":\"SANYTOL vous accompagne depuis plus de 20 ans avec une gamme innovante de produits destin\u00e9s \u00e0 l\u2019hygi\u00e8ne de la maison, du linge et des mains.\",\"breadcrumb\":{\"@id\":\"https:\/\/sanytol.be\/fr\/qui-sommes-nous\/#breadcrumb\"},\"inLanguage\":\"fr-FR\",\"potentialAction\":[{\"@type\":\"ReadAction\",\"target\":[\"https:\/\/sanytol.be\/fr\/qui-sommes-nous\/\"]}]},{\"@type\":\"BreadcrumbList\",\"@id\":\"https:\/\/sanytol.be\/fr\/qui-sommes-nous\/#breadcrumb\",\"itemListElement\":[{\"@type\":\"ListItem\",\"position\":1,\"name\":\"Home\",\"item\":\"https:\/\/sanytol.be\/fr\/\"},{\"@type\":\"ListItem\",\"position\":2,\"name\":\"Qui sommes-nous ?\"}]},{\"@type\":\"WebSite\",\"@id\":\"https:\/\/sanytol.be\/fr\/#website\",\"url\":\"https:\/\/sanytol.be\/fr\/\",\"name\":\"Sanytol\",\"description\":\"\",\"potentialAction\":[{\"@type\":\"SearchAction\",\"target\":{\"@type\":\"EntryPoint\",\"urlTemplate\":\"https:\/\/sanytol.be\/fr\/?s={search_term_string}\"},\"query-input\":\"required name=search_term_string\"}],\"inLanguage\":\"fr-FR\"}]}<\/script>\n<!-- \/ Yoast SEO plugin. -->","yoast_head_json":{"title":"Qui sommes-nous ? - Sanytol","description":"SANYTOL vous accompagne depuis plus de 20 ans avec une gamme innovante de produits destin\u00e9s \u00e0 l\u2019hygi\u00e8ne de la maison, du linge et des mains.","robots":{"index":"index","follow":"follow","max-snippet":"max-snippet:-1","max-image-preview":"max-image-preview:large","max-video-preview":"max-video-preview:-1"},"canonical":"https:\/\/sanytol.be\/fr\/qui-sommes-nous\/","og_locale":"fr_FR","og_type":"article","og_title":"Qui sommes-nous ? - Sanytol","og_description":"SANYTOL vous accompagne depuis plus de 20 ans avec une gamme innovante de produits destin\u00e9s \u00e0 l\u2019hygi\u00e8ne de la maison, du linge et des mains.","og_url":"https:\/\/sanytol.be\/fr\/qui-sommes-nous\/","og_site_name":"Sanytol","article_modified_time":"2023-05-17T11:38:18+00:00","og_image":[{"url":"https:\/\/sanytol.be\/fr\/wp-content\/uploads\/sites\/6\/2021\/12\/plus25_be-fr_02.png"}],"twitter_card":"summary_large_image","twitter_misc":{"Dur\u00e9e de lecture estim\u00e9e":"2 minutes"},"schema":{"@context":"https:\/\/schema.org","@graph":[{"@type":"WebPage","@id":"https:\/\/sanytol.be\/fr\/qui-sommes-nous\/","url":"https:\/\/sanytol.be\/fr\/qui-sommes-nous\/","name":"Qui sommes-nous ? - Sanytol","isPartOf":{"@id":"https:\/\/sanytol.be\/fr\/#website"},"datePublished":"2020-09-20T09:51:04+00:00","dateModified":"2023-05-17T11:38:18+00:00","description":"SANYTOL vous accompagne depuis plus de 20 ans avec une gamme innovante de produits destin\u00e9s \u00e0 l\u2019hygi\u00e8ne de la maison, du linge et des mains.","breadcrumb":{"@id":"https:\/\/sanytol.be\/fr\/qui-sommes-nous\/#breadcrumb"},"inLanguage":"fr-FR","potentialAction":[{"@type":"ReadAction","target":["https:\/\/sanytol.be\/fr\/qui-sommes-nous\/"]}]},{"@type":"BreadcrumbList","@id":"https:\/\/sanytol.be\/fr\/qui-sommes-nous\/#breadcrumb","itemListElement":[{"@type":"ListItem","position":1,"name":"Home","item":"https:\/\/sanytol.be\/fr\/"},{"@type":"ListItem","position":2,"name":"Qui sommes-nous ?"}]},{"@type":"WebSite","@id":"https:\/\/sanytol.be\/fr\/#website","url":"https:\/\/sanytol.be\/fr\/","name":"Sanytol","description":"","potentialAction":[{"@type":"SearchAction","target":{"@type":"EntryPoint","urlTemplate":"https:\/\/sanytol.be\/fr\/?s={search_term_string}"},"query-input":"required name=search_term_string"}],"inLanguage":"fr-FR"}]}},"_links":{"self":[{"href":"https:\/\/sanytol.be\/fr\/wp-json\/wp\/v2\/pages\/4215"}],"collection":[{"href":"https:\/\/sanytol.be\/fr\/wp-json\/wp\/v2\/pages"}],"about":[{"href":"https:\/\/sanytol.be\/fr\/wp-json\/wp\/v2\/types\/page"}],"author":[{"embeddable":true,"href":"https:\/\/sanytol.be\/fr\/wp-json\/wp\/v2\/users\/1746"}],"replies":[{"embeddable":true,"href":"https:\/\/sanytol.be\/fr\/wp-json\/wp\/v2\/comments?post=4215"}],"version-history":[{"count":32,"href":"https:\/\/sanytol.be\/fr\/wp-json\/wp\/v2\/pages\/4215\/revisions"}],"predecessor-version":[{"id":8673,"href":"https:\/\/sanytol.be\/fr\/wp-json\/wp\/v2\/pages\/4215\/revisions\/8673"}],"wp:attachment":[{"href":"https:\/\/sanytol.be\/fr\/wp-json\/wp\/v2\/media?parent=4215"}],"curies":[{"name":"wp","href":"https:\/\/api.w.org\/{rel}","templated":true}]}}