{"id":7485,"date":"2020-12-23T10:11:07","date_gmt":"2020-12-23T08:11:07","guid":{"rendered":"https:\/\/sanytol.com\/fr\/product\/desinfectant-multi-usages-pamplemousse-citronnelle\/"},"modified":"2024-09-26T09:58:03","modified_gmt":"2024-09-26T07:58:03","slug":"desinfectant-multi-usages-pamplemousse","status":"publish","type":"product","link":"https:\/\/sanytol.be\/fr\/produits\/desinfectant-multi-usages-pamplemousse\/","title":{"rendered":"D\u00e9sinfectant Multi-Usages &#8211; Pamplemousse"},"content":{"rendered":"<p>La solution pour nettoyer et d\u00e9sinfecter sans laisser de traces. Pratique et sans javel, pour nettoyer toutes les surfaces de la maison. Id\u00e9al pour \u00e9liminer la salet\u00e9 quotidienne et d\u00e9sinfecter en profondeur en un seul geste.<\/p>\n","protected":false},"excerpt":{"rendered":"<p>La solution pour nettoyer et d\u00e9sinfecter sans laisser de traces. Pratique et sans javel, pour nettoyer toutes les surfaces de la maison. Id\u00e9al pour \u00e9liminer la salet\u00e9 quotidienne et d\u00e9sinfecter en profondeur en un seul geste.<\/p>\n","protected":false},"featured_media":8834,"comment_status":"closed","ping_status":"closed","template":"","meta":[],"product_cat":[249,250,253,251,254,252,255,256,257,258,260,261,259,262,263,265,264,266,269,268,267,270,271],"acf":[],"yoast_head":"<!-- This site is optimized with the Yoast SEO plugin v21.4 - https:\/\/yoast.com\/wordpress\/plugins\/seo\/ -->\n<title>D\u00e9sinfectant Multi-Usages - Pamplemousse - Sanytol<\/title>\n<meta name=\"robots\" content=\"index, follow, max-snippet:-1, max-image-preview:large, max-video-preview:-1\" \/>\n<link rel=\"canonical\" href=\"https:\/\/sanytol.be\/fr\/produits\/desinfectant-multi-usages-pamplemousse\/\" \/>\n<meta property=\"og:locale\" content=\"fr_FR\" \/>\n<meta property=\"og:type\" content=\"article\" \/>\n<meta property=\"og:title\" content=\"D\u00e9sinfectant Multi-Usages - Pamplemousse - Sanytol\" \/>\n<meta property=\"og:description\" content=\"La solution pour nettoyer et d\u00e9sinfecter sans laisser de traces. Pratique et sans javel, pour nettoyer toutes les surfaces de la maison. Id\u00e9al pour \u00e9liminer la salet\u00e9 quotidienne et d\u00e9sinfecter en profondeur en un seul geste.\" \/>\n<meta property=\"og:url\" content=\"https:\/\/sanytol.be\/fr\/produits\/desinfectant-multi-usages-pamplemousse\/\" \/>\n<meta property=\"og:site_name\" content=\"Sanytol\" \/>\n<meta property=\"article:modified_time\" content=\"2024-09-26T07:58:03+00:00\" \/>\n<meta property=\"og:image\" content=\"https:\/\/sanytol.be\/fr\/wp-content\/uploads\/sites\/6\/2020\/12\/MU-GRAPEFRUIT-BE.png\" \/>\n\t<meta property=\"og:image:width\" content=\"1500\" \/>\n\t<meta property=\"og:image:height\" content=\"1500\" \/>\n\t<meta property=\"og:image:type\" content=\"image\/png\" \/>\n<meta name=\"twitter:card\" content=\"summary_large_image\" \/>\n<meta name=\"twitter:label1\" content=\"Dur\u00e9e de lecture estim\u00e9e\" \/>\n\t<meta name=\"twitter:data1\" content=\"1 minute\" \/>\n<script type=\"application\/ld+json\" class=\"yoast-schema-graph\">{\"@context\":\"https:\/\/schema.org\",\"@graph\":[{\"@type\":\"WebPage\",\"@id\":\"https:\/\/sanytol.be\/fr\/produits\/desinfectant-multi-usages-pamplemousse\/\",\"url\":\"https:\/\/sanytol.be\/fr\/produits\/desinfectant-multi-usages-pamplemousse\/\",\"name\":\"D\u00e9sinfectant Multi-Usages - Pamplemousse - Sanytol\",\"isPartOf\":{\"@id\":\"https:\/\/sanytol.be\/fr\/#website\"},\"datePublished\":\"2020-12-23T08:11:07+00:00\",\"dateModified\":\"2024-09-26T07:58:03+00:00\",\"breadcrumb\":{\"@id\":\"https:\/\/sanytol.be\/fr\/produits\/desinfectant-multi-usages-pamplemousse\/#breadcrumb\"},\"inLanguage\":\"fr-FR\",\"potentialAction\":[{\"@type\":\"ReadAction\",\"target\":[\"https:\/\/sanytol.be\/fr\/produits\/desinfectant-multi-usages-pamplemousse\/\"]}]},{\"@type\":\"BreadcrumbList\",\"@id\":\"https:\/\/sanytol.be\/fr\/produits\/desinfectant-multi-usages-pamplemousse\/#breadcrumb\",\"itemListElement\":[{\"@type\":\"ListItem\",\"position\":1,\"name\":\"Home\",\"item\":\"https:\/\/sanytol.be\/fr\/\"},{\"@type\":\"ListItem\",\"position\":2,\"name\":\"Produits\",\"item\":\"https:\/\/sanytol.be\/fr\/produits\/\"},{\"@type\":\"ListItem\",\"position\":3,\"name\":\"D\u00e9sinfectant Multi-Usages &#8211; Pamplemousse\"}]},{\"@type\":\"WebSite\",\"@id\":\"https:\/\/sanytol.be\/fr\/#website\",\"url\":\"https:\/\/sanytol.be\/fr\/\",\"name\":\"Sanytol\",\"description\":\"\",\"potentialAction\":[{\"@type\":\"SearchAction\",\"target\":{\"@type\":\"EntryPoint\",\"urlTemplate\":\"https:\/\/sanytol.be\/fr\/?s={search_term_string}\"},\"query-input\":\"required name=search_term_string\"}],\"inLanguage\":\"fr-FR\"}]}<\/script>\n<!-- \/ Yoast SEO plugin. -->","yoast_head_json":{"title":"D\u00e9sinfectant Multi-Usages - Pamplemousse - Sanytol","robots":{"index":"index","follow":"follow","max-snippet":"max-snippet:-1","max-image-preview":"max-image-preview:large","max-video-preview":"max-video-preview:-1"},"canonical":"https:\/\/sanytol.be\/fr\/produits\/desinfectant-multi-usages-pamplemousse\/","og_locale":"fr_FR","og_type":"article","og_title":"D\u00e9sinfectant Multi-Usages - Pamplemousse - Sanytol","og_description":"La solution pour nettoyer et d\u00e9sinfecter sans laisser de traces. Pratique et sans javel, pour nettoyer toutes les surfaces de la maison. Id\u00e9al pour \u00e9liminer la salet\u00e9 quotidienne et d\u00e9sinfecter en profondeur en un seul geste.","og_url":"https:\/\/sanytol.be\/fr\/produits\/desinfectant-multi-usages-pamplemousse\/","og_site_name":"Sanytol","article_modified_time":"2024-09-26T07:58:03+00:00","og_image":[{"width":1500,"height":1500,"url":"https:\/\/sanytol.be\/fr\/wp-content\/uploads\/sites\/6\/2020\/12\/MU-GRAPEFRUIT-BE.png","type":"image\/png"}],"twitter_card":"summary_large_image","twitter_misc":{"Dur\u00e9e de lecture estim\u00e9e":"1 minute"},"schema":{"@context":"https:\/\/schema.org","@graph":[{"@type":"WebPage","@id":"https:\/\/sanytol.be\/fr\/produits\/desinfectant-multi-usages-pamplemousse\/","url":"https:\/\/sanytol.be\/fr\/produits\/desinfectant-multi-usages-pamplemousse\/","name":"D\u00e9sinfectant Multi-Usages - Pamplemousse - Sanytol","isPartOf":{"@id":"https:\/\/sanytol.be\/fr\/#website"},"datePublished":"2020-12-23T08:11:07+00:00","dateModified":"2024-09-26T07:58:03+00:00","breadcrumb":{"@id":"https:\/\/sanytol.be\/fr\/produits\/desinfectant-multi-usages-pamplemousse\/#breadcrumb"},"inLanguage":"fr-FR","potentialAction":[{"@type":"ReadAction","target":["https:\/\/sanytol.be\/fr\/produits\/desinfectant-multi-usages-pamplemousse\/"]}]},{"@type":"BreadcrumbList","@id":"https:\/\/sanytol.be\/fr\/produits\/desinfectant-multi-usages-pamplemousse\/#breadcrumb","itemListElement":[{"@type":"ListItem","position":1,"name":"Home","item":"https:\/\/sanytol.be\/fr\/"},{"@type":"ListItem","position":2,"name":"Produits","item":"https:\/\/sanytol.be\/fr\/produits\/"},{"@type":"ListItem","position":3,"name":"D\u00e9sinfectant Multi-Usages &#8211; Pamplemousse"}]},{"@type":"WebSite","@id":"https:\/\/sanytol.be\/fr\/#website","url":"https:\/\/sanytol.be\/fr\/","name":"Sanytol","description":"","potentialAction":[{"@type":"SearchAction","target":{"@type":"EntryPoint","urlTemplate":"https:\/\/sanytol.be\/fr\/?s={search_term_string}"},"query-input":"required name=search_term_string"}],"inLanguage":"fr-FR"}]}},"_links":{"self":[{"href":"https:\/\/sanytol.be\/fr\/wp-json\/wp\/v2\/product\/7485"}],"collection":[{"href":"https:\/\/sanytol.be\/fr\/wp-json\/wp\/v2\/product"}],"about":[{"href":"https:\/\/sanytol.be\/fr\/wp-json\/wp\/v2\/types\/product"}],"replies":[{"embeddable":true,"href":"https:\/\/sanytol.be\/fr\/wp-json\/wp\/v2\/comments?post=7485"}],"wp:featuredmedia":[{"embeddable":true,"href":"https:\/\/sanytol.be\/fr\/wp-json\/wp\/v2\/media\/8834"}],"wp:attachment":[{"href":"https:\/\/sanytol.be\/fr\/wp-json\/wp\/v2\/media?parent=7485"}],"wp:term":[{"taxonomy":"product_cat","embeddable":true,"href":"https:\/\/sanytol.be\/fr\/wp-json\/wp\/v2\/product_cat?post=7485"}],"curies":[{"name":"wp","href":"https:\/\/api.w.org\/{rel}","templated":true}]}}