{"id":7490,"date":"2020-12-23T10:11:07","date_gmt":"2020-12-23T08:11:07","guid":{"rendered":"https:\/\/sanytol.com\/fr\/product\/multi-purpouse-disinfectant-bathroom\/"},"modified":"2023-11-16T10:43:50","modified_gmt":"2023-11-16T08:43:50","slug":"salle-de-bain-desinfectant-multi-usages","status":"publish","type":"product","link":"https:\/\/sanytol.be\/fr\/produits\/salle-de-bain-desinfectant-multi-usages\/","title":{"rendered":"Nettoyant D\u00e9sinfectant Salle de Bain"},"content":{"rendered":"<p>L&rsquo;humidit\u00e9 et la chaleur dans la salle de bains favorisent le d\u00e9veloppement de moisissures, de bact\u00e9ries et de virus. Sanytol a d\u00e9velopp\u00e9 un nettoyant d\u00e9sinfectant pour la salle de bains qui \u00e9limine le calcaire, dissout les r\u00e9sidus de savon, pr\u00e9vient la formation de moisissures et d\u00e9sinfecte en une seule action. Laisse les surfaces prot\u00e9g\u00e9es, propres et brillantes avec un parfum frais d&rsquo;eucalyptus.<\/p>\n","protected":false},"excerpt":{"rendered":"<p>L&rsquo;humidit\u00e9 et la chaleur dans la salle de bains favorisent le d\u00e9veloppement de moisissures, de bact\u00e9ries et de virus. Sanytol a d\u00e9velopp\u00e9 un nettoyant d\u00e9sinfectant pour la salle de bains qui \u00e9limine le calcaire, dissout les r\u00e9sidus de savon, pr\u00e9vient la formation de moisissures et d\u00e9sinfecte en une seule action. Laisse les surfaces prot\u00e9g\u00e9es, propres&hellip;<\/p>\n","protected":false},"featured_media":8730,"comment_status":"closed","ping_status":"closed","template":"","meta":[],"product_cat":[249,276,290,291,292],"acf":[],"yoast_head":"<!-- This site is optimized with the Yoast SEO plugin v21.4 - https:\/\/yoast.com\/wordpress\/plugins\/seo\/ -->\n<title>Nettoyant D\u00e9sinfectant Salle de Bain - Sanytol<\/title>\n<meta name=\"robots\" content=\"index, follow, max-snippet:-1, max-image-preview:large, max-video-preview:-1\" \/>\n<link rel=\"canonical\" href=\"https:\/\/sanytol.be\/fr\/produits\/salle-de-bain-desinfectant-multi-usages\/\" \/>\n<meta property=\"og:locale\" content=\"fr_FR\" \/>\n<meta property=\"og:type\" content=\"article\" \/>\n<meta property=\"og:title\" content=\"Nettoyant D\u00e9sinfectant Salle de Bain - Sanytol\" \/>\n<meta property=\"og:description\" content=\"L&rsquo;humidit\u00e9 et la chaleur dans la salle de bains favorisent le d\u00e9veloppement de moisissures, de bact\u00e9ries et de virus. Sanytol a d\u00e9velopp\u00e9 un nettoyant d\u00e9sinfectant pour la salle de bains qui \u00e9limine le calcaire, dissout les r\u00e9sidus de savon, pr\u00e9vient la formation de moisissures et d\u00e9sinfecte en une seule action. Laisse les surfaces prot\u00e9g\u00e9es, propres&hellip;\" \/>\n<meta property=\"og:url\" content=\"https:\/\/sanytol.be\/fr\/produits\/salle-de-bain-desinfectant-multi-usages\/\" \/>\n<meta property=\"og:site_name\" content=\"Sanytol\" \/>\n<meta property=\"article:modified_time\" content=\"2023-11-16T08:43:50+00:00\" \/>\n<meta property=\"og:image\" content=\"https:\/\/sanytol.be\/fr\/wp-content\/uploads\/sites\/6\/2020\/12\/3D-BATHROOM-BE.png\" \/>\n\t<meta property=\"og:image:width\" content=\"1500\" \/>\n\t<meta property=\"og:image:height\" content=\"1500\" \/>\n\t<meta property=\"og:image:type\" content=\"image\/png\" \/>\n<meta name=\"twitter:card\" content=\"summary_large_image\" \/>\n<meta name=\"twitter:label1\" content=\"Dur\u00e9e de lecture estim\u00e9e\" \/>\n\t<meta name=\"twitter:data1\" content=\"1 minute\" \/>\n<script type=\"application\/ld+json\" class=\"yoast-schema-graph\">{\"@context\":\"https:\/\/schema.org\",\"@graph\":[{\"@type\":\"WebPage\",\"@id\":\"https:\/\/sanytol.be\/fr\/produits\/salle-de-bain-desinfectant-multi-usages\/\",\"url\":\"https:\/\/sanytol.be\/fr\/produits\/salle-de-bain-desinfectant-multi-usages\/\",\"name\":\"Nettoyant D\u00e9sinfectant Salle de Bain - Sanytol\",\"isPartOf\":{\"@id\":\"https:\/\/sanytol.be\/fr\/#website\"},\"datePublished\":\"2020-12-23T08:11:07+00:00\",\"dateModified\":\"2023-11-16T08:43:50+00:00\",\"breadcrumb\":{\"@id\":\"https:\/\/sanytol.be\/fr\/produits\/salle-de-bain-desinfectant-multi-usages\/#breadcrumb\"},\"inLanguage\":\"fr-FR\",\"potentialAction\":[{\"@type\":\"ReadAction\",\"target\":[\"https:\/\/sanytol.be\/fr\/produits\/salle-de-bain-desinfectant-multi-usages\/\"]}]},{\"@type\":\"BreadcrumbList\",\"@id\":\"https:\/\/sanytol.be\/fr\/produits\/salle-de-bain-desinfectant-multi-usages\/#breadcrumb\",\"itemListElement\":[{\"@type\":\"ListItem\",\"position\":1,\"name\":\"Home\",\"item\":\"https:\/\/sanytol.be\/fr\/\"},{\"@type\":\"ListItem\",\"position\":2,\"name\":\"Produits\",\"item\":\"https:\/\/sanytol.be\/fr\/produits\/\"},{\"@type\":\"ListItem\",\"position\":3,\"name\":\"Nettoyant D\u00e9sinfectant Salle de Bain\"}]},{\"@type\":\"WebSite\",\"@id\":\"https:\/\/sanytol.be\/fr\/#website\",\"url\":\"https:\/\/sanytol.be\/fr\/\",\"name\":\"Sanytol\",\"description\":\"\",\"potentialAction\":[{\"@type\":\"SearchAction\",\"target\":{\"@type\":\"EntryPoint\",\"urlTemplate\":\"https:\/\/sanytol.be\/fr\/?s={search_term_string}\"},\"query-input\":\"required name=search_term_string\"}],\"inLanguage\":\"fr-FR\"}]}<\/script>\n<!-- \/ Yoast SEO plugin. -->","yoast_head_json":{"title":"Nettoyant D\u00e9sinfectant Salle de Bain - Sanytol","robots":{"index":"index","follow":"follow","max-snippet":"max-snippet:-1","max-image-preview":"max-image-preview:large","max-video-preview":"max-video-preview:-1"},"canonical":"https:\/\/sanytol.be\/fr\/produits\/salle-de-bain-desinfectant-multi-usages\/","og_locale":"fr_FR","og_type":"article","og_title":"Nettoyant D\u00e9sinfectant Salle de Bain - Sanytol","og_description":"L&rsquo;humidit\u00e9 et la chaleur dans la salle de bains favorisent le d\u00e9veloppement de moisissures, de bact\u00e9ries et de virus. Sanytol a d\u00e9velopp\u00e9 un nettoyant d\u00e9sinfectant pour la salle de bains qui \u00e9limine le calcaire, dissout les r\u00e9sidus de savon, pr\u00e9vient la formation de moisissures et d\u00e9sinfecte en une seule action. Laisse les surfaces prot\u00e9g\u00e9es, propres&hellip;","og_url":"https:\/\/sanytol.be\/fr\/produits\/salle-de-bain-desinfectant-multi-usages\/","og_site_name":"Sanytol","article_modified_time":"2023-11-16T08:43:50+00:00","og_image":[{"width":1500,"height":1500,"url":"https:\/\/sanytol.be\/fr\/wp-content\/uploads\/sites\/6\/2020\/12\/3D-BATHROOM-BE.png","type":"image\/png"}],"twitter_card":"summary_large_image","twitter_misc":{"Dur\u00e9e de lecture estim\u00e9e":"1 minute"},"schema":{"@context":"https:\/\/schema.org","@graph":[{"@type":"WebPage","@id":"https:\/\/sanytol.be\/fr\/produits\/salle-de-bain-desinfectant-multi-usages\/","url":"https:\/\/sanytol.be\/fr\/produits\/salle-de-bain-desinfectant-multi-usages\/","name":"Nettoyant D\u00e9sinfectant Salle de Bain - Sanytol","isPartOf":{"@id":"https:\/\/sanytol.be\/fr\/#website"},"datePublished":"2020-12-23T08:11:07+00:00","dateModified":"2023-11-16T08:43:50+00:00","breadcrumb":{"@id":"https:\/\/sanytol.be\/fr\/produits\/salle-de-bain-desinfectant-multi-usages\/#breadcrumb"},"inLanguage":"fr-FR","potentialAction":[{"@type":"ReadAction","target":["https:\/\/sanytol.be\/fr\/produits\/salle-de-bain-desinfectant-multi-usages\/"]}]},{"@type":"BreadcrumbList","@id":"https:\/\/sanytol.be\/fr\/produits\/salle-de-bain-desinfectant-multi-usages\/#breadcrumb","itemListElement":[{"@type":"ListItem","position":1,"name":"Home","item":"https:\/\/sanytol.be\/fr\/"},{"@type":"ListItem","position":2,"name":"Produits","item":"https:\/\/sanytol.be\/fr\/produits\/"},{"@type":"ListItem","position":3,"name":"Nettoyant D\u00e9sinfectant Salle de Bain"}]},{"@type":"WebSite","@id":"https:\/\/sanytol.be\/fr\/#website","url":"https:\/\/sanytol.be\/fr\/","name":"Sanytol","description":"","potentialAction":[{"@type":"SearchAction","target":{"@type":"EntryPoint","urlTemplate":"https:\/\/sanytol.be\/fr\/?s={search_term_string}"},"query-input":"required name=search_term_string"}],"inLanguage":"fr-FR"}]}},"_links":{"self":[{"href":"https:\/\/sanytol.be\/fr\/wp-json\/wp\/v2\/product\/7490"}],"collection":[{"href":"https:\/\/sanytol.be\/fr\/wp-json\/wp\/v2\/product"}],"about":[{"href":"https:\/\/sanytol.be\/fr\/wp-json\/wp\/v2\/types\/product"}],"replies":[{"embeddable":true,"href":"https:\/\/sanytol.be\/fr\/wp-json\/wp\/v2\/comments?post=7490"}],"wp:featuredmedia":[{"embeddable":true,"href":"https:\/\/sanytol.be\/fr\/wp-json\/wp\/v2\/media\/8730"}],"wp:attachment":[{"href":"https:\/\/sanytol.be\/fr\/wp-json\/wp\/v2\/media?parent=7490"}],"wp:term":[{"taxonomy":"product_cat","embeddable":true,"href":"https:\/\/sanytol.be\/fr\/wp-json\/wp\/v2\/product_cat?post=7490"}],"curies":[{"name":"wp","href":"https:\/\/api.w.org\/{rel}","templated":true}]}}