{"id":7491,"date":"2020-12-23T10:11:07","date_gmt":"2020-12-23T08:11:07","guid":{"rendered":"https:\/\/sanytol.com\/fr\/product\/nettoyant-desinfectant-sols-surfaces-citron-feuilles-dolivier\/"},"modified":"2025-01-03T13:10:49","modified_gmt":"2025-01-03T11:10:49","slug":"nettoyant-desinfectant-sols-surfaces-citron-feuilles-dolivier","status":"publish","type":"product","link":"https:\/\/sanytol.be\/fr\/produits\/nettoyant-desinfectant-sols-surfaces-citron-feuilles-dolivier\/","title":{"rendered":"Nettoyant D\u00e9sinfectant Sols &amp; Surfaces &#8211; Citron &amp; Feuilles D&rsquo;Olivier"},"content":{"rendered":"<p>Gardez votre maison saine avec le Nettoyant D\u00e9sinfectant Sols &amp; Surfaces SANYTOL ! Il \u00e9limine sans effort la salet\u00e9 et d\u00e9sinfecte en profondeur.<\/p>\n<p>En utilisation dilu\u00e9e, il est id\u00e9al pour nettoyer les sols et les grandes surfaces, comme les portes ou le carrelage. En utilisation pure, il d\u00e9sinfecte et \u00e9limine les salet\u00e9s difficiles.<\/p>\n","protected":false},"excerpt":{"rendered":"<p>Gardez votre maison saine avec le Nettoyant D\u00e9sinfectant Sols &amp; Surfaces SANYTOL ! Il \u00e9limine sans effort la salet\u00e9 et d\u00e9sinfecte en profondeur. En utilisation dilu\u00e9e, il est id\u00e9al pour nettoyer les sols et les grandes surfaces, comme les portes ou le carrelage. En utilisation pure, il d\u00e9sinfecte et \u00e9limine les salet\u00e9s difficiles.<\/p>\n","protected":false},"featured_media":8860,"comment_status":"closed","ping_status":"closed","template":"","meta":[],"product_cat":[249,250,293,276,295,255,294,258,296,262],"acf":[],"yoast_head":"<!-- This site is optimized with the Yoast SEO plugin v21.4 - https:\/\/yoast.com\/wordpress\/plugins\/seo\/ -->\n<title>Nettoyant D\u00e9sinfectant Sols &amp; Surfaces - Citron &amp; Feuilles D&#039;Olivier - Sanytol<\/title>\n<meta name=\"robots\" content=\"index, follow, max-snippet:-1, max-image-preview:large, max-video-preview:-1\" \/>\n<link rel=\"canonical\" href=\"https:\/\/sanytol.be\/fr\/produits\/nettoyant-desinfectant-sols-surfaces-citron-feuilles-dolivier\/\" \/>\n<meta property=\"og:locale\" content=\"fr_FR\" \/>\n<meta property=\"og:type\" content=\"article\" \/>\n<meta property=\"og:title\" content=\"Nettoyant D\u00e9sinfectant Sols &amp; Surfaces - Citron &amp; Feuilles D&#039;Olivier - Sanytol\" \/>\n<meta property=\"og:description\" content=\"Gardez votre maison saine avec le Nettoyant D\u00e9sinfectant Sols &amp; Surfaces SANYTOL ! Il \u00e9limine sans effort la salet\u00e9 et d\u00e9sinfecte en profondeur. En utilisation dilu\u00e9e, il est id\u00e9al pour nettoyer les sols et les grandes surfaces, comme les portes ou le carrelage. En utilisation pure, il d\u00e9sinfecte et \u00e9limine les salet\u00e9s difficiles.\" \/>\n<meta property=\"og:url\" content=\"https:\/\/sanytol.be\/fr\/produits\/nettoyant-desinfectant-sols-surfaces-citron-feuilles-dolivier\/\" \/>\n<meta property=\"og:site_name\" content=\"Sanytol\" \/>\n<meta property=\"article:modified_time\" content=\"2025-01-03T11:10:49+00:00\" \/>\n<meta property=\"og:image\" content=\"https:\/\/sanytol.be\/fr\/wp-content\/uploads\/sites\/6\/2020\/12\/5831631223-FLOOR-CITRON-1L-BE-1.png\" \/>\n\t<meta property=\"og:image:width\" content=\"1500\" \/>\n\t<meta property=\"og:image:height\" content=\"1500\" \/>\n\t<meta property=\"og:image:type\" content=\"image\/png\" \/>\n<meta name=\"twitter:card\" content=\"summary_large_image\" \/>\n<meta name=\"twitter:label1\" content=\"Dur\u00e9e de lecture estim\u00e9e\" \/>\n\t<meta name=\"twitter:data1\" content=\"1 minute\" \/>\n<script type=\"application\/ld+json\" class=\"yoast-schema-graph\">{\"@context\":\"https:\/\/schema.org\",\"@graph\":[{\"@type\":\"WebPage\",\"@id\":\"https:\/\/sanytol.be\/fr\/produits\/nettoyant-desinfectant-sols-surfaces-citron-feuilles-dolivier\/\",\"url\":\"https:\/\/sanytol.be\/fr\/produits\/nettoyant-desinfectant-sols-surfaces-citron-feuilles-dolivier\/\",\"name\":\"Nettoyant D\u00e9sinfectant Sols &amp; Surfaces - Citron &amp; Feuilles D'Olivier - Sanytol\",\"isPartOf\":{\"@id\":\"https:\/\/sanytol.be\/fr\/#website\"},\"datePublished\":\"2020-12-23T08:11:07+00:00\",\"dateModified\":\"2025-01-03T11:10:49+00:00\",\"breadcrumb\":{\"@id\":\"https:\/\/sanytol.be\/fr\/produits\/nettoyant-desinfectant-sols-surfaces-citron-feuilles-dolivier\/#breadcrumb\"},\"inLanguage\":\"fr-FR\",\"potentialAction\":[{\"@type\":\"ReadAction\",\"target\":[\"https:\/\/sanytol.be\/fr\/produits\/nettoyant-desinfectant-sols-surfaces-citron-feuilles-dolivier\/\"]}]},{\"@type\":\"BreadcrumbList\",\"@id\":\"https:\/\/sanytol.be\/fr\/produits\/nettoyant-desinfectant-sols-surfaces-citron-feuilles-dolivier\/#breadcrumb\",\"itemListElement\":[{\"@type\":\"ListItem\",\"position\":1,\"name\":\"Home\",\"item\":\"https:\/\/sanytol.be\/fr\/\"},{\"@type\":\"ListItem\",\"position\":2,\"name\":\"Produits\",\"item\":\"https:\/\/sanytol.be\/fr\/produits\/\"},{\"@type\":\"ListItem\",\"position\":3,\"name\":\"Nettoyant D\u00e9sinfectant Sols &amp; Surfaces &#8211; Citron &amp; Feuilles D&rsquo;Olivier\"}]},{\"@type\":\"WebSite\",\"@id\":\"https:\/\/sanytol.be\/fr\/#website\",\"url\":\"https:\/\/sanytol.be\/fr\/\",\"name\":\"Sanytol\",\"description\":\"\",\"potentialAction\":[{\"@type\":\"SearchAction\",\"target\":{\"@type\":\"EntryPoint\",\"urlTemplate\":\"https:\/\/sanytol.be\/fr\/?s={search_term_string}\"},\"query-input\":\"required name=search_term_string\"}],\"inLanguage\":\"fr-FR\"}]}<\/script>\n<!-- \/ Yoast SEO plugin. -->","yoast_head_json":{"title":"Nettoyant D\u00e9sinfectant Sols &amp; Surfaces - Citron &amp; Feuilles D'Olivier - Sanytol","robots":{"index":"index","follow":"follow","max-snippet":"max-snippet:-1","max-image-preview":"max-image-preview:large","max-video-preview":"max-video-preview:-1"},"canonical":"https:\/\/sanytol.be\/fr\/produits\/nettoyant-desinfectant-sols-surfaces-citron-feuilles-dolivier\/","og_locale":"fr_FR","og_type":"article","og_title":"Nettoyant D\u00e9sinfectant Sols &amp; Surfaces - Citron &amp; Feuilles D'Olivier - Sanytol","og_description":"Gardez votre maison saine avec le Nettoyant D\u00e9sinfectant Sols &amp; Surfaces SANYTOL ! Il \u00e9limine sans effort la salet\u00e9 et d\u00e9sinfecte en profondeur. En utilisation dilu\u00e9e, il est id\u00e9al pour nettoyer les sols et les grandes surfaces, comme les portes ou le carrelage. En utilisation pure, il d\u00e9sinfecte et \u00e9limine les salet\u00e9s difficiles.","og_url":"https:\/\/sanytol.be\/fr\/produits\/nettoyant-desinfectant-sols-surfaces-citron-feuilles-dolivier\/","og_site_name":"Sanytol","article_modified_time":"2025-01-03T11:10:49+00:00","og_image":[{"width":1500,"height":1500,"url":"https:\/\/sanytol.be\/fr\/wp-content\/uploads\/sites\/6\/2020\/12\/5831631223-FLOOR-CITRON-1L-BE-1.png","type":"image\/png"}],"twitter_card":"summary_large_image","twitter_misc":{"Dur\u00e9e de lecture estim\u00e9e":"1 minute"},"schema":{"@context":"https:\/\/schema.org","@graph":[{"@type":"WebPage","@id":"https:\/\/sanytol.be\/fr\/produits\/nettoyant-desinfectant-sols-surfaces-citron-feuilles-dolivier\/","url":"https:\/\/sanytol.be\/fr\/produits\/nettoyant-desinfectant-sols-surfaces-citron-feuilles-dolivier\/","name":"Nettoyant D\u00e9sinfectant Sols &amp; Surfaces - Citron &amp; Feuilles D'Olivier - Sanytol","isPartOf":{"@id":"https:\/\/sanytol.be\/fr\/#website"},"datePublished":"2020-12-23T08:11:07+00:00","dateModified":"2025-01-03T11:10:49+00:00","breadcrumb":{"@id":"https:\/\/sanytol.be\/fr\/produits\/nettoyant-desinfectant-sols-surfaces-citron-feuilles-dolivier\/#breadcrumb"},"inLanguage":"fr-FR","potentialAction":[{"@type":"ReadAction","target":["https:\/\/sanytol.be\/fr\/produits\/nettoyant-desinfectant-sols-surfaces-citron-feuilles-dolivier\/"]}]},{"@type":"BreadcrumbList","@id":"https:\/\/sanytol.be\/fr\/produits\/nettoyant-desinfectant-sols-surfaces-citron-feuilles-dolivier\/#breadcrumb","itemListElement":[{"@type":"ListItem","position":1,"name":"Home","item":"https:\/\/sanytol.be\/fr\/"},{"@type":"ListItem","position":2,"name":"Produits","item":"https:\/\/sanytol.be\/fr\/produits\/"},{"@type":"ListItem","position":3,"name":"Nettoyant D\u00e9sinfectant Sols &amp; Surfaces &#8211; Citron &amp; Feuilles D&rsquo;Olivier"}]},{"@type":"WebSite","@id":"https:\/\/sanytol.be\/fr\/#website","url":"https:\/\/sanytol.be\/fr\/","name":"Sanytol","description":"","potentialAction":[{"@type":"SearchAction","target":{"@type":"EntryPoint","urlTemplate":"https:\/\/sanytol.be\/fr\/?s={search_term_string}"},"query-input":"required name=search_term_string"}],"inLanguage":"fr-FR"}]}},"_links":{"self":[{"href":"https:\/\/sanytol.be\/fr\/wp-json\/wp\/v2\/product\/7491"}],"collection":[{"href":"https:\/\/sanytol.be\/fr\/wp-json\/wp\/v2\/product"}],"about":[{"href":"https:\/\/sanytol.be\/fr\/wp-json\/wp\/v2\/types\/product"}],"replies":[{"embeddable":true,"href":"https:\/\/sanytol.be\/fr\/wp-json\/wp\/v2\/comments?post=7491"}],"wp:featuredmedia":[{"embeddable":true,"href":"https:\/\/sanytol.be\/fr\/wp-json\/wp\/v2\/media\/8860"}],"wp:attachment":[{"href":"https:\/\/sanytol.be\/fr\/wp-json\/wp\/v2\/media?parent=7491"}],"wp:term":[{"taxonomy":"product_cat","embeddable":true,"href":"https:\/\/sanytol.be\/fr\/wp-json\/wp\/v2\/product_cat?post=7491"}],"curies":[{"name":"wp","href":"https:\/\/api.w.org\/{rel}","templated":true}]}}