{"id":7494,"date":"2020-12-23T10:11:12","date_gmt":"2020-12-23T08:11:12","guid":{"rendered":"https:\/\/sanytol.com\/fr\/product\/desinfectant-chaussures-senteur-fraiche\/"},"modified":"2025-10-10T10:57:16","modified_gmt":"2025-10-10T08:57:16","slug":"desinfectant-chaussures-senteur-fraiche","status":"publish","type":"product","link":"https:\/\/sanytol.be\/fr\/produits\/desinfectant-chaussures-senteur-fraiche\/","title":{"rendered":"D\u00e9sinfectant Chaussures &#8211; Senteur Fra\u00eeche"},"content":{"rendered":"<p>Les bact\u00e9ries, les moisissures et les champignons pr\u00e9sents dans les chaussures sont responsables des mauvaises odeurs et peuvent transmettre des maladies ou des irritations de la peau.<\/p>\n<p>Le D\u00e9sinfectant Chaussures SANYTOL les \u00e9limine gr\u00e2ce \u00e0 sa formule unique absorbante de mauvaises odeurs. Elle d\u00e9sinfecte en profondeur et laisse une agr\u00e9able sensation de fra\u00eecheur.<\/p>\n","protected":false},"excerpt":{"rendered":"<p>Les bact\u00e9ries, les moisissures et les champignons pr\u00e9sents dans les chaussures sont responsables des mauvaises odeurs et peuvent transmettre des maladies ou des irritations de la peau. Le D\u00e9sinfectant Chaussures SANYTOL les \u00e9limine gr\u00e2ce \u00e0 sa formule unique absorbante de mauvaises odeurs. Elle d\u00e9sinfecte en profondeur et laisse une agr\u00e9able sensation de fra\u00eecheur.<\/p>\n","protected":false},"featured_media":8684,"comment_status":"closed","ping_status":"closed","template":"","meta":[],"product_cat":[301],"acf":[],"yoast_head":"<!-- This site is optimized with the Yoast SEO plugin v21.4 - https:\/\/yoast.com\/wordpress\/plugins\/seo\/ -->\n<title>D\u00e9sinfectant Chaussures - Senteur Fra\u00eeche - Sanytol<\/title>\n<meta name=\"robots\" content=\"index, follow, max-snippet:-1, max-image-preview:large, max-video-preview:-1\" \/>\n<link rel=\"canonical\" href=\"https:\/\/sanytol.be\/fr\/produits\/desinfectant-chaussures-senteur-fraiche\/\" \/>\n<meta property=\"og:locale\" content=\"fr_FR\" \/>\n<meta property=\"og:type\" content=\"article\" \/>\n<meta property=\"og:title\" content=\"D\u00e9sinfectant Chaussures - Senteur Fra\u00eeche - Sanytol\" \/>\n<meta property=\"og:description\" content=\"Les bact\u00e9ries, les moisissures et les champignons pr\u00e9sents dans les chaussures sont responsables des mauvaises odeurs et peuvent transmettre des maladies ou des irritations de la peau. Le D\u00e9sinfectant Chaussures SANYTOL les \u00e9limine gr\u00e2ce \u00e0 sa formule unique absorbante de mauvaises odeurs. Elle d\u00e9sinfecte en profondeur et laisse une agr\u00e9able sensation de fra\u00eecheur.\" \/>\n<meta property=\"og:url\" content=\"https:\/\/sanytol.be\/fr\/produits\/desinfectant-chaussures-senteur-fraiche\/\" \/>\n<meta property=\"og:site_name\" content=\"Sanytol\" \/>\n<meta property=\"article:modified_time\" content=\"2025-10-10T08:57:16+00:00\" \/>\n<meta property=\"og:image\" content=\"https:\/\/sanytol.be\/fr\/wp-content\/uploads\/sites\/6\/2020\/12\/31631505-Shoes-150ml-BE.png\" \/>\n\t<meta property=\"og:image:width\" content=\"1500\" \/>\n\t<meta property=\"og:image:height\" content=\"1500\" \/>\n\t<meta property=\"og:image:type\" content=\"image\/png\" \/>\n<meta name=\"twitter:card\" content=\"summary_large_image\" \/>\n<meta name=\"twitter:label1\" content=\"Dur\u00e9e de lecture estim\u00e9e\" \/>\n\t<meta name=\"twitter:data1\" content=\"1 minute\" \/>\n<script type=\"application\/ld+json\" class=\"yoast-schema-graph\">{\"@context\":\"https:\/\/schema.org\",\"@graph\":[{\"@type\":\"WebPage\",\"@id\":\"https:\/\/sanytol.be\/fr\/produits\/desinfectant-chaussures-senteur-fraiche\/\",\"url\":\"https:\/\/sanytol.be\/fr\/produits\/desinfectant-chaussures-senteur-fraiche\/\",\"name\":\"D\u00e9sinfectant Chaussures - Senteur Fra\u00eeche - Sanytol\",\"isPartOf\":{\"@id\":\"https:\/\/sanytol.be\/fr\/#website\"},\"datePublished\":\"2020-12-23T08:11:12+00:00\",\"dateModified\":\"2025-10-10T08:57:16+00:00\",\"breadcrumb\":{\"@id\":\"https:\/\/sanytol.be\/fr\/produits\/desinfectant-chaussures-senteur-fraiche\/#breadcrumb\"},\"inLanguage\":\"fr-FR\",\"potentialAction\":[{\"@type\":\"ReadAction\",\"target\":[\"https:\/\/sanytol.be\/fr\/produits\/desinfectant-chaussures-senteur-fraiche\/\"]}]},{\"@type\":\"BreadcrumbList\",\"@id\":\"https:\/\/sanytol.be\/fr\/produits\/desinfectant-chaussures-senteur-fraiche\/#breadcrumb\",\"itemListElement\":[{\"@type\":\"ListItem\",\"position\":1,\"name\":\"Home\",\"item\":\"https:\/\/sanytol.be\/fr\/\"},{\"@type\":\"ListItem\",\"position\":2,\"name\":\"Produits\",\"item\":\"https:\/\/sanytol.be\/fr\/produits\/\"},{\"@type\":\"ListItem\",\"position\":3,\"name\":\"D\u00e9sinfectant Chaussures &#8211; Senteur Fra\u00eeche\"}]},{\"@type\":\"WebSite\",\"@id\":\"https:\/\/sanytol.be\/fr\/#website\",\"url\":\"https:\/\/sanytol.be\/fr\/\",\"name\":\"Sanytol\",\"description\":\"\",\"potentialAction\":[{\"@type\":\"SearchAction\",\"target\":{\"@type\":\"EntryPoint\",\"urlTemplate\":\"https:\/\/sanytol.be\/fr\/?s={search_term_string}\"},\"query-input\":\"required name=search_term_string\"}],\"inLanguage\":\"fr-FR\"}]}<\/script>\n<!-- \/ Yoast SEO plugin. -->","yoast_head_json":{"title":"D\u00e9sinfectant Chaussures - Senteur Fra\u00eeche - Sanytol","robots":{"index":"index","follow":"follow","max-snippet":"max-snippet:-1","max-image-preview":"max-image-preview:large","max-video-preview":"max-video-preview:-1"},"canonical":"https:\/\/sanytol.be\/fr\/produits\/desinfectant-chaussures-senteur-fraiche\/","og_locale":"fr_FR","og_type":"article","og_title":"D\u00e9sinfectant Chaussures - Senteur Fra\u00eeche - Sanytol","og_description":"Les bact\u00e9ries, les moisissures et les champignons pr\u00e9sents dans les chaussures sont responsables des mauvaises odeurs et peuvent transmettre des maladies ou des irritations de la peau. Le D\u00e9sinfectant Chaussures SANYTOL les \u00e9limine gr\u00e2ce \u00e0 sa formule unique absorbante de mauvaises odeurs. Elle d\u00e9sinfecte en profondeur et laisse une agr\u00e9able sensation de fra\u00eecheur.","og_url":"https:\/\/sanytol.be\/fr\/produits\/desinfectant-chaussures-senteur-fraiche\/","og_site_name":"Sanytol","article_modified_time":"2025-10-10T08:57:16+00:00","og_image":[{"width":1500,"height":1500,"url":"https:\/\/sanytol.be\/fr\/wp-content\/uploads\/sites\/6\/2020\/12\/31631505-Shoes-150ml-BE.png","type":"image\/png"}],"twitter_card":"summary_large_image","twitter_misc":{"Dur\u00e9e de lecture estim\u00e9e":"1 minute"},"schema":{"@context":"https:\/\/schema.org","@graph":[{"@type":"WebPage","@id":"https:\/\/sanytol.be\/fr\/produits\/desinfectant-chaussures-senteur-fraiche\/","url":"https:\/\/sanytol.be\/fr\/produits\/desinfectant-chaussures-senteur-fraiche\/","name":"D\u00e9sinfectant Chaussures - Senteur Fra\u00eeche - Sanytol","isPartOf":{"@id":"https:\/\/sanytol.be\/fr\/#website"},"datePublished":"2020-12-23T08:11:12+00:00","dateModified":"2025-10-10T08:57:16+00:00","breadcrumb":{"@id":"https:\/\/sanytol.be\/fr\/produits\/desinfectant-chaussures-senteur-fraiche\/#breadcrumb"},"inLanguage":"fr-FR","potentialAction":[{"@type":"ReadAction","target":["https:\/\/sanytol.be\/fr\/produits\/desinfectant-chaussures-senteur-fraiche\/"]}]},{"@type":"BreadcrumbList","@id":"https:\/\/sanytol.be\/fr\/produits\/desinfectant-chaussures-senteur-fraiche\/#breadcrumb","itemListElement":[{"@type":"ListItem","position":1,"name":"Home","item":"https:\/\/sanytol.be\/fr\/"},{"@type":"ListItem","position":2,"name":"Produits","item":"https:\/\/sanytol.be\/fr\/produits\/"},{"@type":"ListItem","position":3,"name":"D\u00e9sinfectant Chaussures &#8211; Senteur Fra\u00eeche"}]},{"@type":"WebSite","@id":"https:\/\/sanytol.be\/fr\/#website","url":"https:\/\/sanytol.be\/fr\/","name":"Sanytol","description":"","potentialAction":[{"@type":"SearchAction","target":{"@type":"EntryPoint","urlTemplate":"https:\/\/sanytol.be\/fr\/?s={search_term_string}"},"query-input":"required name=search_term_string"}],"inLanguage":"fr-FR"}]}},"_links":{"self":[{"href":"https:\/\/sanytol.be\/fr\/wp-json\/wp\/v2\/product\/7494"}],"collection":[{"href":"https:\/\/sanytol.be\/fr\/wp-json\/wp\/v2\/product"}],"about":[{"href":"https:\/\/sanytol.be\/fr\/wp-json\/wp\/v2\/types\/product"}],"replies":[{"embeddable":true,"href":"https:\/\/sanytol.be\/fr\/wp-json\/wp\/v2\/comments?post=7494"}],"wp:featuredmedia":[{"embeddable":true,"href":"https:\/\/sanytol.be\/fr\/wp-json\/wp\/v2\/media\/8684"}],"wp:attachment":[{"href":"https:\/\/sanytol.be\/fr\/wp-json\/wp\/v2\/media?parent=7494"}],"wp:term":[{"taxonomy":"product_cat","embeddable":true,"href":"https:\/\/sanytol.be\/fr\/wp-json\/wp\/v2\/product_cat?post=7494"}],"curies":[{"name":"wp","href":"https:\/\/api.w.org\/{rel}","templated":true}]}}