{"id":7499,"date":"2020-12-23T10:11:12","date_gmt":"2020-12-23T08:11:12","guid":{"rendered":"https:\/\/sanytol.com\/fr\/product\/lessive-desinfectante-fleurs-blanches\/"},"modified":"2025-10-10T10:53:25","modified_gmt":"2025-10-10T08:53:25","slug":"lessive-desinfectante-fleurs-blanches","status":"publish","type":"product","link":"https:\/\/sanytol.be\/fr\/produits\/lessive-desinfectante-fleurs-blanches\/","title":{"rendered":"Lessive Assainissante &#8211; Fleurs blanches"},"content":{"rendered":"<p>Le lavage \u00e0 basse temp\u00e9rature n&rsquo;\u00e9limine pas compl\u00e8tement les microbes responsables des mauvaises odeurs, des maladies et des irritations cutan\u00e9es. Un lavage r\u00e9gulier ne suffit pas \u00e0 assurer une hygi\u00e8ne optimale.<\/p>\n<p>La lessive d\u00e9sinfectante Sanytol, gr\u00e2ce \u00e0 son action compl\u00e8te, \u00e9limine non seulement les taches, mais combat \u00e9galement les bact\u00e9ries et les mauvaises odeurs. Sa triple action unique \u00e9limine les bact\u00e9ries, le Candida albicans et les virus, dont la grippe A (H1N1), pour un linge parfaitement propre et frais.<\/p>\n<p>Sa formule est efficace pour le lavage \u00e0 basse temp\u00e9rature, m\u00eame en cycles courts. Convient au linge blanc et couleur.<\/p>\n","protected":false},"excerpt":{"rendered":"<p>Le lavage \u00e0 basse temp\u00e9rature n&rsquo;\u00e9limine pas compl\u00e8tement les microbes responsables des mauvaises odeurs, des maladies et des irritations cutan\u00e9es. Un lavage r\u00e9gulier ne suffit pas \u00e0 assurer une hygi\u00e8ne optimale. La lessive d\u00e9sinfectante Sanytol, gr\u00e2ce \u00e0 son action compl\u00e8te, \u00e9limine non seulement les taches, mais combat \u00e9galement les bact\u00e9ries et les mauvaises odeurs. Sa&hellip;<\/p>\n","protected":false},"featured_media":8902,"comment_status":"closed","ping_status":"closed","template":"","meta":[],"product_cat":[301],"acf":[],"yoast_head":"<!-- This site is optimized with the Yoast SEO plugin v21.4 - https:\/\/yoast.com\/wordpress\/plugins\/seo\/ -->\n<title>Lessive Assainissante - Fleurs blanches - Sanytol<\/title>\n<meta name=\"robots\" content=\"index, follow, max-snippet:-1, max-image-preview:large, max-video-preview:-1\" \/>\n<link rel=\"canonical\" href=\"https:\/\/sanytol.be\/fr\/produits\/lessive-desinfectante-fleurs-blanches\/\" \/>\n<meta property=\"og:locale\" content=\"fr_FR\" \/>\n<meta property=\"og:type\" content=\"article\" \/>\n<meta property=\"og:title\" content=\"Lessive Assainissante - Fleurs blanches - Sanytol\" \/>\n<meta property=\"og:description\" content=\"Le lavage \u00e0 basse temp\u00e9rature n&rsquo;\u00e9limine pas compl\u00e8tement les microbes responsables des mauvaises odeurs, des maladies et des irritations cutan\u00e9es. Un lavage r\u00e9gulier ne suffit pas \u00e0 assurer une hygi\u00e8ne optimale. La lessive d\u00e9sinfectante Sanytol, gr\u00e2ce \u00e0 son action compl\u00e8te, \u00e9limine non seulement les taches, mais combat \u00e9galement les bact\u00e9ries et les mauvaises odeurs. Sa&hellip;\" \/>\n<meta property=\"og:url\" content=\"https:\/\/sanytol.be\/fr\/produits\/lessive-desinfectante-fleurs-blanches\/\" \/>\n<meta property=\"og:site_name\" content=\"Sanytol\" \/>\n<meta property=\"article:modified_time\" content=\"2025-10-10T08:53:25+00:00\" \/>\n<meta property=\"og:image\" content=\"https:\/\/sanytol.be\/fr\/wp-content\/uploads\/sites\/6\/2020\/12\/LESSIVE-1700ml-1.png\" \/>\n\t<meta property=\"og:image:width\" content=\"1000\" \/>\n\t<meta property=\"og:image:height\" content=\"1000\" \/>\n\t<meta property=\"og:image:type\" content=\"image\/png\" \/>\n<meta name=\"twitter:card\" content=\"summary_large_image\" \/>\n<meta name=\"twitter:label1\" content=\"Dur\u00e9e de lecture estim\u00e9e\" \/>\n\t<meta name=\"twitter:data1\" content=\"1 minute\" \/>\n<script type=\"application\/ld+json\" class=\"yoast-schema-graph\">{\"@context\":\"https:\/\/schema.org\",\"@graph\":[{\"@type\":\"WebPage\",\"@id\":\"https:\/\/sanytol.be\/fr\/produits\/lessive-desinfectante-fleurs-blanches\/\",\"url\":\"https:\/\/sanytol.be\/fr\/produits\/lessive-desinfectante-fleurs-blanches\/\",\"name\":\"Lessive Assainissante - Fleurs blanches - Sanytol\",\"isPartOf\":{\"@id\":\"https:\/\/sanytol.be\/fr\/#website\"},\"datePublished\":\"2020-12-23T08:11:12+00:00\",\"dateModified\":\"2025-10-10T08:53:25+00:00\",\"breadcrumb\":{\"@id\":\"https:\/\/sanytol.be\/fr\/produits\/lessive-desinfectante-fleurs-blanches\/#breadcrumb\"},\"inLanguage\":\"fr-FR\",\"potentialAction\":[{\"@type\":\"ReadAction\",\"target\":[\"https:\/\/sanytol.be\/fr\/produits\/lessive-desinfectante-fleurs-blanches\/\"]}]},{\"@type\":\"BreadcrumbList\",\"@id\":\"https:\/\/sanytol.be\/fr\/produits\/lessive-desinfectante-fleurs-blanches\/#breadcrumb\",\"itemListElement\":[{\"@type\":\"ListItem\",\"position\":1,\"name\":\"Home\",\"item\":\"https:\/\/sanytol.be\/fr\/\"},{\"@type\":\"ListItem\",\"position\":2,\"name\":\"Produits\",\"item\":\"https:\/\/sanytol.be\/fr\/produits\/\"},{\"@type\":\"ListItem\",\"position\":3,\"name\":\"Lessive Assainissante &#8211; Fleurs blanches\"}]},{\"@type\":\"WebSite\",\"@id\":\"https:\/\/sanytol.be\/fr\/#website\",\"url\":\"https:\/\/sanytol.be\/fr\/\",\"name\":\"Sanytol\",\"description\":\"\",\"potentialAction\":[{\"@type\":\"SearchAction\",\"target\":{\"@type\":\"EntryPoint\",\"urlTemplate\":\"https:\/\/sanytol.be\/fr\/?s={search_term_string}\"},\"query-input\":\"required name=search_term_string\"}],\"inLanguage\":\"fr-FR\"}]}<\/script>\n<!-- \/ Yoast SEO plugin. -->","yoast_head_json":{"title":"Lessive Assainissante - Fleurs blanches - Sanytol","robots":{"index":"index","follow":"follow","max-snippet":"max-snippet:-1","max-image-preview":"max-image-preview:large","max-video-preview":"max-video-preview:-1"},"canonical":"https:\/\/sanytol.be\/fr\/produits\/lessive-desinfectante-fleurs-blanches\/","og_locale":"fr_FR","og_type":"article","og_title":"Lessive Assainissante - Fleurs blanches - Sanytol","og_description":"Le lavage \u00e0 basse temp\u00e9rature n&rsquo;\u00e9limine pas compl\u00e8tement les microbes responsables des mauvaises odeurs, des maladies et des irritations cutan\u00e9es. Un lavage r\u00e9gulier ne suffit pas \u00e0 assurer une hygi\u00e8ne optimale. La lessive d\u00e9sinfectante Sanytol, gr\u00e2ce \u00e0 son action compl\u00e8te, \u00e9limine non seulement les taches, mais combat \u00e9galement les bact\u00e9ries et les mauvaises odeurs. Sa&hellip;","og_url":"https:\/\/sanytol.be\/fr\/produits\/lessive-desinfectante-fleurs-blanches\/","og_site_name":"Sanytol","article_modified_time":"2025-10-10T08:53:25+00:00","og_image":[{"width":1000,"height":1000,"url":"https:\/\/sanytol.be\/fr\/wp-content\/uploads\/sites\/6\/2020\/12\/LESSIVE-1700ml-1.png","type":"image\/png"}],"twitter_card":"summary_large_image","twitter_misc":{"Dur\u00e9e de lecture estim\u00e9e":"1 minute"},"schema":{"@context":"https:\/\/schema.org","@graph":[{"@type":"WebPage","@id":"https:\/\/sanytol.be\/fr\/produits\/lessive-desinfectante-fleurs-blanches\/","url":"https:\/\/sanytol.be\/fr\/produits\/lessive-desinfectante-fleurs-blanches\/","name":"Lessive Assainissante - Fleurs blanches - Sanytol","isPartOf":{"@id":"https:\/\/sanytol.be\/fr\/#website"},"datePublished":"2020-12-23T08:11:12+00:00","dateModified":"2025-10-10T08:53:25+00:00","breadcrumb":{"@id":"https:\/\/sanytol.be\/fr\/produits\/lessive-desinfectante-fleurs-blanches\/#breadcrumb"},"inLanguage":"fr-FR","potentialAction":[{"@type":"ReadAction","target":["https:\/\/sanytol.be\/fr\/produits\/lessive-desinfectante-fleurs-blanches\/"]}]},{"@type":"BreadcrumbList","@id":"https:\/\/sanytol.be\/fr\/produits\/lessive-desinfectante-fleurs-blanches\/#breadcrumb","itemListElement":[{"@type":"ListItem","position":1,"name":"Home","item":"https:\/\/sanytol.be\/fr\/"},{"@type":"ListItem","position":2,"name":"Produits","item":"https:\/\/sanytol.be\/fr\/produits\/"},{"@type":"ListItem","position":3,"name":"Lessive Assainissante &#8211; Fleurs blanches"}]},{"@type":"WebSite","@id":"https:\/\/sanytol.be\/fr\/#website","url":"https:\/\/sanytol.be\/fr\/","name":"Sanytol","description":"","potentialAction":[{"@type":"SearchAction","target":{"@type":"EntryPoint","urlTemplate":"https:\/\/sanytol.be\/fr\/?s={search_term_string}"},"query-input":"required name=search_term_string"}],"inLanguage":"fr-FR"}]}},"_links":{"self":[{"href":"https:\/\/sanytol.be\/fr\/wp-json\/wp\/v2\/product\/7499"}],"collection":[{"href":"https:\/\/sanytol.be\/fr\/wp-json\/wp\/v2\/product"}],"about":[{"href":"https:\/\/sanytol.be\/fr\/wp-json\/wp\/v2\/types\/product"}],"replies":[{"embeddable":true,"href":"https:\/\/sanytol.be\/fr\/wp-json\/wp\/v2\/comments?post=7499"}],"wp:featuredmedia":[{"embeddable":true,"href":"https:\/\/sanytol.be\/fr\/wp-json\/wp\/v2\/media\/8902"}],"wp:attachment":[{"href":"https:\/\/sanytol.be\/fr\/wp-json\/wp\/v2\/media?parent=7499"}],"wp:term":[{"taxonomy":"product_cat","embeddable":true,"href":"https:\/\/sanytol.be\/fr\/wp-json\/wp\/v2\/product_cat?post=7499"}],"curies":[{"name":"wp","href":"https:\/\/api.w.org\/{rel}","templated":true}]}}