{"id":7501,"date":"2020-12-23T10:11:12","date_gmt":"2020-12-23T08:11:12","guid":{"rendered":"https:\/\/sanytol.com\/fr\/product\/detachant-desinfectant\/"},"modified":"2026-03-06T11:51:45","modified_gmt":"2026-03-06T09:51:45","slug":"detachant-desinfectant","status":"publish","type":"product","link":"https:\/\/sanytol.be\/fr\/produits\/detachant-desinfectant\/","title":{"rendered":"D\u00e9tachant D\u00e9sinfectant"},"content":{"rendered":"<p>Les v\u00eatements lav\u00e9s \u00e0 basse temp\u00e9rature ne sont pas exempts de microbes, responsables de mauvaises odeurs et d&rsquo;irritations ou d&rsquo;infections cutan\u00e9es. Seul un lavage \u00e0 une temp\u00e9rature comprise entre 60 \u00b0C et 90 \u00b0C \u00e9limine les microbes des v\u00eatements.<\/p>\n<p>Sanytol, expert en d\u00e9sinfection sans javel, a d\u00e9velopp\u00e9 un d\u00e9tachant 4X ACTIONS qui \u00e9limine efficacement les germes, les odeurs d\u00e9sagr\u00e9ables et les taches tenaces, m\u00eame \u00e0 30 \u00b0C, tout en pr\u00e9servant les couleurs lavage apr\u00e8s lavage. Sa formule enrichie en enzymes p\u00e9n\u00e8tre profond\u00e9ment dans les fibres du tissu, lib\u00e9rant des agents d\u00e9tachants pour des r\u00e9sultats impeccables. Sa formule unique, test\u00e9e dermatologiquement, \u00e9limine les mauvaises odeurs plus efficacement que les lessives classiques, offrant jusqu&rsquo;\u00e0 12 heures de fra\u00eecheur aux v\u00eatements humides qui restent dans le tambour.<\/p>\n","protected":false},"excerpt":{"rendered":"<p>Les v\u00eatements lav\u00e9s \u00e0 basse temp\u00e9rature ne sont pas exempts de microbes, responsables de mauvaises odeurs et d&rsquo;irritations ou d&rsquo;infections cutan\u00e9es. Seul un lavage \u00e0 une temp\u00e9rature comprise entre 60 \u00b0C et 90 \u00b0C \u00e9limine les microbes des v\u00eatements. Sanytol, expert en d\u00e9sinfection sans javel, a d\u00e9velopp\u00e9 un d\u00e9tachant 4X ACTIONS qui \u00e9limine efficacement les&hellip;<\/p>\n","protected":false},"featured_media":8944,"comment_status":"closed","ping_status":"closed","template":"","meta":[],"product_cat":[301],"acf":[],"yoast_head":"<!-- This site is optimized with the Yoast SEO plugin v21.4 - https:\/\/yoast.com\/wordpress\/plugins\/seo\/ -->\n<title>D\u00e9tachant D\u00e9sinfectant - Sanytol<\/title>\n<meta name=\"robots\" content=\"index, follow, max-snippet:-1, max-image-preview:large, max-video-preview:-1\" \/>\n<link rel=\"canonical\" href=\"https:\/\/sanytol.be\/fr\/produits\/detachant-desinfectant\/\" \/>\n<meta property=\"og:locale\" content=\"fr_FR\" \/>\n<meta property=\"og:type\" content=\"article\" \/>\n<meta property=\"og:title\" content=\"D\u00e9tachant D\u00e9sinfectant - Sanytol\" \/>\n<meta property=\"og:description\" content=\"Les v\u00eatements lav\u00e9s \u00e0 basse temp\u00e9rature ne sont pas exempts de microbes, responsables de mauvaises odeurs et d&rsquo;irritations ou d&rsquo;infections cutan\u00e9es. Seul un lavage \u00e0 une temp\u00e9rature comprise entre 60 \u00b0C et 90 \u00b0C \u00e9limine les microbes des v\u00eatements. Sanytol, expert en d\u00e9sinfection sans javel, a d\u00e9velopp\u00e9 un d\u00e9tachant 4X ACTIONS qui \u00e9limine efficacement les&hellip;\" \/>\n<meta property=\"og:url\" content=\"https:\/\/sanytol.be\/fr\/produits\/detachant-desinfectant\/\" \/>\n<meta property=\"og:site_name\" content=\"Sanytol\" \/>\n<meta property=\"article:modified_time\" content=\"2026-03-06T09:51:45+00:00\" \/>\n<meta property=\"og:image\" content=\"https:\/\/sanytol.be\/fr\/wp-content\/uploads\/sites\/6\/2020\/12\/5831638206-STAIN-REMOVER-BE-450G-BE-3D-web-1.png\" \/>\n\t<meta property=\"og:image:width\" content=\"1000\" \/>\n\t<meta property=\"og:image:height\" content=\"999\" \/>\n\t<meta property=\"og:image:type\" content=\"image\/png\" \/>\n<meta name=\"twitter:card\" content=\"summary_large_image\" \/>\n<meta name=\"twitter:label1\" content=\"Dur\u00e9e de lecture estim\u00e9e\" \/>\n\t<meta name=\"twitter:data1\" content=\"1 minute\" \/>\n<script type=\"application\/ld+json\" class=\"yoast-schema-graph\">{\"@context\":\"https:\/\/schema.org\",\"@graph\":[{\"@type\":\"WebPage\",\"@id\":\"https:\/\/sanytol.be\/fr\/produits\/detachant-desinfectant\/\",\"url\":\"https:\/\/sanytol.be\/fr\/produits\/detachant-desinfectant\/\",\"name\":\"D\u00e9tachant D\u00e9sinfectant - Sanytol\",\"isPartOf\":{\"@id\":\"https:\/\/sanytol.be\/fr\/#website\"},\"datePublished\":\"2020-12-23T08:11:12+00:00\",\"dateModified\":\"2026-03-06T09:51:45+00:00\",\"breadcrumb\":{\"@id\":\"https:\/\/sanytol.be\/fr\/produits\/detachant-desinfectant\/#breadcrumb\"},\"inLanguage\":\"fr-FR\",\"potentialAction\":[{\"@type\":\"ReadAction\",\"target\":[\"https:\/\/sanytol.be\/fr\/produits\/detachant-desinfectant\/\"]}]},{\"@type\":\"BreadcrumbList\",\"@id\":\"https:\/\/sanytol.be\/fr\/produits\/detachant-desinfectant\/#breadcrumb\",\"itemListElement\":[{\"@type\":\"ListItem\",\"position\":1,\"name\":\"Home\",\"item\":\"https:\/\/sanytol.be\/fr\/\"},{\"@type\":\"ListItem\",\"position\":2,\"name\":\"Produits\",\"item\":\"https:\/\/sanytol.be\/fr\/produits\/\"},{\"@type\":\"ListItem\",\"position\":3,\"name\":\"D\u00e9tachant D\u00e9sinfectant\"}]},{\"@type\":\"WebSite\",\"@id\":\"https:\/\/sanytol.be\/fr\/#website\",\"url\":\"https:\/\/sanytol.be\/fr\/\",\"name\":\"Sanytol\",\"description\":\"\",\"potentialAction\":[{\"@type\":\"SearchAction\",\"target\":{\"@type\":\"EntryPoint\",\"urlTemplate\":\"https:\/\/sanytol.be\/fr\/?s={search_term_string}\"},\"query-input\":\"required name=search_term_string\"}],\"inLanguage\":\"fr-FR\"}]}<\/script>\n<!-- \/ Yoast SEO plugin. -->","yoast_head_json":{"title":"D\u00e9tachant D\u00e9sinfectant - Sanytol","robots":{"index":"index","follow":"follow","max-snippet":"max-snippet:-1","max-image-preview":"max-image-preview:large","max-video-preview":"max-video-preview:-1"},"canonical":"https:\/\/sanytol.be\/fr\/produits\/detachant-desinfectant\/","og_locale":"fr_FR","og_type":"article","og_title":"D\u00e9tachant D\u00e9sinfectant - Sanytol","og_description":"Les v\u00eatements lav\u00e9s \u00e0 basse temp\u00e9rature ne sont pas exempts de microbes, responsables de mauvaises odeurs et d&rsquo;irritations ou d&rsquo;infections cutan\u00e9es. Seul un lavage \u00e0 une temp\u00e9rature comprise entre 60 \u00b0C et 90 \u00b0C \u00e9limine les microbes des v\u00eatements. Sanytol, expert en d\u00e9sinfection sans javel, a d\u00e9velopp\u00e9 un d\u00e9tachant 4X ACTIONS qui \u00e9limine efficacement les&hellip;","og_url":"https:\/\/sanytol.be\/fr\/produits\/detachant-desinfectant\/","og_site_name":"Sanytol","article_modified_time":"2026-03-06T09:51:45+00:00","og_image":[{"width":1000,"height":999,"url":"https:\/\/sanytol.be\/fr\/wp-content\/uploads\/sites\/6\/2020\/12\/5831638206-STAIN-REMOVER-BE-450G-BE-3D-web-1.png","type":"image\/png"}],"twitter_card":"summary_large_image","twitter_misc":{"Dur\u00e9e de lecture estim\u00e9e":"1 minute"},"schema":{"@context":"https:\/\/schema.org","@graph":[{"@type":"WebPage","@id":"https:\/\/sanytol.be\/fr\/produits\/detachant-desinfectant\/","url":"https:\/\/sanytol.be\/fr\/produits\/detachant-desinfectant\/","name":"D\u00e9tachant D\u00e9sinfectant - Sanytol","isPartOf":{"@id":"https:\/\/sanytol.be\/fr\/#website"},"datePublished":"2020-12-23T08:11:12+00:00","dateModified":"2026-03-06T09:51:45+00:00","breadcrumb":{"@id":"https:\/\/sanytol.be\/fr\/produits\/detachant-desinfectant\/#breadcrumb"},"inLanguage":"fr-FR","potentialAction":[{"@type":"ReadAction","target":["https:\/\/sanytol.be\/fr\/produits\/detachant-desinfectant\/"]}]},{"@type":"BreadcrumbList","@id":"https:\/\/sanytol.be\/fr\/produits\/detachant-desinfectant\/#breadcrumb","itemListElement":[{"@type":"ListItem","position":1,"name":"Home","item":"https:\/\/sanytol.be\/fr\/"},{"@type":"ListItem","position":2,"name":"Produits","item":"https:\/\/sanytol.be\/fr\/produits\/"},{"@type":"ListItem","position":3,"name":"D\u00e9tachant D\u00e9sinfectant"}]},{"@type":"WebSite","@id":"https:\/\/sanytol.be\/fr\/#website","url":"https:\/\/sanytol.be\/fr\/","name":"Sanytol","description":"","potentialAction":[{"@type":"SearchAction","target":{"@type":"EntryPoint","urlTemplate":"https:\/\/sanytol.be\/fr\/?s={search_term_string}"},"query-input":"required name=search_term_string"}],"inLanguage":"fr-FR"}]}},"_links":{"self":[{"href":"https:\/\/sanytol.be\/fr\/wp-json\/wp\/v2\/product\/7501"}],"collection":[{"href":"https:\/\/sanytol.be\/fr\/wp-json\/wp\/v2\/product"}],"about":[{"href":"https:\/\/sanytol.be\/fr\/wp-json\/wp\/v2\/types\/product"}],"replies":[{"embeddable":true,"href":"https:\/\/sanytol.be\/fr\/wp-json\/wp\/v2\/comments?post=7501"}],"wp:featuredmedia":[{"embeddable":true,"href":"https:\/\/sanytol.be\/fr\/wp-json\/wp\/v2\/media\/8944"}],"wp:attachment":[{"href":"https:\/\/sanytol.be\/fr\/wp-json\/wp\/v2\/media?parent=7501"}],"wp:term":[{"taxonomy":"product_cat","embeddable":true,"href":"https:\/\/sanytol.be\/fr\/wp-json\/wp\/v2\/product_cat?post=7501"}],"curies":[{"name":"wp","href":"https:\/\/api.w.org\/{rel}","templated":true}]}}