{"id":7503,"date":"2020-12-23T10:11:12","date_gmt":"2020-12-23T08:11:12","guid":{"rendered":"https:\/\/sanytol.com\/fr\/product\/desodorisant-desinfectant-textiles-linge-propre\/"},"modified":"2025-10-10T10:52:35","modified_gmt":"2025-10-10T08:52:35","slug":"desodorisant-desinfectant-textiles-linge-propre","status":"publish","type":"product","link":"https:\/\/sanytol.be\/fr\/produits\/desodorisant-desinfectant-textiles-linge-propre\/","title":{"rendered":"D\u00e9sodorisant D\u00e9sinfectant Textiles &#8211; Linge Propre"},"content":{"rendered":"<p>Les microbes pr\u00e9sents au c\u0153ur des fibres textiles sont \u00e0 l\u2019origine des mauvaises odeurs et peuvent provoquer des maladies ou irritations de la peau.<\/p>\n<p>SANYTOL, l\u2019expert de la d\u00e9sinfection sans javel a d\u00e9velopp\u00e9 un d\u00e9sodorisant d\u00e9sinfectant Sp\u00e9cial Textiles qui d\u00e9sinfecte en profondeur. Il \u00e9limine ainsi les odeurs d&rsquo;humidit\u00e9, tabac, animaux, cuisine et redonne \u00e0 vos textiles la fra\u00eecheur du linge propre. Sa formule aux 100 % d&rsquo;actifs d&rsquo;origine v\u00e9g\u00e9tale a \u00e9t\u00e9 test\u00e9e dermatologiquement et ne laisse aucun r\u00e9sidu agressif sur les tissus.<\/p>\n","protected":false},"excerpt":{"rendered":"<p>Les microbes pr\u00e9sents au c\u0153ur des fibres textiles sont \u00e0 l\u2019origine des mauvaises odeurs et peuvent provoquer des maladies ou irritations de la peau. SANYTOL, l\u2019expert de la d\u00e9sinfection sans javel a d\u00e9velopp\u00e9 un d\u00e9sodorisant d\u00e9sinfectant Sp\u00e9cial Textiles qui d\u00e9sinfecte en profondeur. Il \u00e9limine ainsi les odeurs d&rsquo;humidit\u00e9, tabac, animaux, cuisine et redonne \u00e0 vos&hellip;<\/p>\n","protected":false},"featured_media":8773,"comment_status":"closed","ping_status":"closed","template":"","meta":[],"product_cat":[301],"acf":[],"yoast_head":"<!-- This site is optimized with the Yoast SEO plugin v21.4 - https:\/\/yoast.com\/wordpress\/plugins\/seo\/ -->\n<title>D\u00e9sodorisant D\u00e9sinfectant Textiles - Linge Propre - Sanytol<\/title>\n<meta name=\"robots\" content=\"index, follow, max-snippet:-1, max-image-preview:large, max-video-preview:-1\" \/>\n<link rel=\"canonical\" href=\"https:\/\/sanytol.be\/fr\/produits\/desodorisant-desinfectant-textiles-linge-propre\/\" \/>\n<meta property=\"og:locale\" content=\"fr_FR\" \/>\n<meta property=\"og:type\" content=\"article\" \/>\n<meta property=\"og:title\" content=\"D\u00e9sodorisant D\u00e9sinfectant Textiles - Linge Propre - Sanytol\" \/>\n<meta property=\"og:description\" content=\"Les microbes pr\u00e9sents au c\u0153ur des fibres textiles sont \u00e0 l\u2019origine des mauvaises odeurs et peuvent provoquer des maladies ou irritations de la peau. SANYTOL, l\u2019expert de la d\u00e9sinfection sans javel a d\u00e9velopp\u00e9 un d\u00e9sodorisant d\u00e9sinfectant Sp\u00e9cial Textiles qui d\u00e9sinfecte en profondeur. Il \u00e9limine ainsi les odeurs d&rsquo;humidit\u00e9, tabac, animaux, cuisine et redonne \u00e0 vos&hellip;\" \/>\n<meta property=\"og:url\" content=\"https:\/\/sanytol.be\/fr\/produits\/desodorisant-desinfectant-textiles-linge-propre\/\" \/>\n<meta property=\"og:site_name\" content=\"Sanytol\" \/>\n<meta property=\"article:modified_time\" content=\"2025-10-10T08:52:35+00:00\" \/>\n<meta property=\"og:image\" content=\"https:\/\/sanytol.be\/fr\/wp-content\/uploads\/sites\/6\/2020\/12\/Sin-titulo-2-6.png\" \/>\n\t<meta property=\"og:image:width\" content=\"1500\" \/>\n\t<meta property=\"og:image:height\" content=\"1500\" \/>\n\t<meta property=\"og:image:type\" content=\"image\/png\" \/>\n<meta name=\"twitter:card\" content=\"summary_large_image\" \/>\n<meta name=\"twitter:label1\" content=\"Dur\u00e9e de lecture estim\u00e9e\" \/>\n\t<meta name=\"twitter:data1\" content=\"1 minute\" \/>\n<script type=\"application\/ld+json\" class=\"yoast-schema-graph\">{\"@context\":\"https:\/\/schema.org\",\"@graph\":[{\"@type\":\"WebPage\",\"@id\":\"https:\/\/sanytol.be\/fr\/produits\/desodorisant-desinfectant-textiles-linge-propre\/\",\"url\":\"https:\/\/sanytol.be\/fr\/produits\/desodorisant-desinfectant-textiles-linge-propre\/\",\"name\":\"D\u00e9sodorisant D\u00e9sinfectant Textiles - Linge Propre - Sanytol\",\"isPartOf\":{\"@id\":\"https:\/\/sanytol.be\/fr\/#website\"},\"datePublished\":\"2020-12-23T08:11:12+00:00\",\"dateModified\":\"2025-10-10T08:52:35+00:00\",\"breadcrumb\":{\"@id\":\"https:\/\/sanytol.be\/fr\/produits\/desodorisant-desinfectant-textiles-linge-propre\/#breadcrumb\"},\"inLanguage\":\"fr-FR\",\"potentialAction\":[{\"@type\":\"ReadAction\",\"target\":[\"https:\/\/sanytol.be\/fr\/produits\/desodorisant-desinfectant-textiles-linge-propre\/\"]}]},{\"@type\":\"BreadcrumbList\",\"@id\":\"https:\/\/sanytol.be\/fr\/produits\/desodorisant-desinfectant-textiles-linge-propre\/#breadcrumb\",\"itemListElement\":[{\"@type\":\"ListItem\",\"position\":1,\"name\":\"Home\",\"item\":\"https:\/\/sanytol.be\/fr\/\"},{\"@type\":\"ListItem\",\"position\":2,\"name\":\"Produits\",\"item\":\"https:\/\/sanytol.be\/fr\/produits\/\"},{\"@type\":\"ListItem\",\"position\":3,\"name\":\"D\u00e9sodorisant D\u00e9sinfectant Textiles &#8211; Linge Propre\"}]},{\"@type\":\"WebSite\",\"@id\":\"https:\/\/sanytol.be\/fr\/#website\",\"url\":\"https:\/\/sanytol.be\/fr\/\",\"name\":\"Sanytol\",\"description\":\"\",\"potentialAction\":[{\"@type\":\"SearchAction\",\"target\":{\"@type\":\"EntryPoint\",\"urlTemplate\":\"https:\/\/sanytol.be\/fr\/?s={search_term_string}\"},\"query-input\":\"required name=search_term_string\"}],\"inLanguage\":\"fr-FR\"}]}<\/script>\n<!-- \/ Yoast SEO plugin. -->","yoast_head_json":{"title":"D\u00e9sodorisant D\u00e9sinfectant Textiles - Linge Propre - Sanytol","robots":{"index":"index","follow":"follow","max-snippet":"max-snippet:-1","max-image-preview":"max-image-preview:large","max-video-preview":"max-video-preview:-1"},"canonical":"https:\/\/sanytol.be\/fr\/produits\/desodorisant-desinfectant-textiles-linge-propre\/","og_locale":"fr_FR","og_type":"article","og_title":"D\u00e9sodorisant D\u00e9sinfectant Textiles - Linge Propre - Sanytol","og_description":"Les microbes pr\u00e9sents au c\u0153ur des fibres textiles sont \u00e0 l\u2019origine des mauvaises odeurs et peuvent provoquer des maladies ou irritations de la peau. SANYTOL, l\u2019expert de la d\u00e9sinfection sans javel a d\u00e9velopp\u00e9 un d\u00e9sodorisant d\u00e9sinfectant Sp\u00e9cial Textiles qui d\u00e9sinfecte en profondeur. Il \u00e9limine ainsi les odeurs d&rsquo;humidit\u00e9, tabac, animaux, cuisine et redonne \u00e0 vos&hellip;","og_url":"https:\/\/sanytol.be\/fr\/produits\/desodorisant-desinfectant-textiles-linge-propre\/","og_site_name":"Sanytol","article_modified_time":"2025-10-10T08:52:35+00:00","og_image":[{"width":1500,"height":1500,"url":"https:\/\/sanytol.be\/fr\/wp-content\/uploads\/sites\/6\/2020\/12\/Sin-titulo-2-6.png","type":"image\/png"}],"twitter_card":"summary_large_image","twitter_misc":{"Dur\u00e9e de lecture estim\u00e9e":"1 minute"},"schema":{"@context":"https:\/\/schema.org","@graph":[{"@type":"WebPage","@id":"https:\/\/sanytol.be\/fr\/produits\/desodorisant-desinfectant-textiles-linge-propre\/","url":"https:\/\/sanytol.be\/fr\/produits\/desodorisant-desinfectant-textiles-linge-propre\/","name":"D\u00e9sodorisant D\u00e9sinfectant Textiles - Linge Propre - Sanytol","isPartOf":{"@id":"https:\/\/sanytol.be\/fr\/#website"},"datePublished":"2020-12-23T08:11:12+00:00","dateModified":"2025-10-10T08:52:35+00:00","breadcrumb":{"@id":"https:\/\/sanytol.be\/fr\/produits\/desodorisant-desinfectant-textiles-linge-propre\/#breadcrumb"},"inLanguage":"fr-FR","potentialAction":[{"@type":"ReadAction","target":["https:\/\/sanytol.be\/fr\/produits\/desodorisant-desinfectant-textiles-linge-propre\/"]}]},{"@type":"BreadcrumbList","@id":"https:\/\/sanytol.be\/fr\/produits\/desodorisant-desinfectant-textiles-linge-propre\/#breadcrumb","itemListElement":[{"@type":"ListItem","position":1,"name":"Home","item":"https:\/\/sanytol.be\/fr\/"},{"@type":"ListItem","position":2,"name":"Produits","item":"https:\/\/sanytol.be\/fr\/produits\/"},{"@type":"ListItem","position":3,"name":"D\u00e9sodorisant D\u00e9sinfectant Textiles &#8211; Linge Propre"}]},{"@type":"WebSite","@id":"https:\/\/sanytol.be\/fr\/#website","url":"https:\/\/sanytol.be\/fr\/","name":"Sanytol","description":"","potentialAction":[{"@type":"SearchAction","target":{"@type":"EntryPoint","urlTemplate":"https:\/\/sanytol.be\/fr\/?s={search_term_string}"},"query-input":"required name=search_term_string"}],"inLanguage":"fr-FR"}]}},"_links":{"self":[{"href":"https:\/\/sanytol.be\/fr\/wp-json\/wp\/v2\/product\/7503"}],"collection":[{"href":"https:\/\/sanytol.be\/fr\/wp-json\/wp\/v2\/product"}],"about":[{"href":"https:\/\/sanytol.be\/fr\/wp-json\/wp\/v2\/types\/product"}],"replies":[{"embeddable":true,"href":"https:\/\/sanytol.be\/fr\/wp-json\/wp\/v2\/comments?post=7503"}],"wp:featuredmedia":[{"embeddable":true,"href":"https:\/\/sanytol.be\/fr\/wp-json\/wp\/v2\/media\/8773"}],"wp:attachment":[{"href":"https:\/\/sanytol.be\/fr\/wp-json\/wp\/v2\/media?parent=7503"}],"wp:term":[{"taxonomy":"product_cat","embeddable":true,"href":"https:\/\/sanytol.be\/fr\/wp-json\/wp\/v2\/product_cat?post=7503"}],"curies":[{"name":"wp","href":"https:\/\/api.w.org\/{rel}","templated":true}]}}