{"id":7504,"date":"2020-12-23T10:11:17","date_gmt":"2020-12-23T08:11:17","guid":{"rendered":"https:\/\/sanytol.com\/fr\/product\/gel-desinfectant-mains-the-vert\/"},"modified":"2022-05-19T15:30:48","modified_gmt":"2022-05-19T13:30:48","slug":"gel-desinfectant-mains-75ml-the-vert","status":"publish","type":"product","link":"https:\/\/sanytol.be\/fr\/produits\/gel-desinfectant-mains-75ml-the-vert\/","title":{"rendered":"Gel D\u00e9sinfectant Mains 75ml &#8211; Th\u00e9 Vert"},"content":{"rendered":"<p>La majorit\u00e9 des maladies infectieuses se transmettent par les mains. L\u2019exposition des mains aux microbes est quasi-permanente.<\/p>\n<p>Gr\u00e2ce \u00e0 sa formule triple action, le gel mains d\u00e9sinfectant Sanytol \u00e9limine 99.9% des bact\u00e9ries, candida albicans, virus de la grippe H1N1, e-coli, salmonelle, list\u00e9ria, virus de l\u2019herp\u00e8s, staphylococcus aureus et coronavirus humain 229E.<\/p>\n<p>Sa formule antibact\u00e9rienne limite les risques de contamination et laisse les mains propres, saines, douces et d\u00e9licatement parfum\u00e9es.<\/p>\n","protected":false},"excerpt":{"rendered":"<p>La majorit\u00e9 des maladies infectieuses se transmettent par les mains. L\u2019exposition des mains aux microbes est quasi-permanente. Gr\u00e2ce \u00e0 sa formule triple action, le gel mains d\u00e9sinfectant Sanytol \u00e9limine 99.9% des bact\u00e9ries, candida albicans, virus de la grippe H1N1, e-coli, salmonelle, list\u00e9ria, virus de l\u2019herp\u00e8s, staphylococcus aureus et coronavirus humain 229E. Sa formule antibact\u00e9rienne limite&hellip;<\/p>\n","protected":false},"featured_media":7417,"comment_status":"closed","ping_status":"closed","template":"","meta":[],"product_cat":[340,341],"acf":[],"yoast_head":"<!-- This site is optimized with the Yoast SEO plugin v21.4 - https:\/\/yoast.com\/wordpress\/plugins\/seo\/ -->\n<title>Gel D\u00e9sinfectant Mains 75ml - Th\u00e9 Vert - Sanytol<\/title>\n<meta name=\"robots\" content=\"index, follow, max-snippet:-1, max-image-preview:large, max-video-preview:-1\" \/>\n<link rel=\"canonical\" href=\"https:\/\/sanytol.be\/fr\/produits\/gel-desinfectant-mains-75ml-the-vert\/\" \/>\n<meta property=\"og:locale\" content=\"fr_FR\" \/>\n<meta property=\"og:type\" content=\"article\" \/>\n<meta property=\"og:title\" content=\"Gel D\u00e9sinfectant Mains 75ml - Th\u00e9 Vert - Sanytol\" \/>\n<meta property=\"og:description\" content=\"La majorit\u00e9 des maladies infectieuses se transmettent par les mains. L\u2019exposition des mains aux microbes est quasi-permanente. Gr\u00e2ce \u00e0 sa formule triple action, le gel mains d\u00e9sinfectant Sanytol \u00e9limine 99.9% des bact\u00e9ries, candida albicans, virus de la grippe H1N1, e-coli, salmonelle, list\u00e9ria, virus de l\u2019herp\u00e8s, staphylococcus aureus et coronavirus humain 229E. Sa formule antibact\u00e9rienne limite&hellip;\" \/>\n<meta property=\"og:url\" content=\"https:\/\/sanytol.be\/fr\/produits\/gel-desinfectant-mains-75ml-the-vert\/\" \/>\n<meta property=\"og:site_name\" content=\"Sanytol\" \/>\n<meta property=\"article:modified_time\" content=\"2022-05-19T13:30:48+00:00\" \/>\n<meta property=\"og:image\" content=\"https:\/\/sanytol.be\/fr\/wp-content\/uploads\/sites\/6\/2020\/12\/31650200-sanytol-gel-hidro-75ml.png\" \/>\n\t<meta property=\"og:image:width\" content=\"1500\" \/>\n\t<meta property=\"og:image:height\" content=\"1500\" \/>\n\t<meta property=\"og:image:type\" content=\"image\/png\" \/>\n<meta name=\"twitter:card\" content=\"summary_large_image\" \/>\n<meta name=\"twitter:label1\" content=\"Dur\u00e9e de lecture estim\u00e9e\" \/>\n\t<meta name=\"twitter:data1\" content=\"1 minute\" \/>\n<script type=\"application\/ld+json\" class=\"yoast-schema-graph\">{\"@context\":\"https:\/\/schema.org\",\"@graph\":[{\"@type\":\"WebPage\",\"@id\":\"https:\/\/sanytol.be\/fr\/produits\/gel-desinfectant-mains-75ml-the-vert\/\",\"url\":\"https:\/\/sanytol.be\/fr\/produits\/gel-desinfectant-mains-75ml-the-vert\/\",\"name\":\"Gel D\u00e9sinfectant Mains 75ml - Th\u00e9 Vert - Sanytol\",\"isPartOf\":{\"@id\":\"https:\/\/sanytol.be\/fr\/#website\"},\"datePublished\":\"2020-12-23T08:11:17+00:00\",\"dateModified\":\"2022-05-19T13:30:48+00:00\",\"breadcrumb\":{\"@id\":\"https:\/\/sanytol.be\/fr\/produits\/gel-desinfectant-mains-75ml-the-vert\/#breadcrumb\"},\"inLanguage\":\"fr-FR\",\"potentialAction\":[{\"@type\":\"ReadAction\",\"target\":[\"https:\/\/sanytol.be\/fr\/produits\/gel-desinfectant-mains-75ml-the-vert\/\"]}]},{\"@type\":\"BreadcrumbList\",\"@id\":\"https:\/\/sanytol.be\/fr\/produits\/gel-desinfectant-mains-75ml-the-vert\/#breadcrumb\",\"itemListElement\":[{\"@type\":\"ListItem\",\"position\":1,\"name\":\"Home\",\"item\":\"https:\/\/sanytol.be\/fr\/\"},{\"@type\":\"ListItem\",\"position\":2,\"name\":\"Produits\",\"item\":\"https:\/\/sanytol.be\/fr\/produits\/\"},{\"@type\":\"ListItem\",\"position\":3,\"name\":\"Gel D\u00e9sinfectant Mains 75ml &#8211; Th\u00e9 Vert\"}]},{\"@type\":\"WebSite\",\"@id\":\"https:\/\/sanytol.be\/fr\/#website\",\"url\":\"https:\/\/sanytol.be\/fr\/\",\"name\":\"Sanytol\",\"description\":\"\",\"potentialAction\":[{\"@type\":\"SearchAction\",\"target\":{\"@type\":\"EntryPoint\",\"urlTemplate\":\"https:\/\/sanytol.be\/fr\/?s={search_term_string}\"},\"query-input\":\"required name=search_term_string\"}],\"inLanguage\":\"fr-FR\"}]}<\/script>\n<!-- \/ Yoast SEO plugin. -->","yoast_head_json":{"title":"Gel D\u00e9sinfectant Mains 75ml - Th\u00e9 Vert - Sanytol","robots":{"index":"index","follow":"follow","max-snippet":"max-snippet:-1","max-image-preview":"max-image-preview:large","max-video-preview":"max-video-preview:-1"},"canonical":"https:\/\/sanytol.be\/fr\/produits\/gel-desinfectant-mains-75ml-the-vert\/","og_locale":"fr_FR","og_type":"article","og_title":"Gel D\u00e9sinfectant Mains 75ml - Th\u00e9 Vert - Sanytol","og_description":"La majorit\u00e9 des maladies infectieuses se transmettent par les mains. L\u2019exposition des mains aux microbes est quasi-permanente. Gr\u00e2ce \u00e0 sa formule triple action, le gel mains d\u00e9sinfectant Sanytol \u00e9limine 99.9% des bact\u00e9ries, candida albicans, virus de la grippe H1N1, e-coli, salmonelle, list\u00e9ria, virus de l\u2019herp\u00e8s, staphylococcus aureus et coronavirus humain 229E. Sa formule antibact\u00e9rienne limite&hellip;","og_url":"https:\/\/sanytol.be\/fr\/produits\/gel-desinfectant-mains-75ml-the-vert\/","og_site_name":"Sanytol","article_modified_time":"2022-05-19T13:30:48+00:00","og_image":[{"width":1500,"height":1500,"url":"https:\/\/sanytol.be\/fr\/wp-content\/uploads\/sites\/6\/2020\/12\/31650200-sanytol-gel-hidro-75ml.png","type":"image\/png"}],"twitter_card":"summary_large_image","twitter_misc":{"Dur\u00e9e de lecture estim\u00e9e":"1 minute"},"schema":{"@context":"https:\/\/schema.org","@graph":[{"@type":"WebPage","@id":"https:\/\/sanytol.be\/fr\/produits\/gel-desinfectant-mains-75ml-the-vert\/","url":"https:\/\/sanytol.be\/fr\/produits\/gel-desinfectant-mains-75ml-the-vert\/","name":"Gel D\u00e9sinfectant Mains 75ml - Th\u00e9 Vert - Sanytol","isPartOf":{"@id":"https:\/\/sanytol.be\/fr\/#website"},"datePublished":"2020-12-23T08:11:17+00:00","dateModified":"2022-05-19T13:30:48+00:00","breadcrumb":{"@id":"https:\/\/sanytol.be\/fr\/produits\/gel-desinfectant-mains-75ml-the-vert\/#breadcrumb"},"inLanguage":"fr-FR","potentialAction":[{"@type":"ReadAction","target":["https:\/\/sanytol.be\/fr\/produits\/gel-desinfectant-mains-75ml-the-vert\/"]}]},{"@type":"BreadcrumbList","@id":"https:\/\/sanytol.be\/fr\/produits\/gel-desinfectant-mains-75ml-the-vert\/#breadcrumb","itemListElement":[{"@type":"ListItem","position":1,"name":"Home","item":"https:\/\/sanytol.be\/fr\/"},{"@type":"ListItem","position":2,"name":"Produits","item":"https:\/\/sanytol.be\/fr\/produits\/"},{"@type":"ListItem","position":3,"name":"Gel D\u00e9sinfectant Mains 75ml &#8211; Th\u00e9 Vert"}]},{"@type":"WebSite","@id":"https:\/\/sanytol.be\/fr\/#website","url":"https:\/\/sanytol.be\/fr\/","name":"Sanytol","description":"","potentialAction":[{"@type":"SearchAction","target":{"@type":"EntryPoint","urlTemplate":"https:\/\/sanytol.be\/fr\/?s={search_term_string}"},"query-input":"required name=search_term_string"}],"inLanguage":"fr-FR"}]}},"_links":{"self":[{"href":"https:\/\/sanytol.be\/fr\/wp-json\/wp\/v2\/product\/7504"}],"collection":[{"href":"https:\/\/sanytol.be\/fr\/wp-json\/wp\/v2\/product"}],"about":[{"href":"https:\/\/sanytol.be\/fr\/wp-json\/wp\/v2\/types\/product"}],"replies":[{"embeddable":true,"href":"https:\/\/sanytol.be\/fr\/wp-json\/wp\/v2\/comments?post=7504"}],"wp:featuredmedia":[{"embeddable":true,"href":"https:\/\/sanytol.be\/fr\/wp-json\/wp\/v2\/media\/7417"}],"wp:attachment":[{"href":"https:\/\/sanytol.be\/fr\/wp-json\/wp\/v2\/media?parent=7504"}],"wp:term":[{"taxonomy":"product_cat","embeddable":true,"href":"https:\/\/sanytol.be\/fr\/wp-json\/wp\/v2\/product_cat?post=7504"}],"curies":[{"name":"wp","href":"https:\/\/api.w.org\/{rel}","templated":true}]}}