{"id":7506,"date":"2020-12-23T10:11:17","date_gmt":"2020-12-23T08:11:17","guid":{"rendered":"https:\/\/sanytol.com\/fr\/product\/lingettes-individuelles-desinfectantes-mains-the-vert\/"},"modified":"2022-05-19T15:33:53","modified_gmt":"2022-05-19T13:33:53","slug":"lingettes-individuelles-desinfectantes-mains-the-vert","status":"publish","type":"product","link":"https:\/\/sanytol.be\/fr\/produits\/lingettes-individuelles-desinfectantes-mains-the-vert\/","title":{"rendered":"Lingettes Individuelles D\u00e9sinfectantes Mains &#8211; Th\u00e9 Vert"},"content":{"rendered":"<p>Gr\u00e2ce \u00e0 sa formule triple action, les lingettes mains d\u00e9sinfectantes Sanytol \u00e9limine 99.9% des bact\u00e9ries, candida albicans, virus H1N1, e-coli, salmonelle, list\u00e9ria, virus de l\u2019herp\u00e8s et staphylococcus aureus.<\/p>\n<p>Impr\u00e9gn\u00e9es de gel hydroalcoolique et enrichies en agents hydratants, elles laissent les mains propres, saines, douces et d\u00e9licatement parfum\u00e9es au th\u00e9 vert. Gr\u00e2ce \u00e0 leur format compact, elles sont pratiques \u00e0 emporter et assurent une hygi\u00e8ne parfaite \u00e0 tout moment de la journ\u00e9e.<\/p>\n","protected":false},"excerpt":{"rendered":"<p>Gr\u00e2ce \u00e0 sa formule triple action, les lingettes mains d\u00e9sinfectantes Sanytol \u00e9limine 99.9% des bact\u00e9ries, candida albicans, virus H1N1, e-coli, salmonelle, list\u00e9ria, virus de l\u2019herp\u00e8s et staphylococcus aureus. Impr\u00e9gn\u00e9es de gel hydroalcoolique et enrichies en agents hydratants, elles laissent les mains propres, saines, douces et d\u00e9licatement parfum\u00e9es au th\u00e9 vert. Gr\u00e2ce \u00e0 leur format compact,&hellip;<\/p>\n","protected":false},"featured_media":7406,"comment_status":"closed","ping_status":"closed","template":"","meta":[],"product_cat":[340,341],"acf":[],"yoast_head":"<!-- This site is optimized with the Yoast SEO plugin v21.4 - https:\/\/yoast.com\/wordpress\/plugins\/seo\/ -->\n<title>Lingettes Individuelles D\u00e9sinfectantes Mains - Th\u00e9 Vert - Sanytol<\/title>\n<meta name=\"robots\" content=\"index, follow, max-snippet:-1, max-image-preview:large, max-video-preview:-1\" \/>\n<link rel=\"canonical\" href=\"https:\/\/sanytol.be\/fr\/produits\/lingettes-individuelles-desinfectantes-mains-the-vert\/\" \/>\n<meta property=\"og:locale\" content=\"fr_FR\" \/>\n<meta property=\"og:type\" content=\"article\" \/>\n<meta property=\"og:title\" content=\"Lingettes Individuelles D\u00e9sinfectantes Mains - Th\u00e9 Vert - Sanytol\" \/>\n<meta property=\"og:description\" content=\"Gr\u00e2ce \u00e0 sa formule triple action, les lingettes mains d\u00e9sinfectantes Sanytol \u00e9limine 99.9% des bact\u00e9ries, candida albicans, virus H1N1, e-coli, salmonelle, list\u00e9ria, virus de l\u2019herp\u00e8s et staphylococcus aureus. Impr\u00e9gn\u00e9es de gel hydroalcoolique et enrichies en agents hydratants, elles laissent les mains propres, saines, douces et d\u00e9licatement parfum\u00e9es au th\u00e9 vert. Gr\u00e2ce \u00e0 leur format compact,&hellip;\" \/>\n<meta property=\"og:url\" content=\"https:\/\/sanytol.be\/fr\/produits\/lingettes-individuelles-desinfectantes-mains-the-vert\/\" \/>\n<meta property=\"og:site_name\" content=\"Sanytol\" \/>\n<meta property=\"article:modified_time\" content=\"2022-05-19T13:33:53+00:00\" \/>\n<meta property=\"og:image\" content=\"https:\/\/sanytol.be\/fr\/wp-content\/uploads\/sites\/6\/2020\/12\/sanytol-simu_boite_lingette.png\" \/>\n\t<meta property=\"og:image:width\" content=\"1500\" \/>\n\t<meta property=\"og:image:height\" content=\"1500\" \/>\n\t<meta property=\"og:image:type\" content=\"image\/png\" \/>\n<meta name=\"twitter:card\" content=\"summary_large_image\" \/>\n<script type=\"application\/ld+json\" class=\"yoast-schema-graph\">{\"@context\":\"https:\/\/schema.org\",\"@graph\":[{\"@type\":\"WebPage\",\"@id\":\"https:\/\/sanytol.be\/fr\/produits\/lingettes-individuelles-desinfectantes-mains-the-vert\/\",\"url\":\"https:\/\/sanytol.be\/fr\/produits\/lingettes-individuelles-desinfectantes-mains-the-vert\/\",\"name\":\"Lingettes Individuelles D\u00e9sinfectantes Mains - Th\u00e9 Vert - Sanytol\",\"isPartOf\":{\"@id\":\"https:\/\/sanytol.be\/fr\/#website\"},\"datePublished\":\"2020-12-23T08:11:17+00:00\",\"dateModified\":\"2022-05-19T13:33:53+00:00\",\"breadcrumb\":{\"@id\":\"https:\/\/sanytol.be\/fr\/produits\/lingettes-individuelles-desinfectantes-mains-the-vert\/#breadcrumb\"},\"inLanguage\":\"fr-FR\",\"potentialAction\":[{\"@type\":\"ReadAction\",\"target\":[\"https:\/\/sanytol.be\/fr\/produits\/lingettes-individuelles-desinfectantes-mains-the-vert\/\"]}]},{\"@type\":\"BreadcrumbList\",\"@id\":\"https:\/\/sanytol.be\/fr\/produits\/lingettes-individuelles-desinfectantes-mains-the-vert\/#breadcrumb\",\"itemListElement\":[{\"@type\":\"ListItem\",\"position\":1,\"name\":\"Home\",\"item\":\"https:\/\/sanytol.be\/fr\/\"},{\"@type\":\"ListItem\",\"position\":2,\"name\":\"Produits\",\"item\":\"https:\/\/sanytol.be\/fr\/produits\/\"},{\"@type\":\"ListItem\",\"position\":3,\"name\":\"Lingettes Individuelles D\u00e9sinfectantes Mains &#8211; Th\u00e9 Vert\"}]},{\"@type\":\"WebSite\",\"@id\":\"https:\/\/sanytol.be\/fr\/#website\",\"url\":\"https:\/\/sanytol.be\/fr\/\",\"name\":\"Sanytol\",\"description\":\"\",\"potentialAction\":[{\"@type\":\"SearchAction\",\"target\":{\"@type\":\"EntryPoint\",\"urlTemplate\":\"https:\/\/sanytol.be\/fr\/?s={search_term_string}\"},\"query-input\":\"required name=search_term_string\"}],\"inLanguage\":\"fr-FR\"}]}<\/script>\n<!-- \/ Yoast SEO plugin. -->","yoast_head_json":{"title":"Lingettes Individuelles D\u00e9sinfectantes Mains - Th\u00e9 Vert - Sanytol","robots":{"index":"index","follow":"follow","max-snippet":"max-snippet:-1","max-image-preview":"max-image-preview:large","max-video-preview":"max-video-preview:-1"},"canonical":"https:\/\/sanytol.be\/fr\/produits\/lingettes-individuelles-desinfectantes-mains-the-vert\/","og_locale":"fr_FR","og_type":"article","og_title":"Lingettes Individuelles D\u00e9sinfectantes Mains - Th\u00e9 Vert - Sanytol","og_description":"Gr\u00e2ce \u00e0 sa formule triple action, les lingettes mains d\u00e9sinfectantes Sanytol \u00e9limine 99.9% des bact\u00e9ries, candida albicans, virus H1N1, e-coli, salmonelle, list\u00e9ria, virus de l\u2019herp\u00e8s et staphylococcus aureus. Impr\u00e9gn\u00e9es de gel hydroalcoolique et enrichies en agents hydratants, elles laissent les mains propres, saines, douces et d\u00e9licatement parfum\u00e9es au th\u00e9 vert. Gr\u00e2ce \u00e0 leur format compact,&hellip;","og_url":"https:\/\/sanytol.be\/fr\/produits\/lingettes-individuelles-desinfectantes-mains-the-vert\/","og_site_name":"Sanytol","article_modified_time":"2022-05-19T13:33:53+00:00","og_image":[{"width":1500,"height":1500,"url":"https:\/\/sanytol.be\/fr\/wp-content\/uploads\/sites\/6\/2020\/12\/sanytol-simu_boite_lingette.png","type":"image\/png"}],"twitter_card":"summary_large_image","schema":{"@context":"https:\/\/schema.org","@graph":[{"@type":"WebPage","@id":"https:\/\/sanytol.be\/fr\/produits\/lingettes-individuelles-desinfectantes-mains-the-vert\/","url":"https:\/\/sanytol.be\/fr\/produits\/lingettes-individuelles-desinfectantes-mains-the-vert\/","name":"Lingettes Individuelles D\u00e9sinfectantes Mains - Th\u00e9 Vert - Sanytol","isPartOf":{"@id":"https:\/\/sanytol.be\/fr\/#website"},"datePublished":"2020-12-23T08:11:17+00:00","dateModified":"2022-05-19T13:33:53+00:00","breadcrumb":{"@id":"https:\/\/sanytol.be\/fr\/produits\/lingettes-individuelles-desinfectantes-mains-the-vert\/#breadcrumb"},"inLanguage":"fr-FR","potentialAction":[{"@type":"ReadAction","target":["https:\/\/sanytol.be\/fr\/produits\/lingettes-individuelles-desinfectantes-mains-the-vert\/"]}]},{"@type":"BreadcrumbList","@id":"https:\/\/sanytol.be\/fr\/produits\/lingettes-individuelles-desinfectantes-mains-the-vert\/#breadcrumb","itemListElement":[{"@type":"ListItem","position":1,"name":"Home","item":"https:\/\/sanytol.be\/fr\/"},{"@type":"ListItem","position":2,"name":"Produits","item":"https:\/\/sanytol.be\/fr\/produits\/"},{"@type":"ListItem","position":3,"name":"Lingettes Individuelles D\u00e9sinfectantes Mains &#8211; Th\u00e9 Vert"}]},{"@type":"WebSite","@id":"https:\/\/sanytol.be\/fr\/#website","url":"https:\/\/sanytol.be\/fr\/","name":"Sanytol","description":"","potentialAction":[{"@type":"SearchAction","target":{"@type":"EntryPoint","urlTemplate":"https:\/\/sanytol.be\/fr\/?s={search_term_string}"},"query-input":"required name=search_term_string"}],"inLanguage":"fr-FR"}]}},"_links":{"self":[{"href":"https:\/\/sanytol.be\/fr\/wp-json\/wp\/v2\/product\/7506"}],"collection":[{"href":"https:\/\/sanytol.be\/fr\/wp-json\/wp\/v2\/product"}],"about":[{"href":"https:\/\/sanytol.be\/fr\/wp-json\/wp\/v2\/types\/product"}],"replies":[{"embeddable":true,"href":"https:\/\/sanytol.be\/fr\/wp-json\/wp\/v2\/comments?post=7506"}],"wp:featuredmedia":[{"embeddable":true,"href":"https:\/\/sanytol.be\/fr\/wp-json\/wp\/v2\/media\/7406"}],"wp:attachment":[{"href":"https:\/\/sanytol.be\/fr\/wp-json\/wp\/v2\/media?parent=7506"}],"wp:term":[{"taxonomy":"product_cat","embeddable":true,"href":"https:\/\/sanytol.be\/fr\/wp-json\/wp\/v2\/product_cat?post=7506"}],"curies":[{"name":"wp","href":"https:\/\/api.w.org\/{rel}","templated":true}]}}