{"id":8566,"date":"2022-05-19T13:03:15","date_gmt":"2022-05-19T11:03:15","guid":{"rendered":"https:\/\/sanytol.be\/fr\/?post_type=product&#038;p=8566"},"modified":"2025-10-10T10:58:21","modified_gmt":"2025-10-10T08:58:21","slug":"desinfectant-pour-machines-a-laver-le-linge","status":"publish","type":"product","link":"https:\/\/sanytol.be\/fr\/produits\/desinfectant-pour-machines-a-laver-le-linge\/","title":{"rendered":"D\u00e9sinfectant pour Machines \u00e0 Laver le Linge"},"content":{"rendered":"<p>Tout cycle de lavage laisse des r\u00e9sidus de salet\u00e9 et de calcaire qui peuvent alt\u00e9rer les performances de la machine \u00e0 laver le linge. Sanytol, l&rsquo;expert de la d\u00e9sinfection sans javel a d\u00e9velopp\u00e9 un nettoyant d\u00e9sinfectant pour machine \u00e0 laver le linge qui \u00e9limine 99.9%* des bact\u00e9ries. Il nettoie, d\u00e9sinfecte pr\u00e9vient tout risque de contaminations li\u00e9 \u00e0 la machine \u00e0 laver le linge, aidant \u00e0 am\u00e9liorer ses performances sur le long terme. Sa formule ALLinONE nettoie et purifie la machine \u00e0 laver le linge des bact\u00e9ries, \u00e9limine les mauvaises odeurs et d\u00e9truit la salet\u00e9 et le calcaire. Seule une machine \u00e0 laver le linge propre et d\u00e9sinfect\u00e9e peut garantir un linge frais et propre.<\/p>\n","protected":false},"excerpt":{"rendered":"<p>Tout cycle de lavage laisse des r\u00e9sidus de salet\u00e9 et de calcaire qui peuvent alt\u00e9rer les performances de la machine \u00e0 laver le linge. Sanytol, l&rsquo;expert de la d\u00e9sinfection sans javel a d\u00e9velopp\u00e9 un nettoyant d\u00e9sinfectant pour machine \u00e0 laver le linge qui \u00e9limine 99.9%* des bact\u00e9ries. Il nettoie, d\u00e9sinfecte pr\u00e9vient tout risque de contaminations&hellip;<\/p>\n","protected":false},"featured_media":8796,"comment_status":"closed","ping_status":"closed","template":"","meta":[],"product_cat":[301],"acf":[],"yoast_head":"<!-- This site is optimized with the Yoast SEO plugin v21.4 - https:\/\/yoast.com\/wordpress\/plugins\/seo\/ -->\n<title>D\u00e9sinfectant pour Machines \u00e0 Laver le Linge - Sanytol<\/title>\n<meta name=\"robots\" content=\"index, follow, max-snippet:-1, max-image-preview:large, max-video-preview:-1\" \/>\n<link rel=\"canonical\" href=\"https:\/\/sanytol.be\/fr\/produits\/desinfectant-pour-machines-a-laver-le-linge\/\" \/>\n<meta property=\"og:locale\" content=\"fr_FR\" \/>\n<meta property=\"og:type\" content=\"article\" \/>\n<meta property=\"og:title\" content=\"D\u00e9sinfectant pour Machines \u00e0 Laver le Linge - Sanytol\" \/>\n<meta property=\"og:description\" content=\"Tout cycle de lavage laisse des r\u00e9sidus de salet\u00e9 et de calcaire qui peuvent alt\u00e9rer les performances de la machine \u00e0 laver le linge. Sanytol, l&rsquo;expert de la d\u00e9sinfection sans javel a d\u00e9velopp\u00e9 un nettoyant d\u00e9sinfectant pour machine \u00e0 laver le linge qui \u00e9limine 99.9%* des bact\u00e9ries. Il nettoie, d\u00e9sinfecte pr\u00e9vient tout risque de contaminations&hellip;\" \/>\n<meta property=\"og:url\" content=\"https:\/\/sanytol.be\/fr\/produits\/desinfectant-pour-machines-a-laver-le-linge\/\" \/>\n<meta property=\"og:site_name\" content=\"Sanytol\" \/>\n<meta property=\"article:modified_time\" content=\"2025-10-10T08:58:21+00:00\" \/>\n<meta property=\"og:image\" content=\"https:\/\/sanytol.be\/fr\/wp-content\/uploads\/sites\/6\/2022\/05\/1500-x-1500-2-41.png\" \/>\n\t<meta property=\"og:image:width\" content=\"1500\" \/>\n\t<meta property=\"og:image:height\" content=\"1500\" \/>\n\t<meta property=\"og:image:type\" content=\"image\/png\" \/>\n<meta name=\"twitter:card\" content=\"summary_large_image\" \/>\n<meta name=\"twitter:label1\" content=\"Dur\u00e9e de lecture estim\u00e9e\" \/>\n\t<meta name=\"twitter:data1\" content=\"1 minute\" \/>\n<script type=\"application\/ld+json\" class=\"yoast-schema-graph\">{\"@context\":\"https:\/\/schema.org\",\"@graph\":[{\"@type\":\"WebPage\",\"@id\":\"https:\/\/sanytol.be\/fr\/produits\/desinfectant-pour-machines-a-laver-le-linge\/\",\"url\":\"https:\/\/sanytol.be\/fr\/produits\/desinfectant-pour-machines-a-laver-le-linge\/\",\"name\":\"D\u00e9sinfectant pour Machines \u00e0 Laver le Linge - Sanytol\",\"isPartOf\":{\"@id\":\"https:\/\/sanytol.be\/fr\/#website\"},\"datePublished\":\"2022-05-19T11:03:15+00:00\",\"dateModified\":\"2025-10-10T08:58:21+00:00\",\"breadcrumb\":{\"@id\":\"https:\/\/sanytol.be\/fr\/produits\/desinfectant-pour-machines-a-laver-le-linge\/#breadcrumb\"},\"inLanguage\":\"fr-FR\",\"potentialAction\":[{\"@type\":\"ReadAction\",\"target\":[\"https:\/\/sanytol.be\/fr\/produits\/desinfectant-pour-machines-a-laver-le-linge\/\"]}]},{\"@type\":\"BreadcrumbList\",\"@id\":\"https:\/\/sanytol.be\/fr\/produits\/desinfectant-pour-machines-a-laver-le-linge\/#breadcrumb\",\"itemListElement\":[{\"@type\":\"ListItem\",\"position\":1,\"name\":\"Home\",\"item\":\"https:\/\/sanytol.be\/fr\/\"},{\"@type\":\"ListItem\",\"position\":2,\"name\":\"Produits\",\"item\":\"https:\/\/sanytol.be\/fr\/produits\/\"},{\"@type\":\"ListItem\",\"position\":3,\"name\":\"D\u00e9sinfectant pour Machines \u00e0 Laver le Linge\"}]},{\"@type\":\"WebSite\",\"@id\":\"https:\/\/sanytol.be\/fr\/#website\",\"url\":\"https:\/\/sanytol.be\/fr\/\",\"name\":\"Sanytol\",\"description\":\"\",\"potentialAction\":[{\"@type\":\"SearchAction\",\"target\":{\"@type\":\"EntryPoint\",\"urlTemplate\":\"https:\/\/sanytol.be\/fr\/?s={search_term_string}\"},\"query-input\":\"required name=search_term_string\"}],\"inLanguage\":\"fr-FR\"}]}<\/script>\n<!-- \/ Yoast SEO plugin. -->","yoast_head_json":{"title":"D\u00e9sinfectant pour Machines \u00e0 Laver le Linge - Sanytol","robots":{"index":"index","follow":"follow","max-snippet":"max-snippet:-1","max-image-preview":"max-image-preview:large","max-video-preview":"max-video-preview:-1"},"canonical":"https:\/\/sanytol.be\/fr\/produits\/desinfectant-pour-machines-a-laver-le-linge\/","og_locale":"fr_FR","og_type":"article","og_title":"D\u00e9sinfectant pour Machines \u00e0 Laver le Linge - Sanytol","og_description":"Tout cycle de lavage laisse des r\u00e9sidus de salet\u00e9 et de calcaire qui peuvent alt\u00e9rer les performances de la machine \u00e0 laver le linge. Sanytol, l&rsquo;expert de la d\u00e9sinfection sans javel a d\u00e9velopp\u00e9 un nettoyant d\u00e9sinfectant pour machine \u00e0 laver le linge qui \u00e9limine 99.9%* des bact\u00e9ries. Il nettoie, d\u00e9sinfecte pr\u00e9vient tout risque de contaminations&hellip;","og_url":"https:\/\/sanytol.be\/fr\/produits\/desinfectant-pour-machines-a-laver-le-linge\/","og_site_name":"Sanytol","article_modified_time":"2025-10-10T08:58:21+00:00","og_image":[{"width":1500,"height":1500,"url":"https:\/\/sanytol.be\/fr\/wp-content\/uploads\/sites\/6\/2022\/05\/1500-x-1500-2-41.png","type":"image\/png"}],"twitter_card":"summary_large_image","twitter_misc":{"Dur\u00e9e de lecture estim\u00e9e":"1 minute"},"schema":{"@context":"https:\/\/schema.org","@graph":[{"@type":"WebPage","@id":"https:\/\/sanytol.be\/fr\/produits\/desinfectant-pour-machines-a-laver-le-linge\/","url":"https:\/\/sanytol.be\/fr\/produits\/desinfectant-pour-machines-a-laver-le-linge\/","name":"D\u00e9sinfectant pour Machines \u00e0 Laver le Linge - Sanytol","isPartOf":{"@id":"https:\/\/sanytol.be\/fr\/#website"},"datePublished":"2022-05-19T11:03:15+00:00","dateModified":"2025-10-10T08:58:21+00:00","breadcrumb":{"@id":"https:\/\/sanytol.be\/fr\/produits\/desinfectant-pour-machines-a-laver-le-linge\/#breadcrumb"},"inLanguage":"fr-FR","potentialAction":[{"@type":"ReadAction","target":["https:\/\/sanytol.be\/fr\/produits\/desinfectant-pour-machines-a-laver-le-linge\/"]}]},{"@type":"BreadcrumbList","@id":"https:\/\/sanytol.be\/fr\/produits\/desinfectant-pour-machines-a-laver-le-linge\/#breadcrumb","itemListElement":[{"@type":"ListItem","position":1,"name":"Home","item":"https:\/\/sanytol.be\/fr\/"},{"@type":"ListItem","position":2,"name":"Produits","item":"https:\/\/sanytol.be\/fr\/produits\/"},{"@type":"ListItem","position":3,"name":"D\u00e9sinfectant pour Machines \u00e0 Laver le Linge"}]},{"@type":"WebSite","@id":"https:\/\/sanytol.be\/fr\/#website","url":"https:\/\/sanytol.be\/fr\/","name":"Sanytol","description":"","potentialAction":[{"@type":"SearchAction","target":{"@type":"EntryPoint","urlTemplate":"https:\/\/sanytol.be\/fr\/?s={search_term_string}"},"query-input":"required name=search_term_string"}],"inLanguage":"fr-FR"}]}},"_links":{"self":[{"href":"https:\/\/sanytol.be\/fr\/wp-json\/wp\/v2\/product\/8566"}],"collection":[{"href":"https:\/\/sanytol.be\/fr\/wp-json\/wp\/v2\/product"}],"about":[{"href":"https:\/\/sanytol.be\/fr\/wp-json\/wp\/v2\/types\/product"}],"replies":[{"embeddable":true,"href":"https:\/\/sanytol.be\/fr\/wp-json\/wp\/v2\/comments?post=8566"}],"wp:featuredmedia":[{"embeddable":true,"href":"https:\/\/sanytol.be\/fr\/wp-json\/wp\/v2\/media\/8796"}],"wp:attachment":[{"href":"https:\/\/sanytol.be\/fr\/wp-json\/wp\/v2\/media?parent=8566"}],"wp:term":[{"taxonomy":"product_cat","embeddable":true,"href":"https:\/\/sanytol.be\/fr\/wp-json\/wp\/v2\/product_cat?post=8566"}],"curies":[{"name":"wp","href":"https:\/\/api.w.org\/{rel}","templated":true}]}}