{"id":8865,"date":"2025-05-23T12:04:01","date_gmt":"2025-05-23T10:04:01","guid":{"rendered":"https:\/\/sanytol.be\/fr\/?post_type=product&#038;p=8865"},"modified":"2025-10-10T10:50:29","modified_gmt":"2025-10-10T08:50:29","slug":"additif-du-linge-fleurs-blanches","status":"publish","type":"product","link":"https:\/\/sanytol.be\/fr\/produits\/additif-du-linge-fleurs-blanches\/","title":{"rendered":"D\u00e9sinfectant du linge &#8211; Fleurs Blanches"},"content":{"rendered":"<p>Le lavage \u00e0 basse temp\u00e9rature ne permet pas de d\u00e9truire tous les microbes susceptibles de provoquer des odeurs, des maladies et des irritations cutan\u00e9es. Pour une hygi\u00e8ne parfaite, il faut plus qu&rsquo;une simple lessive.<\/p>\n<p>Le Sanytol D\u00e9sinfectant du linge garantit un linge parfaitement propre et frais, sans bact\u00e9ries ni odeurs d\u00e9sagr\u00e9ables. Gr\u00e2ce \u00e0 sa<strong> triple action<\/strong>, il \u00e9limine 99,9 % des bact\u00e9ries, du Candida albicans et des virus, y compris le coronavirus humain 229E et H1N1. Surtout, il contient la technologie innovante <strong>STOP ODORS<\/strong>, qui :<\/p>\n<p>&#8211; \u00e9limine les bact\u00e9ries responsables des mauvaises odeurs<\/p>\n<p>&#8211; \u00e9limine et pr\u00e9vient la formation du biofilm \u00e0 l&rsquo;int\u00e9rieur du lave-linge, qui est \u00e0 l&rsquo;origine des mauvaises odeurs dans le lave-linge, prolongeant ainsi la fra\u00eecheur du linge.<\/p>\n<p>Le d\u00e9sinfectant pour lave-linge est efficace m\u00eame en cas de cycles de lavage courts et de basses temp\u00e9ratures. Convient au linge blanc et au linge de couleur.<\/p>\n","protected":false},"excerpt":{"rendered":"<p>Le lavage \u00e0 basse temp\u00e9rature ne permet pas de d\u00e9truire tous les microbes susceptibles de provoquer des odeurs, des maladies et des irritations cutan\u00e9es. Pour une hygi\u00e8ne parfaite, il faut plus qu&rsquo;une simple lessive. Le Sanytol D\u00e9sinfectant du linge garantit un linge parfaitement propre et frais, sans bact\u00e9ries ni odeurs d\u00e9sagr\u00e9ables. Gr\u00e2ce \u00e0 sa triple&hellip;<\/p>\n","protected":false},"featured_media":8868,"comment_status":"closed","ping_status":"closed","template":"","meta":[],"product_cat":[301],"acf":[],"yoast_head":"<!-- This site is optimized with the Yoast SEO plugin v21.4 - https:\/\/yoast.com\/wordpress\/plugins\/seo\/ -->\n<title>D\u00e9sinfectant du linge - Fleurs Blanches - Sanytol<\/title>\n<meta name=\"description\" content=\"Le d\u00e9sinfectant du linge \u00e9limine bact\u00e9ries, virus et levures \u00e0 basse temp\u00e9rature. Sa formule unique d\u00e9truit efficacement les odeurs tenaces, tout en respectant les fibres sur le linge blanc et de couleur.\" \/>\n<meta name=\"robots\" content=\"index, follow, max-snippet:-1, max-image-preview:large, max-video-preview:-1\" \/>\n<link rel=\"canonical\" href=\"https:\/\/sanytol.be\/fr\/produits\/additif-du-linge-fleurs-blanches\/\" \/>\n<meta property=\"og:locale\" content=\"fr_FR\" \/>\n<meta property=\"og:type\" content=\"article\" \/>\n<meta property=\"og:title\" content=\"D\u00e9sinfectant du linge - Fleurs Blanches - Sanytol\" \/>\n<meta property=\"og:description\" content=\"Le d\u00e9sinfectant du linge \u00e9limine bact\u00e9ries, virus et levures \u00e0 basse temp\u00e9rature. Sa formule unique d\u00e9truit efficacement les odeurs tenaces, tout en respectant les fibres sur le linge blanc et de couleur.\" \/>\n<meta property=\"og:url\" content=\"https:\/\/sanytol.be\/fr\/produits\/additif-du-linge-fleurs-blanches\/\" \/>\n<meta property=\"og:site_name\" content=\"Sanytol\" \/>\n<meta property=\"article:modified_time\" content=\"2025-10-10T08:50:29+00:00\" \/>\n<meta property=\"og:image\" content=\"https:\/\/sanytol.be\/fr\/wp-content\/uploads\/sites\/6\/2025\/05\/5831636200-SANYTOL-CLOTHES-D-FLOR-BL-PURE-500ML-BE.png\" \/>\n\t<meta property=\"og:image:width\" content=\"1500\" \/>\n\t<meta property=\"og:image:height\" content=\"1500\" \/>\n\t<meta property=\"og:image:type\" content=\"image\/png\" \/>\n<meta name=\"twitter:card\" content=\"summary_large_image\" \/>\n<meta name=\"twitter:label1\" content=\"Dur\u00e9e de lecture estim\u00e9e\" \/>\n\t<meta name=\"twitter:data1\" content=\"1 minute\" \/>\n<script type=\"application\/ld+json\" class=\"yoast-schema-graph\">{\"@context\":\"https:\/\/schema.org\",\"@graph\":[{\"@type\":\"WebPage\",\"@id\":\"https:\/\/sanytol.be\/fr\/produits\/additif-du-linge-fleurs-blanches\/\",\"url\":\"https:\/\/sanytol.be\/fr\/produits\/additif-du-linge-fleurs-blanches\/\",\"name\":\"D\u00e9sinfectant du linge - Fleurs Blanches - Sanytol\",\"isPartOf\":{\"@id\":\"https:\/\/sanytol.be\/fr\/#website\"},\"datePublished\":\"2025-05-23T10:04:01+00:00\",\"dateModified\":\"2025-10-10T08:50:29+00:00\",\"description\":\"Le d\u00e9sinfectant du linge \u00e9limine bact\u00e9ries, virus et levures \u00e0 basse temp\u00e9rature. Sa formule unique d\u00e9truit efficacement les odeurs tenaces, tout en respectant les fibres sur le linge blanc et de couleur.\",\"breadcrumb\":{\"@id\":\"https:\/\/sanytol.be\/fr\/produits\/additif-du-linge-fleurs-blanches\/#breadcrumb\"},\"inLanguage\":\"fr-FR\",\"potentialAction\":[{\"@type\":\"ReadAction\",\"target\":[\"https:\/\/sanytol.be\/fr\/produits\/additif-du-linge-fleurs-blanches\/\"]}]},{\"@type\":\"BreadcrumbList\",\"@id\":\"https:\/\/sanytol.be\/fr\/produits\/additif-du-linge-fleurs-blanches\/#breadcrumb\",\"itemListElement\":[{\"@type\":\"ListItem\",\"position\":1,\"name\":\"Home\",\"item\":\"https:\/\/sanytol.be\/fr\/\"},{\"@type\":\"ListItem\",\"position\":2,\"name\":\"Produits\",\"item\":\"https:\/\/sanytol.be\/fr\/produits\/\"},{\"@type\":\"ListItem\",\"position\":3,\"name\":\"D\u00e9sinfectant du linge &#8211; Fleurs Blanches\"}]},{\"@type\":\"WebSite\",\"@id\":\"https:\/\/sanytol.be\/fr\/#website\",\"url\":\"https:\/\/sanytol.be\/fr\/\",\"name\":\"Sanytol\",\"description\":\"\",\"potentialAction\":[{\"@type\":\"SearchAction\",\"target\":{\"@type\":\"EntryPoint\",\"urlTemplate\":\"https:\/\/sanytol.be\/fr\/?s={search_term_string}\"},\"query-input\":\"required name=search_term_string\"}],\"inLanguage\":\"fr-FR\"}]}<\/script>\n<!-- \/ Yoast SEO plugin. -->","yoast_head_json":{"title":"D\u00e9sinfectant du linge - Fleurs Blanches - Sanytol","description":"Le d\u00e9sinfectant du linge \u00e9limine bact\u00e9ries, virus et levures \u00e0 basse temp\u00e9rature. Sa formule unique d\u00e9truit efficacement les odeurs tenaces, tout en respectant les fibres sur le linge blanc et de couleur.","robots":{"index":"index","follow":"follow","max-snippet":"max-snippet:-1","max-image-preview":"max-image-preview:large","max-video-preview":"max-video-preview:-1"},"canonical":"https:\/\/sanytol.be\/fr\/produits\/additif-du-linge-fleurs-blanches\/","og_locale":"fr_FR","og_type":"article","og_title":"D\u00e9sinfectant du linge - Fleurs Blanches - Sanytol","og_description":"Le d\u00e9sinfectant du linge \u00e9limine bact\u00e9ries, virus et levures \u00e0 basse temp\u00e9rature. Sa formule unique d\u00e9truit efficacement les odeurs tenaces, tout en respectant les fibres sur le linge blanc et de couleur.","og_url":"https:\/\/sanytol.be\/fr\/produits\/additif-du-linge-fleurs-blanches\/","og_site_name":"Sanytol","article_modified_time":"2025-10-10T08:50:29+00:00","og_image":[{"width":1500,"height":1500,"url":"https:\/\/sanytol.be\/fr\/wp-content\/uploads\/sites\/6\/2025\/05\/5831636200-SANYTOL-CLOTHES-D-FLOR-BL-PURE-500ML-BE.png","type":"image\/png"}],"twitter_card":"summary_large_image","twitter_misc":{"Dur\u00e9e de lecture estim\u00e9e":"1 minute"},"schema":{"@context":"https:\/\/schema.org","@graph":[{"@type":"WebPage","@id":"https:\/\/sanytol.be\/fr\/produits\/additif-du-linge-fleurs-blanches\/","url":"https:\/\/sanytol.be\/fr\/produits\/additif-du-linge-fleurs-blanches\/","name":"D\u00e9sinfectant du linge - Fleurs Blanches - Sanytol","isPartOf":{"@id":"https:\/\/sanytol.be\/fr\/#website"},"datePublished":"2025-05-23T10:04:01+00:00","dateModified":"2025-10-10T08:50:29+00:00","description":"Le d\u00e9sinfectant du linge \u00e9limine bact\u00e9ries, virus et levures \u00e0 basse temp\u00e9rature. Sa formule unique d\u00e9truit efficacement les odeurs tenaces, tout en respectant les fibres sur le linge blanc et de couleur.","breadcrumb":{"@id":"https:\/\/sanytol.be\/fr\/produits\/additif-du-linge-fleurs-blanches\/#breadcrumb"},"inLanguage":"fr-FR","potentialAction":[{"@type":"ReadAction","target":["https:\/\/sanytol.be\/fr\/produits\/additif-du-linge-fleurs-blanches\/"]}]},{"@type":"BreadcrumbList","@id":"https:\/\/sanytol.be\/fr\/produits\/additif-du-linge-fleurs-blanches\/#breadcrumb","itemListElement":[{"@type":"ListItem","position":1,"name":"Home","item":"https:\/\/sanytol.be\/fr\/"},{"@type":"ListItem","position":2,"name":"Produits","item":"https:\/\/sanytol.be\/fr\/produits\/"},{"@type":"ListItem","position":3,"name":"D\u00e9sinfectant du linge &#8211; Fleurs Blanches"}]},{"@type":"WebSite","@id":"https:\/\/sanytol.be\/fr\/#website","url":"https:\/\/sanytol.be\/fr\/","name":"Sanytol","description":"","potentialAction":[{"@type":"SearchAction","target":{"@type":"EntryPoint","urlTemplate":"https:\/\/sanytol.be\/fr\/?s={search_term_string}"},"query-input":"required name=search_term_string"}],"inLanguage":"fr-FR"}]}},"_links":{"self":[{"href":"https:\/\/sanytol.be\/fr\/wp-json\/wp\/v2\/product\/8865"}],"collection":[{"href":"https:\/\/sanytol.be\/fr\/wp-json\/wp\/v2\/product"}],"about":[{"href":"https:\/\/sanytol.be\/fr\/wp-json\/wp\/v2\/types\/product"}],"replies":[{"embeddable":true,"href":"https:\/\/sanytol.be\/fr\/wp-json\/wp\/v2\/comments?post=8865"}],"wp:featuredmedia":[{"embeddable":true,"href":"https:\/\/sanytol.be\/fr\/wp-json\/wp\/v2\/media\/8868"}],"wp:attachment":[{"href":"https:\/\/sanytol.be\/fr\/wp-json\/wp\/v2\/media?parent=8865"}],"wp:term":[{"taxonomy":"product_cat","embeddable":true,"href":"https:\/\/sanytol.be\/fr\/wp-json\/wp\/v2\/product_cat?post=8865"}],"curies":[{"name":"wp","href":"https:\/\/api.w.org\/{rel}","templated":true}]}}