{"id":8903,"date":"2025-09-02T10:17:41","date_gmt":"2025-09-02T08:17:41","guid":{"rendered":"https:\/\/sanytol.be\/fr\/?post_type=product&#038;p=8903"},"modified":"2025-10-22T13:36:09","modified_gmt":"2025-10-22T11:36:09","slug":"desinfectant-du-linge-maxi-format-active-fresh","status":"publish","type":"product","link":"https:\/\/sanytol.be\/fr\/produits\/desinfectant-du-linge-maxi-format-active-fresh\/","title":{"rendered":"D\u00e9sinfectant du linge Maxi Format &#8211; Active Fresh"},"content":{"rendered":"<p data-start=\"40\" data-end=\"249\">Un lavage \u00e0 basse temp\u00e9rature n\u2019\u00e9limine pas compl\u00e8tement les microbes responsables des mauvaises odeurs, des maladies et des irritations cutan\u00e9es. Une bonne hygi\u00e8ne n\u00e9cessite plus qu\u2019une lessive ordinaire.<\/p>\n<p data-start=\"251\" data-end=\"611\">Gr\u00e2ce \u00e0 l\u2019additif d\u00e9sinfectant pour le linge Sanytol, vous profitez d\u2019un linge hygi\u00e9niquement propre, agr\u00e9ablement parfum\u00e9 et d\u2019une fra\u00eecheur longue dur\u00e9e. Son action TRIPLE \u00e9limine 99,9 % des bact\u00e9ries, Candida albicans, et des virus tels que le Coronavirus humain 229E et le virus H1N1. De plus, la technologie exclusive STOP ODEURS :<\/p>\n<p data-start=\"613\" data-end=\"860\">\u2013 \u00c9limine les mauvaises odeurs des v\u00eatements en d\u00e9truisant les bact\u00e9ries qui en sont la cause.<br data-start=\"707\" data-end=\"710\" \/>\u2013 Combat le biofilm \u00e0 l\u2019int\u00e9rieur du lave-linge, responsable des mauvaises odeurs, emp\u00eache sa formation et prolonge ainsi la fra\u00eecheur de votre linge.<\/p>\n<p data-start=\"862\" data-end=\"1014\">Sa formule est efficace m\u00eame \u00e0 basse temp\u00e9rature et lors de cycles courts, et convient aussi bien aux v\u00eatements blancs qu\u2019aux v\u00eatements color\u00e9s.<\/p>\n","protected":false},"excerpt":{"rendered":"<p>Un lavage \u00e0 basse temp\u00e9rature n\u2019\u00e9limine pas compl\u00e8tement les microbes responsables des mauvaises odeurs, des maladies et des irritations cutan\u00e9es. Une bonne hygi\u00e8ne n\u00e9cessite plus qu\u2019une lessive ordinaire. Gr\u00e2ce \u00e0 l\u2019additif d\u00e9sinfectant pour le linge Sanytol, vous profitez d\u2019un linge hygi\u00e9niquement propre, agr\u00e9ablement parfum\u00e9 et d\u2019une fra\u00eecheur longue dur\u00e9e. Son action TRIPLE \u00e9limine 99,9 %&hellip;<\/p>\n","protected":false},"featured_media":8938,"comment_status":"closed","ping_status":"closed","template":"","meta":[],"product_cat":[301],"acf":[],"yoast_head":"<!-- This site is optimized with the Yoast SEO plugin v21.4 - https:\/\/yoast.com\/wordpress\/plugins\/seo\/ -->\n<title>D\u00e9sinfectant du linge Maxi Format - Active Fresh - Sanytol<\/title>\n<meta name=\"robots\" content=\"index, follow, max-snippet:-1, max-image-preview:large, max-video-preview:-1\" \/>\n<link rel=\"canonical\" href=\"https:\/\/sanytol.be\/fr\/produits\/desinfectant-du-linge-maxi-format-active-fresh\/\" \/>\n<meta property=\"og:locale\" content=\"fr_FR\" \/>\n<meta property=\"og:type\" content=\"article\" \/>\n<meta property=\"og:title\" content=\"D\u00e9sinfectant du linge Maxi Format - Active Fresh - Sanytol\" \/>\n<meta property=\"og:description\" content=\"Un lavage \u00e0 basse temp\u00e9rature n\u2019\u00e9limine pas compl\u00e8tement les microbes responsables des mauvaises odeurs, des maladies et des irritations cutan\u00e9es. Une bonne hygi\u00e8ne n\u00e9cessite plus qu\u2019une lessive ordinaire. Gr\u00e2ce \u00e0 l\u2019additif d\u00e9sinfectant pour le linge Sanytol, vous profitez d\u2019un linge hygi\u00e9niquement propre, agr\u00e9ablement parfum\u00e9 et d\u2019une fra\u00eecheur longue dur\u00e9e. Son action TRIPLE \u00e9limine 99,9 %&hellip;\" \/>\n<meta property=\"og:url\" content=\"https:\/\/sanytol.be\/fr\/produits\/desinfectant-du-linge-maxi-format-active-fresh\/\" \/>\n<meta property=\"og:site_name\" content=\"Sanytol\" \/>\n<meta property=\"article:modified_time\" content=\"2025-10-22T11:36:09+00:00\" \/>\n<meta property=\"og:image\" content=\"https:\/\/sanytol.be\/fr\/wp-content\/uploads\/sites\/6\/2025\/09\/5831636240-DU-LINGE-Active-Fresh-1L-BE-3D-WEB-1.png\" \/>\n\t<meta property=\"og:image:width\" content=\"1000\" \/>\n\t<meta property=\"og:image:height\" content=\"1000\" \/>\n\t<meta property=\"og:image:type\" content=\"image\/png\" \/>\n<meta name=\"twitter:card\" content=\"summary_large_image\" \/>\n<meta name=\"twitter:label1\" content=\"Dur\u00e9e de lecture estim\u00e9e\" \/>\n\t<meta name=\"twitter:data1\" content=\"1 minute\" \/>\n<script type=\"application\/ld+json\" class=\"yoast-schema-graph\">{\"@context\":\"https:\/\/schema.org\",\"@graph\":[{\"@type\":\"WebPage\",\"@id\":\"https:\/\/sanytol.be\/fr\/produits\/desinfectant-du-linge-maxi-format-active-fresh\/\",\"url\":\"https:\/\/sanytol.be\/fr\/produits\/desinfectant-du-linge-maxi-format-active-fresh\/\",\"name\":\"D\u00e9sinfectant du linge Maxi Format - Active Fresh - Sanytol\",\"isPartOf\":{\"@id\":\"https:\/\/sanytol.be\/fr\/#website\"},\"datePublished\":\"2025-09-02T08:17:41+00:00\",\"dateModified\":\"2025-10-22T11:36:09+00:00\",\"breadcrumb\":{\"@id\":\"https:\/\/sanytol.be\/fr\/produits\/desinfectant-du-linge-maxi-format-active-fresh\/#breadcrumb\"},\"inLanguage\":\"fr-FR\",\"potentialAction\":[{\"@type\":\"ReadAction\",\"target\":[\"https:\/\/sanytol.be\/fr\/produits\/desinfectant-du-linge-maxi-format-active-fresh\/\"]}]},{\"@type\":\"BreadcrumbList\",\"@id\":\"https:\/\/sanytol.be\/fr\/produits\/desinfectant-du-linge-maxi-format-active-fresh\/#breadcrumb\",\"itemListElement\":[{\"@type\":\"ListItem\",\"position\":1,\"name\":\"Home\",\"item\":\"https:\/\/sanytol.be\/fr\/\"},{\"@type\":\"ListItem\",\"position\":2,\"name\":\"Produits\",\"item\":\"https:\/\/sanytol.be\/fr\/produits\/\"},{\"@type\":\"ListItem\",\"position\":3,\"name\":\"D\u00e9sinfectant du linge Maxi Format &#8211; Active Fresh\"}]},{\"@type\":\"WebSite\",\"@id\":\"https:\/\/sanytol.be\/fr\/#website\",\"url\":\"https:\/\/sanytol.be\/fr\/\",\"name\":\"Sanytol\",\"description\":\"\",\"potentialAction\":[{\"@type\":\"SearchAction\",\"target\":{\"@type\":\"EntryPoint\",\"urlTemplate\":\"https:\/\/sanytol.be\/fr\/?s={search_term_string}\"},\"query-input\":\"required name=search_term_string\"}],\"inLanguage\":\"fr-FR\"}]}<\/script>\n<!-- \/ Yoast SEO plugin. -->","yoast_head_json":{"title":"D\u00e9sinfectant du linge Maxi Format - Active Fresh - Sanytol","robots":{"index":"index","follow":"follow","max-snippet":"max-snippet:-1","max-image-preview":"max-image-preview:large","max-video-preview":"max-video-preview:-1"},"canonical":"https:\/\/sanytol.be\/fr\/produits\/desinfectant-du-linge-maxi-format-active-fresh\/","og_locale":"fr_FR","og_type":"article","og_title":"D\u00e9sinfectant du linge Maxi Format - Active Fresh - Sanytol","og_description":"Un lavage \u00e0 basse temp\u00e9rature n\u2019\u00e9limine pas compl\u00e8tement les microbes responsables des mauvaises odeurs, des maladies et des irritations cutan\u00e9es. Une bonne hygi\u00e8ne n\u00e9cessite plus qu\u2019une lessive ordinaire. Gr\u00e2ce \u00e0 l\u2019additif d\u00e9sinfectant pour le linge Sanytol, vous profitez d\u2019un linge hygi\u00e9niquement propre, agr\u00e9ablement parfum\u00e9 et d\u2019une fra\u00eecheur longue dur\u00e9e. Son action TRIPLE \u00e9limine 99,9 %&hellip;","og_url":"https:\/\/sanytol.be\/fr\/produits\/desinfectant-du-linge-maxi-format-active-fresh\/","og_site_name":"Sanytol","article_modified_time":"2025-10-22T11:36:09+00:00","og_image":[{"width":1000,"height":1000,"url":"https:\/\/sanytol.be\/fr\/wp-content\/uploads\/sites\/6\/2025\/09\/5831636240-DU-LINGE-Active-Fresh-1L-BE-3D-WEB-1.png","type":"image\/png"}],"twitter_card":"summary_large_image","twitter_misc":{"Dur\u00e9e de lecture estim\u00e9e":"1 minute"},"schema":{"@context":"https:\/\/schema.org","@graph":[{"@type":"WebPage","@id":"https:\/\/sanytol.be\/fr\/produits\/desinfectant-du-linge-maxi-format-active-fresh\/","url":"https:\/\/sanytol.be\/fr\/produits\/desinfectant-du-linge-maxi-format-active-fresh\/","name":"D\u00e9sinfectant du linge Maxi Format - Active Fresh - Sanytol","isPartOf":{"@id":"https:\/\/sanytol.be\/fr\/#website"},"datePublished":"2025-09-02T08:17:41+00:00","dateModified":"2025-10-22T11:36:09+00:00","breadcrumb":{"@id":"https:\/\/sanytol.be\/fr\/produits\/desinfectant-du-linge-maxi-format-active-fresh\/#breadcrumb"},"inLanguage":"fr-FR","potentialAction":[{"@type":"ReadAction","target":["https:\/\/sanytol.be\/fr\/produits\/desinfectant-du-linge-maxi-format-active-fresh\/"]}]},{"@type":"BreadcrumbList","@id":"https:\/\/sanytol.be\/fr\/produits\/desinfectant-du-linge-maxi-format-active-fresh\/#breadcrumb","itemListElement":[{"@type":"ListItem","position":1,"name":"Home","item":"https:\/\/sanytol.be\/fr\/"},{"@type":"ListItem","position":2,"name":"Produits","item":"https:\/\/sanytol.be\/fr\/produits\/"},{"@type":"ListItem","position":3,"name":"D\u00e9sinfectant du linge Maxi Format &#8211; Active Fresh"}]},{"@type":"WebSite","@id":"https:\/\/sanytol.be\/fr\/#website","url":"https:\/\/sanytol.be\/fr\/","name":"Sanytol","description":"","potentialAction":[{"@type":"SearchAction","target":{"@type":"EntryPoint","urlTemplate":"https:\/\/sanytol.be\/fr\/?s={search_term_string}"},"query-input":"required name=search_term_string"}],"inLanguage":"fr-FR"}]}},"_links":{"self":[{"href":"https:\/\/sanytol.be\/fr\/wp-json\/wp\/v2\/product\/8903"}],"collection":[{"href":"https:\/\/sanytol.be\/fr\/wp-json\/wp\/v2\/product"}],"about":[{"href":"https:\/\/sanytol.be\/fr\/wp-json\/wp\/v2\/types\/product"}],"replies":[{"embeddable":true,"href":"https:\/\/sanytol.be\/fr\/wp-json\/wp\/v2\/comments?post=8903"}],"wp:featuredmedia":[{"embeddable":true,"href":"https:\/\/sanytol.be\/fr\/wp-json\/wp\/v2\/media\/8938"}],"wp:attachment":[{"href":"https:\/\/sanytol.be\/fr\/wp-json\/wp\/v2\/media?parent=8903"}],"wp:term":[{"taxonomy":"product_cat","embeddable":true,"href":"https:\/\/sanytol.be\/fr\/wp-json\/wp\/v2\/product_cat?post=8903"}],"curies":[{"name":"wp","href":"https:\/\/api.w.org\/{rel}","templated":true}]}}