{"id":7488,"date":"2021-01-07T18:10:00","date_gmt":"2021-01-07T16:10:00","guid":{"rendered":"https:\/\/sanytol.com\/fr\/product\/lingettes-desinfectantes-multi-usages-maxi-format-eucalyptus\/"},"modified":"2023-07-10T16:27:35","modified_gmt":"2023-07-10T14:27:35","slug":"allesreiniger-desinfecterende-doekjes-maxiformaat-eucalyptus","status":"publish","type":"product","link":"https:\/\/sanytol.be\/nl\/producten\/allesreiniger-desinfecterende-doekjes-maxiformaat-eucalyptus\/","title":{"rendered":"Allesreiniger Desinfecterende Doekjes Maxiformaat &#8211; Eucalyptus"},"content":{"rendered":"<p>De Allesreiniger Desinfecterende doekjes van SANYTOL zijn praktisch en effici\u00ebnt en reinigen en desinfecteren alle oppervlakken in \u00e9\u00e9n enkel gebaar! Ze zijn ideaal voor de dagelijkse reiniging en laten een schone geur achter in je huis.<\/p>\n","protected":false},"excerpt":{"rendered":"<p>De Allesreiniger Desinfecterende doekjes van SANYTOL zijn praktisch en effici\u00ebnt en reinigen en desinfecteren alle oppervlakken in \u00e9\u00e9n enkel gebaar! Ze zijn ideaal voor de dagelijkse reiniging en laten een schone geur achter in je huis.<\/p>\n","protected":false},"featured_media":8712,"comment_status":"closed","ping_status":"closed","template":"","meta":[],"product_cat":[450,477,478,456,458,459,461,462,460,467,479,471,481,482,480],"acf":[],"yoast_head":"<!-- This site is optimized with the Yoast SEO plugin v21.4 - https:\/\/yoast.com\/wordpress\/plugins\/seo\/ -->\n<title>Allesreiniger Desinfecterende Doekjes Maxiformaat - Eucalyptus - Sanytol<\/title>\n<meta name=\"robots\" content=\"index, follow, max-snippet:-1, max-image-preview:large, max-video-preview:-1\" \/>\n<link rel=\"canonical\" href=\"https:\/\/sanytol.be\/nl\/producten\/allesreiniger-desinfecterende-doekjes-maxiformaat-eucalyptus\/\" \/>\n<meta property=\"og:locale\" content=\"nl_NL\" \/>\n<meta property=\"og:type\" content=\"article\" \/>\n<meta property=\"og:title\" content=\"Allesreiniger Desinfecterende Doekjes Maxiformaat - Eucalyptus - Sanytol\" \/>\n<meta property=\"og:description\" content=\"De Allesreiniger Desinfecterende doekjes van SANYTOL zijn praktisch en effici\u00ebnt en reinigen en desinfecteren alle oppervlakken in \u00e9\u00e9n enkel gebaar! Ze zijn ideaal voor de dagelijkse reiniging en laten een schone geur achter in je huis.\" \/>\n<meta property=\"og:url\" content=\"https:\/\/sanytol.be\/nl\/producten\/allesreiniger-desinfecterende-doekjes-maxiformaat-eucalyptus\/\" \/>\n<meta property=\"og:site_name\" content=\"Sanytol\" \/>\n<meta property=\"article:modified_time\" content=\"2023-07-10T14:27:35+00:00\" \/>\n<meta property=\"og:image\" content=\"https:\/\/sanytol.be\/nl\/wp-content\/uploads\/sites\/7\/2021\/01\/Diseno-sin-titulo.png\" \/>\n\t<meta property=\"og:image:width\" content=\"1500\" \/>\n\t<meta property=\"og:image:height\" content=\"1500\" \/>\n\t<meta property=\"og:image:type\" content=\"image\/png\" \/>\n<meta name=\"twitter:card\" content=\"summary_large_image\" \/>\n<script type=\"application\/ld+json\" class=\"yoast-schema-graph\">{\"@context\":\"https:\/\/schema.org\",\"@graph\":[{\"@type\":\"WebPage\",\"@id\":\"https:\/\/sanytol.be\/nl\/producten\/allesreiniger-desinfecterende-doekjes-maxiformaat-eucalyptus\/\",\"url\":\"https:\/\/sanytol.be\/nl\/producten\/allesreiniger-desinfecterende-doekjes-maxiformaat-eucalyptus\/\",\"name\":\"Allesreiniger Desinfecterende Doekjes Maxiformaat - Eucalyptus - Sanytol\",\"isPartOf\":{\"@id\":\"https:\/\/sanytol.be\/nl\/#website\"},\"datePublished\":\"2021-01-07T16:10:00+00:00\",\"dateModified\":\"2023-07-10T14:27:35+00:00\",\"breadcrumb\":{\"@id\":\"https:\/\/sanytol.be\/nl\/producten\/allesreiniger-desinfecterende-doekjes-maxiformaat-eucalyptus\/#breadcrumb\"},\"inLanguage\":\"nl-NL\",\"potentialAction\":[{\"@type\":\"ReadAction\",\"target\":[\"https:\/\/sanytol.be\/nl\/producten\/allesreiniger-desinfecterende-doekjes-maxiformaat-eucalyptus\/\"]}]},{\"@type\":\"BreadcrumbList\",\"@id\":\"https:\/\/sanytol.be\/nl\/producten\/allesreiniger-desinfecterende-doekjes-maxiformaat-eucalyptus\/#breadcrumb\",\"itemListElement\":[{\"@type\":\"ListItem\",\"position\":1,\"name\":\"Home\",\"item\":\"https:\/\/sanytol.be\/nl\/\"},{\"@type\":\"ListItem\",\"position\":2,\"name\":\"Producten\",\"item\":\"https:\/\/sanytol.be\/nl\/producten\/\"},{\"@type\":\"ListItem\",\"position\":3,\"name\":\"Allesreiniger Desinfecterende Doekjes Maxiformaat &#8211; Eucalyptus\"}]},{\"@type\":\"WebSite\",\"@id\":\"https:\/\/sanytol.be\/nl\/#website\",\"url\":\"https:\/\/sanytol.be\/nl\/\",\"name\":\"Sanytol\",\"description\":\"\",\"potentialAction\":[{\"@type\":\"SearchAction\",\"target\":{\"@type\":\"EntryPoint\",\"urlTemplate\":\"https:\/\/sanytol.be\/nl\/?s={search_term_string}\"},\"query-input\":\"required name=search_term_string\"}],\"inLanguage\":\"nl-NL\"}]}<\/script>\n<!-- \/ Yoast SEO plugin. -->","yoast_head_json":{"title":"Allesreiniger Desinfecterende Doekjes Maxiformaat - Eucalyptus - Sanytol","robots":{"index":"index","follow":"follow","max-snippet":"max-snippet:-1","max-image-preview":"max-image-preview:large","max-video-preview":"max-video-preview:-1"},"canonical":"https:\/\/sanytol.be\/nl\/producten\/allesreiniger-desinfecterende-doekjes-maxiformaat-eucalyptus\/","og_locale":"nl_NL","og_type":"article","og_title":"Allesreiniger Desinfecterende Doekjes Maxiformaat - Eucalyptus - Sanytol","og_description":"De Allesreiniger Desinfecterende doekjes van SANYTOL zijn praktisch en effici\u00ebnt en reinigen en desinfecteren alle oppervlakken in \u00e9\u00e9n enkel gebaar! Ze zijn ideaal voor de dagelijkse reiniging en laten een schone geur achter in je huis.","og_url":"https:\/\/sanytol.be\/nl\/producten\/allesreiniger-desinfecterende-doekjes-maxiformaat-eucalyptus\/","og_site_name":"Sanytol","article_modified_time":"2023-07-10T14:27:35+00:00","og_image":[{"width":1500,"height":1500,"url":"https:\/\/sanytol.be\/nl\/wp-content\/uploads\/sites\/7\/2021\/01\/Diseno-sin-titulo.png","type":"image\/png"}],"twitter_card":"summary_large_image","schema":{"@context":"https:\/\/schema.org","@graph":[{"@type":"WebPage","@id":"https:\/\/sanytol.be\/nl\/producten\/allesreiniger-desinfecterende-doekjes-maxiformaat-eucalyptus\/","url":"https:\/\/sanytol.be\/nl\/producten\/allesreiniger-desinfecterende-doekjes-maxiformaat-eucalyptus\/","name":"Allesreiniger Desinfecterende Doekjes Maxiformaat - Eucalyptus - Sanytol","isPartOf":{"@id":"https:\/\/sanytol.be\/nl\/#website"},"datePublished":"2021-01-07T16:10:00+00:00","dateModified":"2023-07-10T14:27:35+00:00","breadcrumb":{"@id":"https:\/\/sanytol.be\/nl\/producten\/allesreiniger-desinfecterende-doekjes-maxiformaat-eucalyptus\/#breadcrumb"},"inLanguage":"nl-NL","potentialAction":[{"@type":"ReadAction","target":["https:\/\/sanytol.be\/nl\/producten\/allesreiniger-desinfecterende-doekjes-maxiformaat-eucalyptus\/"]}]},{"@type":"BreadcrumbList","@id":"https:\/\/sanytol.be\/nl\/producten\/allesreiniger-desinfecterende-doekjes-maxiformaat-eucalyptus\/#breadcrumb","itemListElement":[{"@type":"ListItem","position":1,"name":"Home","item":"https:\/\/sanytol.be\/nl\/"},{"@type":"ListItem","position":2,"name":"Producten","item":"https:\/\/sanytol.be\/nl\/producten\/"},{"@type":"ListItem","position":3,"name":"Allesreiniger Desinfecterende Doekjes Maxiformaat &#8211; Eucalyptus"}]},{"@type":"WebSite","@id":"https:\/\/sanytol.be\/nl\/#website","url":"https:\/\/sanytol.be\/nl\/","name":"Sanytol","description":"","potentialAction":[{"@type":"SearchAction","target":{"@type":"EntryPoint","urlTemplate":"https:\/\/sanytol.be\/nl\/?s={search_term_string}"},"query-input":"required name=search_term_string"}],"inLanguage":"nl-NL"}]}},"_links":{"self":[{"href":"https:\/\/sanytol.be\/nl\/wp-json\/wp\/v2\/product\/7488"}],"collection":[{"href":"https:\/\/sanytol.be\/nl\/wp-json\/wp\/v2\/product"}],"about":[{"href":"https:\/\/sanytol.be\/nl\/wp-json\/wp\/v2\/types\/product"}],"replies":[{"embeddable":true,"href":"https:\/\/sanytol.be\/nl\/wp-json\/wp\/v2\/comments?post=7488"}],"wp:featuredmedia":[{"embeddable":true,"href":"https:\/\/sanytol.be\/nl\/wp-json\/wp\/v2\/media\/8712"}],"wp:attachment":[{"href":"https:\/\/sanytol.be\/nl\/wp-json\/wp\/v2\/media?parent=7488"}],"wp:term":[{"taxonomy":"product_cat","embeddable":true,"href":"https:\/\/sanytol.be\/nl\/wp-json\/wp\/v2\/product_cat?post=7488"}],"curies":[{"name":"wp","href":"https:\/\/api.w.org\/{rel}","templated":true}]}}