{"id":7507,"date":"2021-01-07T18:10:11","date_gmt":"2021-01-07T16:10:11","guid":{"rendered":"https:\/\/sanytol.com\/fr\/product\/savon-antibacterien-hydratant-aloe-vera-the-vert\/"},"modified":"2021-01-13T16:52:01","modified_gmt":"2021-01-13T14:52:01","slug":"antibacteriele-en-hydraterende-zeep-aloe-vera-groene-thee","status":"publish","type":"product","link":"https:\/\/sanytol.be\/nl\/producten\/antibacteriele-en-hydraterende-zeep-aloe-vera-groene-thee\/","title":{"rendered":"Antibacteri\u00eble En Hydraterende Zeep &#8211; Aloe Vera &#038; Groene Thee"},"content":{"rendered":"<p>Het merendeel van de bacteri\u00ebn wordt overgedragen via de handen. Ze verzwakken de huidbarri\u00e8re en maken de handen zo droger.<br \/>\nSANYTOL, de antibacteri\u00ebnexpert, heeft een Antibacteri\u00eble vloeibare wasgel ontwikkeld, met een formule op basis van natuurlijke extracten van Aloe Vera en Groene Thee, met verzachtende en hydraterende eigenschappen.<\/p>\n","protected":false},"excerpt":{"rendered":"<p>Het merendeel van de bacteri\u00ebn wordt overgedragen via de handen. Ze verzwakken de huidbarri\u00e8re en maken de handen zo droger. SANYTOL, de antibacteri\u00ebnexpert, heeft een Antibacteri\u00eble vloeibare wasgel ontwikkeld, met een formule op basis van natuurlijke extracten van Aloe Vera en Groene Thee, met verzachtende en hydraterende eigenschappen.<\/p>\n","protected":false},"featured_media":7420,"comment_status":"closed","ping_status":"open","template":"","meta":[],"product_cat":[543,550],"acf":[],"yoast_head":"<!-- This site is optimized with the Yoast SEO plugin v21.4 - https:\/\/yoast.com\/wordpress\/plugins\/seo\/ -->\n<title>Antibacteri\u00eble En Hydraterende Zeep - Aloe Vera &amp; Groene Thee - Sanytol<\/title>\n<meta name=\"robots\" content=\"index, follow, max-snippet:-1, max-image-preview:large, max-video-preview:-1\" \/>\n<link rel=\"canonical\" href=\"https:\/\/sanytol.be\/nl\/producten\/antibacteriele-en-hydraterende-zeep-aloe-vera-groene-thee\/\" \/>\n<meta property=\"og:locale\" content=\"nl_NL\" \/>\n<meta property=\"og:type\" content=\"article\" \/>\n<meta property=\"og:title\" content=\"Antibacteri\u00eble En Hydraterende Zeep - Aloe Vera &amp; Groene Thee - Sanytol\" \/>\n<meta property=\"og:description\" content=\"Het merendeel van de bacteri\u00ebn wordt overgedragen via de handen. Ze verzwakken de huidbarri\u00e8re en maken de handen zo droger. SANYTOL, de antibacteri\u00ebnexpert, heeft een Antibacteri\u00eble vloeibare wasgel ontwikkeld, met een formule op basis van natuurlijke extracten van Aloe Vera en Groene Thee, met verzachtende en hydraterende eigenschappen.\" \/>\n<meta property=\"og:url\" content=\"https:\/\/sanytol.be\/nl\/producten\/antibacteriele-en-hydraterende-zeep-aloe-vera-groene-thee\/\" \/>\n<meta property=\"og:site_name\" content=\"Sanytol\" \/>\n<meta property=\"article:modified_time\" content=\"2021-01-13T14:52:01+00:00\" \/>\n<meta property=\"og:image\" content=\"https:\/\/sanytol.be\/nl\/wp-content\/uploads\/sites\/7\/2020\/12\/31650121-sanytol-jabon-hidratante.png\" \/>\n\t<meta property=\"og:image:width\" content=\"1500\" \/>\n\t<meta property=\"og:image:height\" content=\"1500\" \/>\n\t<meta property=\"og:image:type\" content=\"image\/png\" \/>\n<meta name=\"twitter:card\" content=\"summary_large_image\" \/>\n<script type=\"application\/ld+json\" class=\"yoast-schema-graph\">{\"@context\":\"https:\/\/schema.org\",\"@graph\":[{\"@type\":\"WebPage\",\"@id\":\"https:\/\/sanytol.be\/nl\/producten\/antibacteriele-en-hydraterende-zeep-aloe-vera-groene-thee\/\",\"url\":\"https:\/\/sanytol.be\/nl\/producten\/antibacteriele-en-hydraterende-zeep-aloe-vera-groene-thee\/\",\"name\":\"Antibacteri\u00eble En Hydraterende Zeep - Aloe Vera & Groene Thee - Sanytol\",\"isPartOf\":{\"@id\":\"https:\/\/sanytol.be\/nl\/#website\"},\"datePublished\":\"2021-01-07T16:10:11+00:00\",\"dateModified\":\"2021-01-13T14:52:01+00:00\",\"breadcrumb\":{\"@id\":\"https:\/\/sanytol.be\/nl\/producten\/antibacteriele-en-hydraterende-zeep-aloe-vera-groene-thee\/#breadcrumb\"},\"inLanguage\":\"nl-NL\",\"potentialAction\":[{\"@type\":\"ReadAction\",\"target\":[\"https:\/\/sanytol.be\/nl\/producten\/antibacteriele-en-hydraterende-zeep-aloe-vera-groene-thee\/\"]}]},{\"@type\":\"BreadcrumbList\",\"@id\":\"https:\/\/sanytol.be\/nl\/producten\/antibacteriele-en-hydraterende-zeep-aloe-vera-groene-thee\/#breadcrumb\",\"itemListElement\":[{\"@type\":\"ListItem\",\"position\":1,\"name\":\"Home\",\"item\":\"https:\/\/sanytol.be\/nl\/\"},{\"@type\":\"ListItem\",\"position\":2,\"name\":\"Producten\",\"item\":\"https:\/\/sanytol.be\/nl\/producten\/\"},{\"@type\":\"ListItem\",\"position\":3,\"name\":\"Antibacteri\u00eble En Hydraterende Zeep &#8211; Aloe Vera &#038; Groene Thee\"}]},{\"@type\":\"WebSite\",\"@id\":\"https:\/\/sanytol.be\/nl\/#website\",\"url\":\"https:\/\/sanytol.be\/nl\/\",\"name\":\"Sanytol\",\"description\":\"\",\"potentialAction\":[{\"@type\":\"SearchAction\",\"target\":{\"@type\":\"EntryPoint\",\"urlTemplate\":\"https:\/\/sanytol.be\/nl\/?s={search_term_string}\"},\"query-input\":\"required name=search_term_string\"}],\"inLanguage\":\"nl-NL\"}]}<\/script>\n<!-- \/ Yoast SEO plugin. -->","yoast_head_json":{"title":"Antibacteri\u00eble En Hydraterende Zeep - Aloe Vera & Groene Thee - Sanytol","robots":{"index":"index","follow":"follow","max-snippet":"max-snippet:-1","max-image-preview":"max-image-preview:large","max-video-preview":"max-video-preview:-1"},"canonical":"https:\/\/sanytol.be\/nl\/producten\/antibacteriele-en-hydraterende-zeep-aloe-vera-groene-thee\/","og_locale":"nl_NL","og_type":"article","og_title":"Antibacteri\u00eble En Hydraterende Zeep - Aloe Vera & Groene Thee - Sanytol","og_description":"Het merendeel van de bacteri\u00ebn wordt overgedragen via de handen. Ze verzwakken de huidbarri\u00e8re en maken de handen zo droger. SANYTOL, de antibacteri\u00ebnexpert, heeft een Antibacteri\u00eble vloeibare wasgel ontwikkeld, met een formule op basis van natuurlijke extracten van Aloe Vera en Groene Thee, met verzachtende en hydraterende eigenschappen.","og_url":"https:\/\/sanytol.be\/nl\/producten\/antibacteriele-en-hydraterende-zeep-aloe-vera-groene-thee\/","og_site_name":"Sanytol","article_modified_time":"2021-01-13T14:52:01+00:00","og_image":[{"width":1500,"height":1500,"url":"https:\/\/sanytol.be\/nl\/wp-content\/uploads\/sites\/7\/2020\/12\/31650121-sanytol-jabon-hidratante.png","type":"image\/png"}],"twitter_card":"summary_large_image","schema":{"@context":"https:\/\/schema.org","@graph":[{"@type":"WebPage","@id":"https:\/\/sanytol.be\/nl\/producten\/antibacteriele-en-hydraterende-zeep-aloe-vera-groene-thee\/","url":"https:\/\/sanytol.be\/nl\/producten\/antibacteriele-en-hydraterende-zeep-aloe-vera-groene-thee\/","name":"Antibacteri\u00eble En Hydraterende Zeep - Aloe Vera & Groene Thee - Sanytol","isPartOf":{"@id":"https:\/\/sanytol.be\/nl\/#website"},"datePublished":"2021-01-07T16:10:11+00:00","dateModified":"2021-01-13T14:52:01+00:00","breadcrumb":{"@id":"https:\/\/sanytol.be\/nl\/producten\/antibacteriele-en-hydraterende-zeep-aloe-vera-groene-thee\/#breadcrumb"},"inLanguage":"nl-NL","potentialAction":[{"@type":"ReadAction","target":["https:\/\/sanytol.be\/nl\/producten\/antibacteriele-en-hydraterende-zeep-aloe-vera-groene-thee\/"]}]},{"@type":"BreadcrumbList","@id":"https:\/\/sanytol.be\/nl\/producten\/antibacteriele-en-hydraterende-zeep-aloe-vera-groene-thee\/#breadcrumb","itemListElement":[{"@type":"ListItem","position":1,"name":"Home","item":"https:\/\/sanytol.be\/nl\/"},{"@type":"ListItem","position":2,"name":"Producten","item":"https:\/\/sanytol.be\/nl\/producten\/"},{"@type":"ListItem","position":3,"name":"Antibacteri\u00eble En Hydraterende Zeep &#8211; Aloe Vera &#038; Groene Thee"}]},{"@type":"WebSite","@id":"https:\/\/sanytol.be\/nl\/#website","url":"https:\/\/sanytol.be\/nl\/","name":"Sanytol","description":"","potentialAction":[{"@type":"SearchAction","target":{"@type":"EntryPoint","urlTemplate":"https:\/\/sanytol.be\/nl\/?s={search_term_string}"},"query-input":"required name=search_term_string"}],"inLanguage":"nl-NL"}]}},"_links":{"self":[{"href":"https:\/\/sanytol.be\/nl\/wp-json\/wp\/v2\/product\/7507"}],"collection":[{"href":"https:\/\/sanytol.be\/nl\/wp-json\/wp\/v2\/product"}],"about":[{"href":"https:\/\/sanytol.be\/nl\/wp-json\/wp\/v2\/types\/product"}],"replies":[{"embeddable":true,"href":"https:\/\/sanytol.be\/nl\/wp-json\/wp\/v2\/comments?post=7507"}],"wp:featuredmedia":[{"embeddable":true,"href":"https:\/\/sanytol.be\/nl\/wp-json\/wp\/v2\/media\/7420"}],"wp:attachment":[{"href":"https:\/\/sanytol.be\/nl\/wp-json\/wp\/v2\/media?parent=7507"}],"wp:term":[{"taxonomy":"product_cat","embeddable":true,"href":"https:\/\/sanytol.be\/nl\/wp-json\/wp\/v2\/product_cat?post=7507"}],"curies":[{"name":"wp","href":"https:\/\/api.w.org\/{rel}","templated":true}]}}