{"id":7508,"date":"2021-01-07T18:10:11","date_gmt":"2021-01-07T16:10:11","guid":{"rendered":"https:\/\/sanytol.com\/fr\/product\/savon-antibacterien-nourrissant-lait-damande-gelee-royale\/"},"modified":"2021-01-07T18:10:13","modified_gmt":"2021-01-07T16:10:13","slug":"antibacteriele-voedende-zeep-amandelmelk-koninginnegelei","status":"publish","type":"product","link":"https:\/\/sanytol.be\/nl\/producten\/antibacteriele-voedende-zeep-amandelmelk-koninginnegelei\/","title":{"rendered":"Antibacteri\u00eble Voedende Zeep &#8211; Amandelmelk &#038; Koninginnegelei"},"content":{"rendered":"<p>Het merendeel van de bacteri\u00ebn wordt overgedragen via de handen. Ze verzwakken de huidbarri\u00e8re en maken de handen zo droger.<br \/>\nSANYTOL, de antibacteri\u00ebnexpert, heeft een Antibacteri\u00eble vloeibare wasgel ontwikkeld, met een formule op basis van een dermoreparerend complex op basis van natuurlijke extracten van Amandelmelk en Koninginnegelei, met verzachtende en hydraterende eigenschappen.<\/p>\n","protected":false},"excerpt":{"rendered":"<p>Het merendeel van de bacteri\u00ebn wordt overgedragen via de handen. Ze verzwakken de huidbarri\u00e8re en maken de handen zo droger. SANYTOL, de antibacteri\u00ebnexpert, heeft een Antibacteri\u00eble vloeibare wasgel ontwikkeld, met een formule op basis van een dermoreparerend complex op basis van natuurlijke extracten van Amandelmelk en Koninginnegelei, met verzachtende en hydraterende eigenschappen.<\/p>\n","protected":false},"featured_media":7419,"comment_status":"closed","ping_status":"open","template":"","meta":[],"product_cat":[543,550],"acf":[],"yoast_head":"<!-- This site is optimized with the Yoast SEO plugin v21.4 - https:\/\/yoast.com\/wordpress\/plugins\/seo\/ -->\n<title>Antibacteri\u00eble Voedende Zeep - Amandelmelk &amp; Koninginnegelei - Sanytol<\/title>\n<meta name=\"robots\" content=\"index, follow, max-snippet:-1, max-image-preview:large, max-video-preview:-1\" \/>\n<link rel=\"canonical\" href=\"https:\/\/sanytol.be\/nl\/producten\/antibacteriele-voedende-zeep-amandelmelk-koninginnegelei\/\" \/>\n<meta property=\"og:locale\" content=\"nl_NL\" \/>\n<meta property=\"og:type\" content=\"article\" \/>\n<meta property=\"og:title\" content=\"Antibacteri\u00eble Voedende Zeep - Amandelmelk &amp; Koninginnegelei - Sanytol\" \/>\n<meta property=\"og:description\" content=\"Het merendeel van de bacteri\u00ebn wordt overgedragen via de handen. Ze verzwakken de huidbarri\u00e8re en maken de handen zo droger. SANYTOL, de antibacteri\u00ebnexpert, heeft een Antibacteri\u00eble vloeibare wasgel ontwikkeld, met een formule op basis van een dermoreparerend complex op basis van natuurlijke extracten van Amandelmelk en Koninginnegelei, met verzachtende en hydraterende eigenschappen.\" \/>\n<meta property=\"og:url\" content=\"https:\/\/sanytol.be\/nl\/producten\/antibacteriele-voedende-zeep-amandelmelk-koninginnegelei\/\" \/>\n<meta property=\"og:site_name\" content=\"Sanytol\" \/>\n<meta property=\"article:modified_time\" content=\"2021-01-07T16:10:13+00:00\" \/>\n<meta property=\"og:image\" content=\"https:\/\/sanytol.be\/nl\/wp-content\/uploads\/sites\/7\/2020\/12\/31650140-sanytol-jabon-nutritivo.png\" \/>\n\t<meta property=\"og:image:width\" content=\"1500\" \/>\n\t<meta property=\"og:image:height\" content=\"1500\" \/>\n\t<meta property=\"og:image:type\" content=\"image\/png\" \/>\n<meta name=\"twitter:card\" content=\"summary_large_image\" \/>\n<script type=\"application\/ld+json\" class=\"yoast-schema-graph\">{\"@context\":\"https:\/\/schema.org\",\"@graph\":[{\"@type\":\"WebPage\",\"@id\":\"https:\/\/sanytol.be\/nl\/producten\/antibacteriele-voedende-zeep-amandelmelk-koninginnegelei\/\",\"url\":\"https:\/\/sanytol.be\/nl\/producten\/antibacteriele-voedende-zeep-amandelmelk-koninginnegelei\/\",\"name\":\"Antibacteri\u00eble Voedende Zeep - Amandelmelk & Koninginnegelei - Sanytol\",\"isPartOf\":{\"@id\":\"https:\/\/sanytol.be\/nl\/#website\"},\"datePublished\":\"2021-01-07T16:10:11+00:00\",\"dateModified\":\"2021-01-07T16:10:13+00:00\",\"breadcrumb\":{\"@id\":\"https:\/\/sanytol.be\/nl\/producten\/antibacteriele-voedende-zeep-amandelmelk-koninginnegelei\/#breadcrumb\"},\"inLanguage\":\"nl-NL\",\"potentialAction\":[{\"@type\":\"ReadAction\",\"target\":[\"https:\/\/sanytol.be\/nl\/producten\/antibacteriele-voedende-zeep-amandelmelk-koninginnegelei\/\"]}]},{\"@type\":\"BreadcrumbList\",\"@id\":\"https:\/\/sanytol.be\/nl\/producten\/antibacteriele-voedende-zeep-amandelmelk-koninginnegelei\/#breadcrumb\",\"itemListElement\":[{\"@type\":\"ListItem\",\"position\":1,\"name\":\"Home\",\"item\":\"https:\/\/sanytol.be\/nl\/\"},{\"@type\":\"ListItem\",\"position\":2,\"name\":\"Producten\",\"item\":\"https:\/\/sanytol.be\/nl\/producten\/\"},{\"@type\":\"ListItem\",\"position\":3,\"name\":\"Antibacteri\u00eble Voedende Zeep &#8211; Amandelmelk &#038; Koninginnegelei\"}]},{\"@type\":\"WebSite\",\"@id\":\"https:\/\/sanytol.be\/nl\/#website\",\"url\":\"https:\/\/sanytol.be\/nl\/\",\"name\":\"Sanytol\",\"description\":\"\",\"potentialAction\":[{\"@type\":\"SearchAction\",\"target\":{\"@type\":\"EntryPoint\",\"urlTemplate\":\"https:\/\/sanytol.be\/nl\/?s={search_term_string}\"},\"query-input\":\"required name=search_term_string\"}],\"inLanguage\":\"nl-NL\"}]}<\/script>\n<!-- \/ Yoast SEO plugin. -->","yoast_head_json":{"title":"Antibacteri\u00eble Voedende Zeep - Amandelmelk & Koninginnegelei - Sanytol","robots":{"index":"index","follow":"follow","max-snippet":"max-snippet:-1","max-image-preview":"max-image-preview:large","max-video-preview":"max-video-preview:-1"},"canonical":"https:\/\/sanytol.be\/nl\/producten\/antibacteriele-voedende-zeep-amandelmelk-koninginnegelei\/","og_locale":"nl_NL","og_type":"article","og_title":"Antibacteri\u00eble Voedende Zeep - Amandelmelk & Koninginnegelei - Sanytol","og_description":"Het merendeel van de bacteri\u00ebn wordt overgedragen via de handen. Ze verzwakken de huidbarri\u00e8re en maken de handen zo droger. SANYTOL, de antibacteri\u00ebnexpert, heeft een Antibacteri\u00eble vloeibare wasgel ontwikkeld, met een formule op basis van een dermoreparerend complex op basis van natuurlijke extracten van Amandelmelk en Koninginnegelei, met verzachtende en hydraterende eigenschappen.","og_url":"https:\/\/sanytol.be\/nl\/producten\/antibacteriele-voedende-zeep-amandelmelk-koninginnegelei\/","og_site_name":"Sanytol","article_modified_time":"2021-01-07T16:10:13+00:00","og_image":[{"width":1500,"height":1500,"url":"https:\/\/sanytol.be\/nl\/wp-content\/uploads\/sites\/7\/2020\/12\/31650140-sanytol-jabon-nutritivo.png","type":"image\/png"}],"twitter_card":"summary_large_image","schema":{"@context":"https:\/\/schema.org","@graph":[{"@type":"WebPage","@id":"https:\/\/sanytol.be\/nl\/producten\/antibacteriele-voedende-zeep-amandelmelk-koninginnegelei\/","url":"https:\/\/sanytol.be\/nl\/producten\/antibacteriele-voedende-zeep-amandelmelk-koninginnegelei\/","name":"Antibacteri\u00eble Voedende Zeep - Amandelmelk & Koninginnegelei - Sanytol","isPartOf":{"@id":"https:\/\/sanytol.be\/nl\/#website"},"datePublished":"2021-01-07T16:10:11+00:00","dateModified":"2021-01-07T16:10:13+00:00","breadcrumb":{"@id":"https:\/\/sanytol.be\/nl\/producten\/antibacteriele-voedende-zeep-amandelmelk-koninginnegelei\/#breadcrumb"},"inLanguage":"nl-NL","potentialAction":[{"@type":"ReadAction","target":["https:\/\/sanytol.be\/nl\/producten\/antibacteriele-voedende-zeep-amandelmelk-koninginnegelei\/"]}]},{"@type":"BreadcrumbList","@id":"https:\/\/sanytol.be\/nl\/producten\/antibacteriele-voedende-zeep-amandelmelk-koninginnegelei\/#breadcrumb","itemListElement":[{"@type":"ListItem","position":1,"name":"Home","item":"https:\/\/sanytol.be\/nl\/"},{"@type":"ListItem","position":2,"name":"Producten","item":"https:\/\/sanytol.be\/nl\/producten\/"},{"@type":"ListItem","position":3,"name":"Antibacteri\u00eble Voedende Zeep &#8211; Amandelmelk &#038; Koninginnegelei"}]},{"@type":"WebSite","@id":"https:\/\/sanytol.be\/nl\/#website","url":"https:\/\/sanytol.be\/nl\/","name":"Sanytol","description":"","potentialAction":[{"@type":"SearchAction","target":{"@type":"EntryPoint","urlTemplate":"https:\/\/sanytol.be\/nl\/?s={search_term_string}"},"query-input":"required name=search_term_string"}],"inLanguage":"nl-NL"}]}},"_links":{"self":[{"href":"https:\/\/sanytol.be\/nl\/wp-json\/wp\/v2\/product\/7508"}],"collection":[{"href":"https:\/\/sanytol.be\/nl\/wp-json\/wp\/v2\/product"}],"about":[{"href":"https:\/\/sanytol.be\/nl\/wp-json\/wp\/v2\/types\/product"}],"replies":[{"embeddable":true,"href":"https:\/\/sanytol.be\/nl\/wp-json\/wp\/v2\/comments?post=7508"}],"wp:featuredmedia":[{"embeddable":true,"href":"https:\/\/sanytol.be\/nl\/wp-json\/wp\/v2\/media\/7419"}],"wp:attachment":[{"href":"https:\/\/sanytol.be\/nl\/wp-json\/wp\/v2\/media?parent=7508"}],"wp:term":[{"taxonomy":"product_cat","embeddable":true,"href":"https:\/\/sanytol.be\/nl\/wp-json\/wp\/v2\/product_cat?post=7508"}],"curies":[{"name":"wp","href":"https:\/\/api.w.org\/{rel}","templated":true}]}}