{"id":8823,"date":"2025-05-26T11:57:02","date_gmt":"2025-05-26T09:57:02","guid":{"rendered":"https:\/\/sanytol.be\/nl\/?post_type=product&#038;p=8823"},"modified":"2025-10-10T11:05:59","modified_gmt":"2025-10-10T09:05:59","slug":"toevoeging-bij-de-was-maxiformaat-witte-bloemen","status":"publish","type":"product","link":"https:\/\/sanytol.be\/nl\/producten\/toevoeging-bij-de-was-maxiformaat-witte-bloemen\/","title":{"rendered":"Desinfectiemiddel voor wasgoed Maxiformaat &#8211; Witte Bloemen"},"content":{"rendered":"<p class=\"\" data-start=\"81\" data-end=\"155\"><span class=\"relative -mx-px my-[-0.2rem] rounded px-px py-[0.2rem] transition-colors duration-100 ease-in-out\">Wassen op lage temperatuur verwijdert niet alle microben die verantwoordelijk zijn voor onaangename geuren, ziekten en huidirritaties. Voor een perfecte hygi\u00ebne is meer nodig dan alleen een gewoon wasmiddel.<\/span><\/p>\n<p class=\"\" data-start=\"157\" data-end=\"233\"><span class=\"relative -mx-px my-[-0.2rem] rounded px-px py-[0.2rem] transition-colors duration-100 ease-in-out\">Sanytol desinfectiemiddel voor wasgoed garandeert hygi\u00ebnisch schoon en fris ruikend wasgoed, vrij van bacteri\u00ebn en onaangename geuren. Dankzij de\u00a0<strong data-start=\"140\" data-end=\"156\">DRIEVOUGIDE ACTIE\u00a0<\/strong>verwijdert het 99,9% van de bacteri\u00ebn, waaronder\u00a0<em data-start=\"206\" data-end=\"224\">Candida albicans<\/em>, en virussen zoals het menselijke coronavirus 229E en H1N1. Bovendien bevat het de innovatieve\u00a0<strong data-start=\"320\" data-end=\"334\">STOP ODORS<\/strong>-technologie die:<\/span><\/p>\n<ul data-start=\"235\" data-end=\"357\">\n<li class=\"\" data-start=\"235\" data-end=\"276\">\n<p class=\"\" data-start=\"237\" data-end=\"276\"><span class=\"relative -mx-px my-[-0.2rem] rounded px-px py-[0.2rem] transition-colors duration-100 ease-in-out\">de bacteri\u00ebn die verantwoordelijk zijn voor onaangename geuren vernietigt<\/span><\/p>\n<\/li>\n<li class=\"\" data-start=\"277\" data-end=\"357\">\n<p class=\"\" data-start=\"279\" data-end=\"357\"><span class=\"relative -mx-px my-[-0.2rem] rounded px-px py-[0.2rem] transition-colors duration-100 ease-in-out\">de vorming van biofilm in de wasmachine voorkomt, wat de oorzaak is van slechte geuren, en zo de frisheid van uw wasgoed verlengt<\/span><\/p>\n<\/li>\n<\/ul>\n<p class=\"\" data-start=\"359\" data-end=\"437\"><span class=\"relative -mx-px my-[-0.2rem] rounded px-px py-[0.2rem] transition-colors duration-100 ease-in-out\">De formule is effectief, zelfs bij lage temperaturen en korte wascycli, en is geschikt voor alle textielsoorten, zowel wit als gekleurd.<\/span><\/p>\n","protected":false},"excerpt":{"rendered":"<p>Wassen op lage temperatuur verwijdert niet alle microben die verantwoordelijk zijn voor onaangename geuren, ziekten en huidirritaties. Voor een perfecte hygi\u00ebne is meer nodig dan alleen een gewoon wasmiddel. Sanytol desinfectiemiddel voor wasgoed garandeert hygi\u00ebnisch schoon en fris ruikend wasgoed, vrij van bacteri\u00ebn en onaangename geuren. Dankzij de\u00a0DRIEVOUGIDE ACTIE\u00a0verwijdert het 99,9% van de bacteri\u00ebn, waaronder\u00a0Candida&hellip;<\/p>\n","protected":false},"featured_media":8822,"comment_status":"closed","ping_status":"closed","template":"","meta":[],"product_cat":[526],"acf":[],"yoast_head":"<!-- This site is optimized with the Yoast SEO plugin v21.4 - https:\/\/yoast.com\/wordpress\/plugins\/seo\/ -->\n<title>Desinfectiemiddel voor wasgoed Maxiformaat - Witte Bloemen - Sanytol<\/title>\n<meta name=\"robots\" content=\"index, follow, max-snippet:-1, max-image-preview:large, max-video-preview:-1\" \/>\n<link rel=\"canonical\" href=\"https:\/\/sanytol.be\/nl\/producten\/toevoeging-bij-de-was-maxiformaat-witte-bloemen\/\" \/>\n<meta property=\"og:locale\" content=\"nl_NL\" \/>\n<meta property=\"og:type\" content=\"article\" \/>\n<meta property=\"og:title\" content=\"Desinfectiemiddel voor wasgoed Maxiformaat - Witte Bloemen - Sanytol\" \/>\n<meta property=\"og:description\" content=\"Wassen op lage temperatuur verwijdert niet alle microben die verantwoordelijk zijn voor onaangename geuren, ziekten en huidirritaties. Voor een perfecte hygi\u00ebne is meer nodig dan alleen een gewoon wasmiddel. Sanytol desinfectiemiddel voor wasgoed garandeert hygi\u00ebnisch schoon en fris ruikend wasgoed, vrij van bacteri\u00ebn en onaangename geuren. Dankzij de\u00a0DRIEVOUGIDE ACTIE\u00a0verwijdert het 99,9% van de bacteri\u00ebn, waaronder\u00a0Candida&hellip;\" \/>\n<meta property=\"og:url\" content=\"https:\/\/sanytol.be\/nl\/producten\/toevoeging-bij-de-was-maxiformaat-witte-bloemen\/\" \/>\n<meta property=\"og:site_name\" content=\"Sanytol\" \/>\n<meta property=\"article:modified_time\" content=\"2025-10-10T09:05:59+00:00\" \/>\n<meta property=\"og:image\" content=\"https:\/\/sanytol.be\/nl\/wp-content\/uploads\/sites\/7\/2021\/01\/DU-LINGE-1L.png\" \/>\n\t<meta property=\"og:image:width\" content=\"1500\" \/>\n\t<meta property=\"og:image:height\" content=\"1500\" \/>\n\t<meta property=\"og:image:type\" content=\"image\/png\" \/>\n<meta name=\"twitter:card\" content=\"summary_large_image\" \/>\n<meta name=\"twitter:label1\" content=\"Geschatte leestijd\" \/>\n\t<meta name=\"twitter:data1\" content=\"1 minuut\" \/>\n<script type=\"application\/ld+json\" class=\"yoast-schema-graph\">{\"@context\":\"https:\/\/schema.org\",\"@graph\":[{\"@type\":\"WebPage\",\"@id\":\"https:\/\/sanytol.be\/nl\/producten\/toevoeging-bij-de-was-maxiformaat-witte-bloemen\/\",\"url\":\"https:\/\/sanytol.be\/nl\/producten\/toevoeging-bij-de-was-maxiformaat-witte-bloemen\/\",\"name\":\"Desinfectiemiddel voor wasgoed Maxiformaat - Witte Bloemen - Sanytol\",\"isPartOf\":{\"@id\":\"https:\/\/sanytol.be\/nl\/#website\"},\"datePublished\":\"2025-05-26T09:57:02+00:00\",\"dateModified\":\"2025-10-10T09:05:59+00:00\",\"breadcrumb\":{\"@id\":\"https:\/\/sanytol.be\/nl\/producten\/toevoeging-bij-de-was-maxiformaat-witte-bloemen\/#breadcrumb\"},\"inLanguage\":\"nl-NL\",\"potentialAction\":[{\"@type\":\"ReadAction\",\"target\":[\"https:\/\/sanytol.be\/nl\/producten\/toevoeging-bij-de-was-maxiformaat-witte-bloemen\/\"]}]},{\"@type\":\"BreadcrumbList\",\"@id\":\"https:\/\/sanytol.be\/nl\/producten\/toevoeging-bij-de-was-maxiformaat-witte-bloemen\/#breadcrumb\",\"itemListElement\":[{\"@type\":\"ListItem\",\"position\":1,\"name\":\"Home\",\"item\":\"https:\/\/sanytol.be\/nl\/\"},{\"@type\":\"ListItem\",\"position\":2,\"name\":\"Producten\",\"item\":\"https:\/\/sanytol.be\/nl\/producten\/\"},{\"@type\":\"ListItem\",\"position\":3,\"name\":\"Desinfectiemiddel voor wasgoed Maxiformaat &#8211; Witte Bloemen\"}]},{\"@type\":\"WebSite\",\"@id\":\"https:\/\/sanytol.be\/nl\/#website\",\"url\":\"https:\/\/sanytol.be\/nl\/\",\"name\":\"Sanytol\",\"description\":\"\",\"potentialAction\":[{\"@type\":\"SearchAction\",\"target\":{\"@type\":\"EntryPoint\",\"urlTemplate\":\"https:\/\/sanytol.be\/nl\/?s={search_term_string}\"},\"query-input\":\"required name=search_term_string\"}],\"inLanguage\":\"nl-NL\"}]}<\/script>\n<!-- \/ Yoast SEO plugin. -->","yoast_head_json":{"title":"Desinfectiemiddel voor wasgoed Maxiformaat - Witte Bloemen - Sanytol","robots":{"index":"index","follow":"follow","max-snippet":"max-snippet:-1","max-image-preview":"max-image-preview:large","max-video-preview":"max-video-preview:-1"},"canonical":"https:\/\/sanytol.be\/nl\/producten\/toevoeging-bij-de-was-maxiformaat-witte-bloemen\/","og_locale":"nl_NL","og_type":"article","og_title":"Desinfectiemiddel voor wasgoed Maxiformaat - Witte Bloemen - Sanytol","og_description":"Wassen op lage temperatuur verwijdert niet alle microben die verantwoordelijk zijn voor onaangename geuren, ziekten en huidirritaties. Voor een perfecte hygi\u00ebne is meer nodig dan alleen een gewoon wasmiddel. Sanytol desinfectiemiddel voor wasgoed garandeert hygi\u00ebnisch schoon en fris ruikend wasgoed, vrij van bacteri\u00ebn en onaangename geuren. Dankzij de\u00a0DRIEVOUGIDE ACTIE\u00a0verwijdert het 99,9% van de bacteri\u00ebn, waaronder\u00a0Candida&hellip;","og_url":"https:\/\/sanytol.be\/nl\/producten\/toevoeging-bij-de-was-maxiformaat-witte-bloemen\/","og_site_name":"Sanytol","article_modified_time":"2025-10-10T09:05:59+00:00","og_image":[{"width":1500,"height":1500,"url":"https:\/\/sanytol.be\/nl\/wp-content\/uploads\/sites\/7\/2021\/01\/DU-LINGE-1L.png","type":"image\/png"}],"twitter_card":"summary_large_image","twitter_misc":{"Geschatte leestijd":"1 minuut"},"schema":{"@context":"https:\/\/schema.org","@graph":[{"@type":"WebPage","@id":"https:\/\/sanytol.be\/nl\/producten\/toevoeging-bij-de-was-maxiformaat-witte-bloemen\/","url":"https:\/\/sanytol.be\/nl\/producten\/toevoeging-bij-de-was-maxiformaat-witte-bloemen\/","name":"Desinfectiemiddel voor wasgoed Maxiformaat - Witte Bloemen - Sanytol","isPartOf":{"@id":"https:\/\/sanytol.be\/nl\/#website"},"datePublished":"2025-05-26T09:57:02+00:00","dateModified":"2025-10-10T09:05:59+00:00","breadcrumb":{"@id":"https:\/\/sanytol.be\/nl\/producten\/toevoeging-bij-de-was-maxiformaat-witte-bloemen\/#breadcrumb"},"inLanguage":"nl-NL","potentialAction":[{"@type":"ReadAction","target":["https:\/\/sanytol.be\/nl\/producten\/toevoeging-bij-de-was-maxiformaat-witte-bloemen\/"]}]},{"@type":"BreadcrumbList","@id":"https:\/\/sanytol.be\/nl\/producten\/toevoeging-bij-de-was-maxiformaat-witte-bloemen\/#breadcrumb","itemListElement":[{"@type":"ListItem","position":1,"name":"Home","item":"https:\/\/sanytol.be\/nl\/"},{"@type":"ListItem","position":2,"name":"Producten","item":"https:\/\/sanytol.be\/nl\/producten\/"},{"@type":"ListItem","position":3,"name":"Desinfectiemiddel voor wasgoed Maxiformaat &#8211; Witte Bloemen"}]},{"@type":"WebSite","@id":"https:\/\/sanytol.be\/nl\/#website","url":"https:\/\/sanytol.be\/nl\/","name":"Sanytol","description":"","potentialAction":[{"@type":"SearchAction","target":{"@type":"EntryPoint","urlTemplate":"https:\/\/sanytol.be\/nl\/?s={search_term_string}"},"query-input":"required name=search_term_string"}],"inLanguage":"nl-NL"}]}},"_links":{"self":[{"href":"https:\/\/sanytol.be\/nl\/wp-json\/wp\/v2\/product\/8823"}],"collection":[{"href":"https:\/\/sanytol.be\/nl\/wp-json\/wp\/v2\/product"}],"about":[{"href":"https:\/\/sanytol.be\/nl\/wp-json\/wp\/v2\/types\/product"}],"replies":[{"embeddable":true,"href":"https:\/\/sanytol.be\/nl\/wp-json\/wp\/v2\/comments?post=8823"}],"wp:featuredmedia":[{"embeddable":true,"href":"https:\/\/sanytol.be\/nl\/wp-json\/wp\/v2\/media\/8822"}],"wp:attachment":[{"href":"https:\/\/sanytol.be\/nl\/wp-json\/wp\/v2\/media?parent=8823"}],"wp:term":[{"taxonomy":"product_cat","embeddable":true,"href":"https:\/\/sanytol.be\/nl\/wp-json\/wp\/v2\/product_cat?post=8823"}],"curies":[{"name":"wp","href":"https:\/\/api.w.org\/{rel}","templated":true}]}}