{"id":8855,"date":"2025-10-08T12:33:57","date_gmt":"2025-10-08T10:33:57","guid":{"rendered":"https:\/\/sanytol.be\/nl\/?post_type=product&#038;p=8855"},"modified":"2025-10-10T08:23:21","modified_gmt":"2025-10-10T06:23:21","slug":"wassdesinfectiemiddel-maxi-formaat-active-fresh","status":"publish","type":"product","link":"https:\/\/sanytol.be\/nl\/producten\/wassdesinfectiemiddel-maxi-formaat-active-fresh\/","title":{"rendered":"Wassdesinfectiemiddel Maxi-formaat &#8211; Active Fresh"},"content":{"rendered":"<p>Wassen op lage temperatuur verwijdert niet alle microben die verantwoordelijk zijn voor nare geurtjes, ziektes en huidirritaties. Voor een goede hygi\u00ebne is meer nodig dan gewoon wassen.<\/p>\n<p>Dankzij het desinfecterende wasmiddel Sanytol geniet u van hygi\u00ebnisch schone, aangenaam geurende was die lang fris blijft. De DRIEVOUDIGE werking elimineert 99,9 % van de bacteri\u00ebn, Candida albicans en virussen zoals het humaan coronavirus 229E en het H1N1-virus. Bovendien biedt de exclusieve STOP ODEURS-technologie:<\/p>\n<p>\u2013 Verwijdert onaangename geurtjes uit kleding door de bacteri\u00ebn die deze veroorzaken te vernietigen.<br \/>\n\u2013 Bestrijdt de biofilm in de wasmachine, die verantwoordelijk is voor onaangename geurtjes, voorkomt de vorming ervan en verlengt zo de frisheid van uw wasgoed.<\/p>\n<p>De formule is zelfs bij lage temperaturen en korte wasprogramma&#8217;s effectief en is geschikt voor zowel witte als gekleurde kleding.<\/p>\n<p>&nbsp;<\/p>\n","protected":false},"excerpt":{"rendered":"<p>Wassen op lage temperatuur verwijdert niet alle microben die verantwoordelijk zijn voor nare geurtjes, ziektes en huidirritaties. Voor een goede hygi\u00ebne is meer nodig dan gewoon wassen. Dankzij het desinfecterende wasmiddel Sanytol geniet u van hygi\u00ebnisch schone, aangenaam geurende was die lang fris blijft. De DRIEVOUDIGE werking elimineert 99,9 % van de bacteri\u00ebn, Candida albicans&hellip;<\/p>\n","protected":false},"featured_media":8856,"comment_status":"closed","ping_status":"closed","template":"","meta":[],"product_cat":[526],"acf":[],"yoast_head":"<!-- This site is optimized with the Yoast SEO plugin v21.4 - https:\/\/yoast.com\/wordpress\/plugins\/seo\/ -->\n<title>Wassdesinfectiemiddel Maxi-formaat - Active Fresh - Sanytol<\/title>\n<meta name=\"robots\" content=\"index, follow, max-snippet:-1, max-image-preview:large, max-video-preview:-1\" \/>\n<link rel=\"canonical\" href=\"https:\/\/sanytol.be\/nl\/producten\/wassdesinfectiemiddel-maxi-formaat-active-fresh\/\" \/>\n<meta property=\"og:locale\" content=\"nl_NL\" \/>\n<meta property=\"og:type\" content=\"article\" \/>\n<meta property=\"og:title\" content=\"Wassdesinfectiemiddel Maxi-formaat - Active Fresh - Sanytol\" \/>\n<meta property=\"og:description\" content=\"Wassen op lage temperatuur verwijdert niet alle microben die verantwoordelijk zijn voor nare geurtjes, ziektes en huidirritaties. Voor een goede hygi\u00ebne is meer nodig dan gewoon wassen. Dankzij het desinfecterende wasmiddel Sanytol geniet u van hygi\u00ebnisch schone, aangenaam geurende was die lang fris blijft. De DRIEVOUDIGE werking elimineert 99,9 % van de bacteri\u00ebn, Candida albicans&hellip;\" \/>\n<meta property=\"og:url\" content=\"https:\/\/sanytol.be\/nl\/producten\/wassdesinfectiemiddel-maxi-formaat-active-fresh\/\" \/>\n<meta property=\"og:site_name\" content=\"Sanytol\" \/>\n<meta property=\"article:modified_time\" content=\"2025-10-10T06:23:21+00:00\" \/>\n<meta property=\"og:image\" content=\"https:\/\/sanytol.be\/nl\/wp-content\/uploads\/sites\/7\/2025\/10\/5831636240-DU-LINGE-Active-Fresh-1L-BE-3D-WEB.png\" \/>\n\t<meta property=\"og:image:width\" content=\"1000\" \/>\n\t<meta property=\"og:image:height\" content=\"1000\" \/>\n\t<meta property=\"og:image:type\" content=\"image\/png\" \/>\n<meta name=\"twitter:card\" content=\"summary_large_image\" \/>\n<meta name=\"twitter:label1\" content=\"Geschatte leestijd\" \/>\n\t<meta name=\"twitter:data1\" content=\"1 minuut\" \/>\n<script type=\"application\/ld+json\" class=\"yoast-schema-graph\">{\"@context\":\"https:\/\/schema.org\",\"@graph\":[{\"@type\":\"WebPage\",\"@id\":\"https:\/\/sanytol.be\/nl\/producten\/wassdesinfectiemiddel-maxi-formaat-active-fresh\/\",\"url\":\"https:\/\/sanytol.be\/nl\/producten\/wassdesinfectiemiddel-maxi-formaat-active-fresh\/\",\"name\":\"Wassdesinfectiemiddel Maxi-formaat - Active Fresh - Sanytol\",\"isPartOf\":{\"@id\":\"https:\/\/sanytol.be\/nl\/#website\"},\"datePublished\":\"2025-10-08T10:33:57+00:00\",\"dateModified\":\"2025-10-10T06:23:21+00:00\",\"breadcrumb\":{\"@id\":\"https:\/\/sanytol.be\/nl\/producten\/wassdesinfectiemiddel-maxi-formaat-active-fresh\/#breadcrumb\"},\"inLanguage\":\"nl-NL\",\"potentialAction\":[{\"@type\":\"ReadAction\",\"target\":[\"https:\/\/sanytol.be\/nl\/producten\/wassdesinfectiemiddel-maxi-formaat-active-fresh\/\"]}]},{\"@type\":\"BreadcrumbList\",\"@id\":\"https:\/\/sanytol.be\/nl\/producten\/wassdesinfectiemiddel-maxi-formaat-active-fresh\/#breadcrumb\",\"itemListElement\":[{\"@type\":\"ListItem\",\"position\":1,\"name\":\"Home\",\"item\":\"https:\/\/sanytol.be\/nl\/\"},{\"@type\":\"ListItem\",\"position\":2,\"name\":\"Producten\",\"item\":\"https:\/\/sanytol.be\/nl\/producten\/\"},{\"@type\":\"ListItem\",\"position\":3,\"name\":\"Wassdesinfectiemiddel Maxi-formaat &#8211; Active Fresh\"}]},{\"@type\":\"WebSite\",\"@id\":\"https:\/\/sanytol.be\/nl\/#website\",\"url\":\"https:\/\/sanytol.be\/nl\/\",\"name\":\"Sanytol\",\"description\":\"\",\"potentialAction\":[{\"@type\":\"SearchAction\",\"target\":{\"@type\":\"EntryPoint\",\"urlTemplate\":\"https:\/\/sanytol.be\/nl\/?s={search_term_string}\"},\"query-input\":\"required name=search_term_string\"}],\"inLanguage\":\"nl-NL\"}]}<\/script>\n<!-- \/ Yoast SEO plugin. -->","yoast_head_json":{"title":"Wassdesinfectiemiddel Maxi-formaat - Active Fresh - Sanytol","robots":{"index":"index","follow":"follow","max-snippet":"max-snippet:-1","max-image-preview":"max-image-preview:large","max-video-preview":"max-video-preview:-1"},"canonical":"https:\/\/sanytol.be\/nl\/producten\/wassdesinfectiemiddel-maxi-formaat-active-fresh\/","og_locale":"nl_NL","og_type":"article","og_title":"Wassdesinfectiemiddel Maxi-formaat - Active Fresh - Sanytol","og_description":"Wassen op lage temperatuur verwijdert niet alle microben die verantwoordelijk zijn voor nare geurtjes, ziektes en huidirritaties. Voor een goede hygi\u00ebne is meer nodig dan gewoon wassen. Dankzij het desinfecterende wasmiddel Sanytol geniet u van hygi\u00ebnisch schone, aangenaam geurende was die lang fris blijft. De DRIEVOUDIGE werking elimineert 99,9 % van de bacteri\u00ebn, Candida albicans&hellip;","og_url":"https:\/\/sanytol.be\/nl\/producten\/wassdesinfectiemiddel-maxi-formaat-active-fresh\/","og_site_name":"Sanytol","article_modified_time":"2025-10-10T06:23:21+00:00","og_image":[{"width":1000,"height":1000,"url":"https:\/\/sanytol.be\/nl\/wp-content\/uploads\/sites\/7\/2025\/10\/5831636240-DU-LINGE-Active-Fresh-1L-BE-3D-WEB.png","type":"image\/png"}],"twitter_card":"summary_large_image","twitter_misc":{"Geschatte leestijd":"1 minuut"},"schema":{"@context":"https:\/\/schema.org","@graph":[{"@type":"WebPage","@id":"https:\/\/sanytol.be\/nl\/producten\/wassdesinfectiemiddel-maxi-formaat-active-fresh\/","url":"https:\/\/sanytol.be\/nl\/producten\/wassdesinfectiemiddel-maxi-formaat-active-fresh\/","name":"Wassdesinfectiemiddel Maxi-formaat - Active Fresh - Sanytol","isPartOf":{"@id":"https:\/\/sanytol.be\/nl\/#website"},"datePublished":"2025-10-08T10:33:57+00:00","dateModified":"2025-10-10T06:23:21+00:00","breadcrumb":{"@id":"https:\/\/sanytol.be\/nl\/producten\/wassdesinfectiemiddel-maxi-formaat-active-fresh\/#breadcrumb"},"inLanguage":"nl-NL","potentialAction":[{"@type":"ReadAction","target":["https:\/\/sanytol.be\/nl\/producten\/wassdesinfectiemiddel-maxi-formaat-active-fresh\/"]}]},{"@type":"BreadcrumbList","@id":"https:\/\/sanytol.be\/nl\/producten\/wassdesinfectiemiddel-maxi-formaat-active-fresh\/#breadcrumb","itemListElement":[{"@type":"ListItem","position":1,"name":"Home","item":"https:\/\/sanytol.be\/nl\/"},{"@type":"ListItem","position":2,"name":"Producten","item":"https:\/\/sanytol.be\/nl\/producten\/"},{"@type":"ListItem","position":3,"name":"Wassdesinfectiemiddel Maxi-formaat &#8211; Active Fresh"}]},{"@type":"WebSite","@id":"https:\/\/sanytol.be\/nl\/#website","url":"https:\/\/sanytol.be\/nl\/","name":"Sanytol","description":"","potentialAction":[{"@type":"SearchAction","target":{"@type":"EntryPoint","urlTemplate":"https:\/\/sanytol.be\/nl\/?s={search_term_string}"},"query-input":"required name=search_term_string"}],"inLanguage":"nl-NL"}]}},"_links":{"self":[{"href":"https:\/\/sanytol.be\/nl\/wp-json\/wp\/v2\/product\/8855"}],"collection":[{"href":"https:\/\/sanytol.be\/nl\/wp-json\/wp\/v2\/product"}],"about":[{"href":"https:\/\/sanytol.be\/nl\/wp-json\/wp\/v2\/types\/product"}],"replies":[{"embeddable":true,"href":"https:\/\/sanytol.be\/nl\/wp-json\/wp\/v2\/comments?post=8855"}],"wp:featuredmedia":[{"embeddable":true,"href":"https:\/\/sanytol.be\/nl\/wp-json\/wp\/v2\/media\/8856"}],"wp:attachment":[{"href":"https:\/\/sanytol.be\/nl\/wp-json\/wp\/v2\/media?parent=8855"}],"wp:term":[{"taxonomy":"product_cat","embeddable":true,"href":"https:\/\/sanytol.be\/nl\/wp-json\/wp\/v2\/product_cat?post=8855"}],"curies":[{"name":"wp","href":"https:\/\/api.w.org\/{rel}","templated":true}]}}